{"id":27804,"date":"2023-12-09T17:53:33","date_gmt":"2023-12-09T16:53:33","guid":{"rendered":"https:\/\/hallodeutschschule.ch\/?page_id=27804"},"modified":"2025-03-04T11:11:45","modified_gmt":"2025-03-04T10:11:45","slug":"preparation-telc-c1-examen","status":"publish","type":"page","link":"https:\/\/hallodeutschschule.ch\/fr\/telc-vorbereitungskurs-c1\/","title":{"rendered":"Telc Vorbereitungskurs C1"},"content":{"rendered":"<div data-elementor-type=\"wp-page\" data-elementor-id=\"27804\" class=\"elementor elementor-27804\" data-elementor-post-type=\"page\">\n\t\t\t\t\t\t<section class=\"elementor-section elementor-top-section elementor-element elementor-element-262ee04 elementor-section-boxed elementor-section-height-default elementor-section-height-default\" data-id=\"262ee04\" data-element_type=\"section\" data-e-type=\"section\">\n\t\t\t\t\t\t<div class=\"elementor-container elementor-column-gap-default\">\n\t\t\t\t\t<div class=\"elementor-column elementor-col-50 elementor-top-column elementor-element elementor-element-01e3884\" data-id=\"01e3884\" data-element_type=\"column\" data-e-type=\"column\">\n\t\t\t<div class=\"elementor-widget-wrap elementor-element-populated\">\n\t\t\t\t\t\t<section class=\"elementor-section elementor-inner-section elementor-element elementor-element-786827a elementor-section-boxed elementor-section-height-default elementor-section-height-default\" data-id=\"786827a\" data-element_type=\"section\" data-e-type=\"section\" id=\"boxcourses\">\n\t\t\t\t\t\t<div class=\"elementor-container elementor-column-gap-default\">\n\t\t\t\t\t<div class=\"elementor-column elementor-col-100 elementor-inner-column elementor-element elementor-element-5d7d7ca\" data-id=\"5d7d7ca\" data-element_type=\"column\" data-e-type=\"column\" data-settings=\"{&quot;background_background&quot;:&quot;classic&quot;}\">\n\t\t\t<div class=\"elementor-widget-wrap elementor-element-populated\">\n\t\t\t\t\t<div class=\"elementor-background-overlay\"><\/div>\n\t\t\t\t\t\t<div class=\"elementor-element elementor-element-6202728 elementor-widget elementor-widget-heading\" data-id=\"6202728\" data-element_type=\"widget\" data-e-type=\"widget\" data-widget_type=\"heading.default\">\n\t\t\t\t<div class=\"elementor-widget-container\">\n\t\t\t\t\t<h1 class=\"elementor-heading-title elementor-size-default\">Cours d'allemand<\/h1>\t\t\t\t<\/div>\n\t\t\t\t<\/div>\n\t\t\t\t<div class=\"elementor-element elementor-element-9087bf5 elementor-widget elementor-widget-heading\" data-id=\"9087bf5\" data-element_type=\"widget\" data-e-type=\"widget\" data-widget_type=\"heading.default\">\n\t\t\t\t<div class=\"elementor-widget-container\">\n\t\t\t\t\t<h3 class=\"elementor-heading-title elementor-size-default\">Choisissez le cours qui vous convient.<\/h3>\t\t\t\t<\/div>\n\t\t\t\t<\/div>\n\t\t\t\t<div class=\"elementor-element elementor-element-5af1fb5 elementor-nav-menu__align-start elementor-nav-menu--dropdown-none elementor-widget elementor-widget-nav-menu\" data-id=\"5af1fb5\" data-element_type=\"widget\" data-e-type=\"widget\" id=\"courses\" data-settings=\"{&quot;layout&quot;:&quot;horizontal&quot;,&quot;submenu_icon&quot;:{&quot;value&quot;:&quot;&lt;i class=\\&quot;fas fa-caret-down\\&quot; aria-hidden=\\&quot;true\\&quot;&gt;&lt;\\\/i&gt;&quot;,&quot;library&quot;:&quot;fa-solid&quot;}}\" data-widget_type=\"nav-menu.default\">\n\t\t\t\t<div class=\"elementor-widget-container\">\n\t\t\t\t\t\t\t\t<nav aria-label=\"Menu\" class=\"elementor-nav-menu--main elementor-nav-menu__container elementor-nav-menu--layout-horizontal e--pointer-none\">\n\t\t\t\t<ul id=\"menu-1-5af1fb5\" class=\"elementor-nav-menu\"><li class=\"menu-item menu-item-type-post_type menu-item-object-page menu-item-has-children menu-item-27499\"><a href=\"https:\/\/hallodeutschschule.ch\/fr\/telc-pruefungsvorbereitung-b1\/\" class=\"elementor-item\">Cours de pr\u00e9paration telc<\/a>\n<ul class=\"sub-menu elementor-nav-menu--dropdown\">\n\t<li class=\"menu-item menu-item-type-post_type menu-item-object-page menu-item-27473\"><a href=\"https:\/\/hallodeutschschule.ch\/fr\/deutschkurs-a1-1-zurich\/\" class=\"elementor-sub-item\">Intensif<\/a><\/li>\n\t<li class=\"menu-item menu-item-type-post_type menu-item-object-page menu-item-27474\"><a href=\"https:\/\/hallodeutschschule.ch\/fr\/deutschkurs-semi-intensiv-a1-1\/\" class=\"elementor-sub-item\">Semi-intensif<\/a><\/li>\n\t<li class=\"menu-item menu-item-type-post_type menu-item-object-page menu-item-27475\"><a href=\"https:\/\/hallodeutschschule.ch\/fr\/deutschkurs-samstag-zurich\/\" class=\"elementor-sub-item\">Samedi<\/a><\/li>\n\t<li class=\"menu-item menu-item-type-post_type menu-item-object-page menu-item-27477\"><a href=\"https:\/\/hallodeutschschule.ch\/fr\/privatstunden\/\" class=\"elementor-sub-item\">Cours Priv\u00e9s<\/a><\/li>\n<\/ul>\n<\/li>\n<\/ul>\t\t\t<\/nav>\n\t\t\t\t\t\t<nav class=\"elementor-nav-menu--dropdown elementor-nav-menu__container\" aria-hidden=\"true\">\n\t\t\t\t<ul id=\"menu-2-5af1fb5\" class=\"elementor-nav-menu\"><li class=\"menu-item menu-item-type-post_type menu-item-object-page menu-item-has-children menu-item-27499\"><a href=\"https:\/\/hallodeutschschule.ch\/fr\/telc-pruefungsvorbereitung-b1\/\" class=\"elementor-item\" tabindex=\"-1\">Cours de pr\u00e9paration telc<\/a>\n<ul class=\"sub-menu elementor-nav-menu--dropdown\">\n\t<li class=\"menu-item menu-item-type-post_type menu-item-object-page menu-item-27473\"><a href=\"https:\/\/hallodeutschschule.ch\/fr\/deutschkurs-a1-1-zurich\/\" class=\"elementor-sub-item\" tabindex=\"-1\">Intensif<\/a><\/li>\n\t<li class=\"menu-item menu-item-type-post_type menu-item-object-page menu-item-27474\"><a href=\"https:\/\/hallodeutschschule.ch\/fr\/deutschkurs-semi-intensiv-a1-1\/\" class=\"elementor-sub-item\" tabindex=\"-1\">Semi-intensif<\/a><\/li>\n\t<li class=\"menu-item menu-item-type-post_type menu-item-object-page menu-item-27475\"><a href=\"https:\/\/hallodeutschschule.ch\/fr\/deutschkurs-samstag-zurich\/\" class=\"elementor-sub-item\" tabindex=\"-1\">Samedi<\/a><\/li>\n\t<li class=\"menu-item menu-item-type-post_type menu-item-object-page menu-item-27477\"><a href=\"https:\/\/hallodeutschschule.ch\/fr\/privatstunden\/\" class=\"elementor-sub-item\" tabindex=\"-1\">Cours Priv\u00e9s<\/a><\/li>\n<\/ul>\n<\/li>\n<\/ul>\t\t\t<\/nav>\n\t\t\t\t\t\t<\/div>\n\t\t\t\t<\/div>\n\t\t\t\t<div class=\"elementor-element elementor-element-22c3b7d elementor-nav-menu__align-start elementor-nav-menu--dropdown-none elementor-widget elementor-widget-nav-menu\" data-id=\"22c3b7d\" data-element_type=\"widget\" data-e-type=\"widget\" id=\"classesH\" data-settings=\"{&quot;layout&quot;:&quot;horizontal&quot;,&quot;submenu_icon&quot;:{&quot;value&quot;:&quot;&lt;i class=\\&quot;fas fa-caret-down\\&quot; aria-hidden=\\&quot;true\\&quot;&gt;&lt;\\\/i&gt;&quot;,&quot;library&quot;:&quot;fa-solid&quot;}}\" data-widget_type=\"nav-menu.default\">\n\t\t\t\t<div class=\"elementor-widget-container\">\n\t\t\t\t\t\t\t\t<nav aria-label=\"Menu\" class=\"elementor-nav-menu--main elementor-nav-menu__container elementor-nav-menu--layout-horizontal e--pointer-none\">\n\t\t\t\t<ul id=\"menu-1-22c3b7d\" class=\"elementor-nav-menu\"><li class=\"menu-item menu-item-type-post_type menu-item-object-page menu-item-has-children menu-item-27853\"><a href=\"https:\/\/hallodeutschschule.ch\/fr\/telc-vorbereitungskurs-c1\/\" class=\"elementor-item\">C1<\/a>\n<ul class=\"sub-menu elementor-nav-menu--dropdown\">\n\t<li class=\"menu-item menu-item-type-post_type menu-item-object-page menu-item-27852\"><a href=\"https:\/\/hallodeutschschule.ch\/fr\/telc-pruefungsvorbereitung-b1\/\" class=\"elementor-sub-item\">B1<\/a><\/li>\n\t<li class=\"menu-item menu-item-type-post_type menu-item-object-page menu-item-27851\"><a href=\"https:\/\/hallodeutschschule.ch\/fr\/telc-vorbereitungskurs-b2\/\" class=\"elementor-sub-item\">B2<\/a><\/li>\n<\/ul>\n<\/li>\n<\/ul>\t\t\t<\/nav>\n\t\t\t\t\t\t<nav class=\"elementor-nav-menu--dropdown elementor-nav-menu__container\" aria-hidden=\"true\">\n\t\t\t\t<ul id=\"menu-2-22c3b7d\" class=\"elementor-nav-menu\"><li class=\"menu-item menu-item-type-post_type menu-item-object-page menu-item-has-children menu-item-27853\"><a href=\"https:\/\/hallodeutschschule.ch\/fr\/telc-vorbereitungskurs-c1\/\" class=\"elementor-item\" tabindex=\"-1\">C1<\/a>\n<ul class=\"sub-menu elementor-nav-menu--dropdown\">\n\t<li class=\"menu-item menu-item-type-post_type menu-item-object-page menu-item-27852\"><a href=\"https:\/\/hallodeutschschule.ch\/fr\/telc-pruefungsvorbereitung-b1\/\" class=\"elementor-sub-item\" tabindex=\"-1\">B1<\/a><\/li>\n\t<li class=\"menu-item menu-item-type-post_type menu-item-object-page menu-item-27851\"><a href=\"https:\/\/hallodeutschschule.ch\/fr\/telc-vorbereitungskurs-b2\/\" class=\"elementor-sub-item\" tabindex=\"-1\">B2<\/a><\/li>\n<\/ul>\n<\/li>\n<\/ul>\t\t\t<\/nav>\n\t\t\t\t\t\t<\/div>\n\t\t\t\t<\/div>\n\t\t\t\t\t<\/div>\n\t\t<\/div>\n\t\t\t\t\t<\/div>\n\t\t<\/section>\n\t\t\t\t<div class=\"elementor-element elementor-element-5474004 elementor-widget-mobile__width-initial elementor-widget elementor-widget-text-editor\" data-id=\"5474004\" data-element_type=\"widget\" data-e-type=\"widget\" data-widget_type=\"text-editor.default\">\n\t\t\t\t<div class=\"elementor-widget-container\">\n\t\t\t\t\t\t\t\t\t<p>telc Cours de pr\u00e9paration C1<\/p>\t\t\t\t\t\t\t\t<\/div>\n\t\t\t\t<\/div>\n\t\t\t\t<div class=\"elementor-element elementor-element-baee28c elementor-widget elementor-widget-text-editor\" data-id=\"baee28c\" data-element_type=\"widget\" data-e-type=\"widget\" data-widget_type=\"text-editor.default\">\n\t\t\t\t<div class=\"elementor-widget-container\">\n\t\t\t\t\t\t\t\t\t<p><span class=\"preis\">580 Fr. par mois<\/span><\/p>\t\t\t\t\t\t\t\t<\/div>\n\t\t\t\t<\/div>\n\t\t\t\t<section class=\"elementor-section elementor-inner-section elementor-element elementor-element-ca16230 elementor-section-boxed elementor-section-height-default elementor-section-height-default\" data-id=\"ca16230\" data-element_type=\"section\" data-e-type=\"section\">\n\t\t\t\t\t\t<div class=\"elementor-container elementor-column-gap-no\">\n\t\t\t\t\t<div class=\"elementor-column elementor-col-33 elementor-inner-column elementor-element elementor-element-e4442ee\" data-id=\"e4442ee\" data-element_type=\"column\" data-e-type=\"column\">\n\t\t\t<div class=\"elementor-widget-wrap elementor-element-populated\">\n\t\t\t\t\t\t<div class=\"elementor-element elementor-element-f621ead elementor-widget elementor-widget-text-editor\" data-id=\"f621ead\" data-element_type=\"widget\" data-e-type=\"widget\" data-widget_type=\"text-editor.default\">\n\t\t\t\t<div class=\"elementor-widget-container\">\n\t\t\t\t\t\t\t\t\t<table class=\"table_Hr\" width=\"500\">\n<tbody>\n<tr>\n<th class=\"HrL\">Lun-Ven*<\/th>\n<th class=\"HrR\">P\u00e9riode<\/th>\n<\/tr>\n<tr>\n<td class=\"TtL\">13.30 - 15.30<\/td>\n<td class=\"TtR\">10.06.2025 \u2014 04.07.2025<\/td>\n<\/tr>\n<\/tbody>\n<\/table>\t\t\t\t\t\t\t\t<\/div>\n\t\t\t\t<\/div>\n\t\t\t\t\t<\/div>\n\t\t<\/div>\n\t\t\t\t<div class=\"elementor-column elementor-col-33 elementor-inner-column elementor-element elementor-element-972c6b9\" data-id=\"972c6b9\" data-element_type=\"column\" data-e-type=\"column\" data-settings=\"{&quot;background_background&quot;:&quot;classic&quot;}\">\n\t\t\t<div class=\"elementor-widget-wrap elementor-element-populated\">\n\t\t\t\t\t\t<div class=\"elementor-element elementor-element-aae55bc kursPA elementor-widget elementor-widget-text-editor\" data-id=\"aae55bc\" data-element_type=\"widget\" data-e-type=\"widget\" data-widget_type=\"text-editor.default\">\n\t\t\t\t<div class=\"elementor-widget-container\">\n\t\t\t\t\t\t\t\t\t<a href=\"https:\/\/hallodeutschschule.ch\/fr\/kursplatz-telc-c1-b\/\">R\u00e9serve prix Lieu<\/a>\t\t\t\t\t\t\t\t<\/div>\n\t\t\t\t<\/div>\n\t\t\t\t\t<\/div>\n\t\t<\/div>\n\t\t\t\t<div class=\"elementor-column elementor-col-33 elementor-inner-column elementor-element elementor-element-b8c0367\" data-id=\"b8c0367\" data-element_type=\"column\" data-e-type=\"column\">\n\t\t\t<div class=\"elementor-widget-wrap\">\n\t\t\t\t\t\t\t<\/div>\n\t\t<\/div>\n\t\t\t\t\t<\/div>\n\t\t<\/section>\n\t\t\t\t<section class=\"elementor-section elementor-inner-section elementor-element elementor-element-be319bd elementor-section-boxed elementor-section-height-default elementor-section-height-default\" data-id=\"be319bd\" data-element_type=\"section\" data-e-type=\"section\">\n\t\t\t\t\t\t<div class=\"elementor-container elementor-column-gap-no\">\n\t\t\t\t\t<div class=\"elementor-column elementor-col-33 elementor-inner-column elementor-element elementor-element-99916ed\" data-id=\"99916ed\" data-element_type=\"column\" data-e-type=\"column\">\n\t\t\t<div class=\"elementor-widget-wrap elementor-element-populated\">\n\t\t\t\t\t\t<div class=\"elementor-element elementor-element-ab3d9b8 elementor-widget elementor-widget-text-editor\" data-id=\"ab3d9b8\" data-element_type=\"widget\" data-e-type=\"widget\" data-widget_type=\"text-editor.default\">\n\t\t\t\t<div class=\"elementor-widget-container\">\n\t\t\t\t\t\t\t\t\t<table class=\"table_Hr\" width=\"500\">\n<tbody>\n<tr>\n<th class=\"HrL\">Lun-Ven*<\/th>\n<th class=\"HrR\">P\u00e9riode<\/th>\n<\/tr>\n<tr>\n<td class=\"TtL\">13.30 - 15.30<\/td>\n<td class=\"TtR\">29.09.2025 \u2014 24.10.2025<\/td>\n<\/tr>\n<\/tbody>\n<\/table>\t\t\t\t\t\t\t\t<\/div>\n\t\t\t\t<\/div>\n\t\t\t\t\t<\/div>\n\t\t<\/div>\n\t\t\t\t<div class=\"elementor-column elementor-col-33 elementor-inner-column elementor-element elementor-element-44f2ca8\" data-id=\"44f2ca8\" data-element_type=\"column\" data-e-type=\"column\" data-settings=\"{&quot;background_background&quot;:&quot;classic&quot;}\">\n\t\t\t<div class=\"elementor-widget-wrap elementor-element-populated\">\n\t\t\t\t\t\t<div class=\"elementor-element elementor-element-d863e27 kursPA elementor-widget elementor-widget-text-editor\" data-id=\"d863e27\" data-element_type=\"widget\" data-e-type=\"widget\" data-widget_type=\"text-editor.default\">\n\t\t\t\t<div class=\"elementor-widget-container\">\n\t\t\t\t\t\t\t\t\t<a href=\"https:\/\/hallodeutschschule.ch\/fr\/kursplatz-telc-c1-c\/\">R\u00e9serve prix Lieu<\/a>\t\t\t\t\t\t\t\t<\/div>\n\t\t\t\t<\/div>\n\t\t\t\t\t<\/div>\n\t\t<\/div>\n\t\t\t\t<div class=\"elementor-column elementor-col-33 elementor-inner-column elementor-element elementor-element-2f4a17d\" data-id=\"2f4a17d\" data-element_type=\"column\" data-e-type=\"column\">\n\t\t\t<div class=\"elementor-widget-wrap\">\n\t\t\t\t\t\t\t<\/div>\n\t\t<\/div>\n\t\t\t\t\t<\/div>\n\t\t<\/section>\n\t\t\t\t<section class=\"elementor-section elementor-inner-section elementor-element elementor-element-03938cd elementor-hidden-widescreen elementor-hidden-desktop elementor-hidden-laptop elementor-hidden-tablet_extra elementor-hidden-tablet elementor-hidden-mobile_extra elementor-hidden-mobile elementor-section-boxed elementor-section-height-default elementor-section-height-default\" data-id=\"03938cd\" data-element_type=\"section\" data-e-type=\"section\">\n\t\t\t\t\t\t<div class=\"elementor-container elementor-column-gap-no\">\n\t\t\t\t\t<div class=\"elementor-column elementor-col-33 elementor-inner-column elementor-element elementor-element-7efed50\" data-id=\"7efed50\" data-element_type=\"column\" data-e-type=\"column\">\n\t\t\t<div class=\"elementor-widget-wrap elementor-element-populated\">\n\t\t\t\t\t\t<div class=\"elementor-element elementor-element-5942fc4 elementor-widget elementor-widget-text-editor\" data-id=\"5942fc4\" data-element_type=\"widget\" data-e-type=\"widget\" data-widget_type=\"text-editor.default\">\n\t\t\t\t<div class=\"elementor-widget-container\">\n\t\t\t\t\t\t\t\t\t<table class=\"table_Hr\" width=\"500\">\n<tbody>\n<tr>\n<th class=\"HrL\">Lun-Ven*<\/th>\n<th class=\"HrR\">P\u00e9riode<\/th>\n<\/tr>\n<tr>\n<td class=\"TtL\">13.30 - 15.30<\/td>\n<td class=\"TtR\">17.02.2025 \u2014 14.03.2025<\/td>\n<\/tr>\n<\/tbody>\n<\/table>\t\t\t\t\t\t\t\t<\/div>\n\t\t\t\t<\/div>\n\t\t\t\t\t<\/div>\n\t\t<\/div>\n\t\t\t\t<div class=\"elementor-column elementor-col-33 elementor-inner-column elementor-element elementor-element-4bc5fcd\" data-id=\"4bc5fcd\" data-element_type=\"column\" data-e-type=\"column\" data-settings=\"{&quot;background_background&quot;:&quot;classic&quot;}\">\n\t\t\t<div class=\"elementor-widget-wrap elementor-element-populated\">\n\t\t\t\t\t\t<div class=\"elementor-element elementor-element-b071db4 kursPA elementor-widget elementor-widget-text-editor\" data-id=\"b071db4\" data-element_type=\"widget\" data-e-type=\"widget\" data-widget_type=\"text-editor.default\">\n\t\t\t\t<div class=\"elementor-widget-container\">\n\t\t\t\t\t\t\t\t\t<a href=\"https:\/\/hallodeutschschule.ch\/fr\/kursplatz-telc-c1-a\/\">R\u00e9serve prix Lieu<\/a>\t\t\t\t\t\t\t\t<\/div>\n\t\t\t\t<\/div>\n\t\t\t\t\t<\/div>\n\t\t<\/div>\n\t\t\t\t<div class=\"elementor-column elementor-col-33 elementor-inner-column elementor-element elementor-element-724faf1\" data-id=\"724faf1\" data-element_type=\"column\" data-e-type=\"column\">\n\t\t\t<div class=\"elementor-widget-wrap\">\n\t\t\t\t\t\t\t<\/div>\n\t\t<\/div>\n\t\t\t\t\t<\/div>\n\t\t<\/section>\n\t\t\t\t<div class=\"elementor-element elementor-element-0a86b74 elementor-widget elementor-widget-text-editor\" data-id=\"0a86b74\" data-element_type=\"widget\" data-e-type=\"widget\" data-widget_type=\"text-editor.default\">\n\t\t\t\t<div class=\"elementor-widget-container\">\n\t\t\t\t\t\t\t\t\t<p>Pour toute information sur les journ\u00e9es de cours ou pour toute demande, veuillez nous contacter par t\u00e9l\u00e9phone ou par e-mail.<\/p>\t\t\t\t\t\t\t\t<\/div>\n\t\t\t\t<\/div>\n\t\t\t\t<div class=\"elementor-element elementor-element-1897b60 elementor-widget elementor-widget-text-editor\" data-id=\"1897b60\" data-element_type=\"widget\" data-e-type=\"widget\" data-widget_type=\"text-editor.default\">\n\t\t\t\t<div class=\"elementor-widget-container\">\n\t\t\t\t\t\t\t\t\t<p>A partir de 6 \u00e9l\u00e8ves, les cours de pr\u00e9paration au telc sont organis\u00e9s.<\/p>\t\t\t\t\t\t\t\t<\/div>\n\t\t\t\t<\/div>\n\t\t\t\t<div class=\"elementor-element elementor-element-384f356 elementor-icon-list--layout-inline elementor-align-start elementor-list-item-link-full_width elementor-widget elementor-widget-icon-list\" data-id=\"384f356\" data-element_type=\"widget\" data-e-type=\"widget\" data-widget_type=\"icon-list.default\">\n\t\t\t\t<div class=\"elementor-widget-container\">\n\t\t\t\t\t\t\t<ul class=\"elementor-icon-list-items elementor-inline-items\">\n\t\t\t\t\t\t\t<li class=\"elementor-icon-list-item elementor-inline-item\">\n\t\t\t\t\t\t\t\t\t\t<span class=\"elementor-icon-list-text\">044 211 66 55<\/span>\n\t\t\t\t\t\t\t\t\t<\/li>\n\t\t\t\t\t\t\t\t<li class=\"elementor-icon-list-item elementor-inline-item\">\n\t\t\t\t\t\t\t\t\t\t\t<a href=\"https:\/\/hallodeutschschule.ch\/fr\/contact\/\" target=\"_self\">\n\n\t\t\t\t\t\t\t\t\t\t\t<span class=\"elementor-icon-list-text\">Contact<\/span>\n\t\t\t\t\t\t\t\t\t\t\t<\/a>\n\t\t\t\t\t\t\t\t\t<\/li>\n\t\t\t\t\t\t<\/ul>\n\t\t\t\t\t\t<\/div>\n\t\t\t\t<\/div>\n\t\t\t\t<section class=\"elementor-section elementor-inner-section elementor-element elementor-element-610fb8f elementor-section-boxed elementor-section-height-default elementor-section-height-default\" data-id=\"610fb8f\" data-element_type=\"section\" data-e-type=\"section\">\n\t\t\t\t\t\t<div class=\"elementor-container elementor-column-gap-default\">\n\t\t\t\t\t<div class=\"elementor-column elementor-col-100 elementor-inner-column elementor-element elementor-element-7f8b0ef\" data-id=\"7f8b0ef\" data-element_type=\"column\" data-e-type=\"column\">\n\t\t\t<div class=\"elementor-widget-wrap elementor-element-populated\">\n\t\t\t\t\t\t<div class=\"elementor-element elementor-element-98dd72b elementor-widget elementor-widget-text-editor\" data-id=\"98dd72b\" data-element_type=\"widget\" data-e-type=\"widget\" id=\"tablePr\" data-widget_type=\"text-editor.default\">\n\t\t\t\t<div class=\"elementor-widget-container\">\n\t\t\t\t\t\t\t\t\t<table>\n<tbody>\n<tr>\n<td>Prix du cours pr\u00e9paratoire telc :<\/td>\n<td>1 mois : 580 Fr.<\/td>\n<\/tr>\n<\/tbody>\n<\/table>\t\t\t\t\t\t\t\t<\/div>\n\t\t\t\t<\/div>\n\t\t\t\t\t<\/div>\n\t\t<\/div>\n\t\t\t\t\t<\/div>\n\t\t<\/section>\n\t\t\t\t\t<\/div>\n\t\t<\/div>\n\t\t\t\t<div class=\"elementor-column elementor-col-50 elementor-top-column elementor-element elementor-element-494d48d\" data-id=\"494d48d\" data-element_type=\"column\" data-e-type=\"column\">\n\t\t\t<div class=\"elementor-widget-wrap elementor-element-populated\">\n\t\t\t\t\t\t<div class=\"elementor-element elementor-element-6f637dc elementor-widget elementor-widget-image\" data-id=\"6f637dc\" data-element_type=\"widget\" data-e-type=\"widget\" data-widget_type=\"image.default\">\n\t\t\t\t<div class=\"elementor-widget-container\">\n\t\t\t\t\t\t\t\t\t\t\t\t\t\t\t<img fetchpriority=\"high\" decoding=\"async\" width=\"1787\" height=\"1500\" src=\"https:\/\/hallodeutschschule.ch\/wp-content\/uploads\/telclogo_de.png\" class=\"attachment-large size-large wp-image-2172\" alt=\"\" srcset=\"https:\/\/hallodeutschschule.ch\/wp-content\/uploads\/telclogo_de.png 1787w, https:\/\/hallodeutschschule.ch\/wp-content\/uploads\/telclogo_de-768x645.png 768w, https:\/\/hallodeutschschule.ch\/wp-content\/uploads\/telclogo_de-1536x1289.png 1536w, https:\/\/hallodeutschschule.ch\/wp-content\/uploads\/telclogo_de-14x12.png 14w\" sizes=\"(max-width: 1787px) 100vw, 1787px\" \/>\t\t\t\t\t\t\t\t\t\t\t\t\t\t\t<\/div>\n\t\t\t\t<\/div>\n\t\t\t\t<div class=\"elementor-element elementor-element-fe27533 elementor-widget elementor-widget-text-editor\" data-id=\"fe27533\" data-element_type=\"widget\" data-e-type=\"widget\" data-widget_type=\"text-editor.default\">\n\t\t\t\t<div class=\"elementor-widget-container\">\n\t\t\t\t\t\t\t\t\t<p>Que sont les certificats telc ?<\/p>\t\t\t\t\t\t\t\t<\/div>\n\t\t\t\t<\/div>\n\t\t\t\t<div class=\"elementor-element elementor-element-5567327 elementor-widget elementor-widget-text-editor\" data-id=\"5567327\" data-element_type=\"widget\" data-e-type=\"widget\" data-widget_type=\"text-editor.default\">\n\t\t\t\t<div class=\"elementor-widget-container\">\n\t\t\t\t\t\t\t\t\tEn Suisse, les certificats telc sont reconnus, selon les cantons, pour la naturalisation ou l'embauche dans le secteur public.<br><br>\n\nUne enqu\u00eate de la fondation Warentest le confirme : Les chefs du personnel connaissent les certificats telc et les consid\u00e8rent comme une condition pr\u00e9alable ou un plus pour une candidature.\t\t\t\t\t\t\t\t<\/div>\n\t\t\t\t<\/div>\n\t\t\t\t\t<\/div>\n\t\t<\/div>\n\t\t\t\t\t<\/div>\n\t\t<\/section>\n\t\t\t\t<\/div>","protected":false},"excerpt":{"rendered":"<p>Deutschkurse W\u00e4hlen Sie Ihre Kursform und Ihr Niveau. telc Vorbereitungskurs C1 580 Fr. pro Monat T\u00e4glich, Mo-Fr* Kursdauer 13:30 &#8211;\u00a015:30 Uhr 10.06.2025 \u2014 04.07.2025 Kursplatz anfragen T\u00e4glich, Mo-Fr* Kursdauer 13:30 &#8211;\u00a015:30 Uhr 29.09.2025 \u2014 24.10.2025 Kursplatz anfragen T\u00e4glich, Mo-Fr* Kursdauer 13:30 &#8211;\u00a015:30 Uhr 17.02.2025 \u2014 14.03.2025 Kursplatz anfragen F\u00fcr Informationen zu den Kurstagen oder Anfragen [&hellip;]<\/p>\n","protected":false},"author":2,"featured_media":0,"parent":0,"menu_order":225,"comment_status":"closed","ping_status":"closed","template":"","meta":{"footnotes":""},"class_list":["post-27804","page","type-page","status-publish","hentry"],"_links":{"self":[{"href":"https:\/\/hallodeutschschule.ch\/fr\/wp-json\/wp\/v2\/pages\/27804","targetHints":{"allow":["GET"]}}],"collection":[{"href":"https:\/\/hallodeutschschule.ch\/fr\/wp-json\/wp\/v2\/pages"}],"about":[{"href":"https:\/\/hallodeutschschule.ch\/fr\/wp-json\/wp\/v2\/types\/page"}],"author":[{"embeddable":true,"href":"https:\/\/hallodeutschschule.ch\/fr\/wp-json\/wp\/v2\/users\/2"}],"replies":[{"embeddable":true,"href":"https:\/\/hallodeutschschule.ch\/fr\/wp-json\/wp\/v2\/comments?post=27804"}],"version-history":[{"count":43,"href":"https:\/\/hallodeutschschule.ch\/fr\/wp-json\/wp\/v2\/pages\/27804\/revisions"}],"predecessor-version":[{"id":36713,"href":"https:\/\/hallodeutschschule.ch\/fr\/wp-json\/wp\/v2\/pages\/27804\/revisions\/36713"}],"wp:attachment":[{"href":"https:\/\/hallodeutschschule.ch\/fr\/wp-json\/wp\/v2\/media?parent=27804"}],"curies":[{"name":"wp","href":"https:\/\/api.w.org\/{rel}","templated":true}]}}