{"id":29,"date":"2022-09-05T09:22:53","date_gmt":"2022-09-05T07:22:53","guid":{"rendered":"http:\/\/34.65.144.49.nip.io\/?page_id=29"},"modified":"2023-12-09T19:03:23","modified_gmt":"2023-12-09T18:03:23","slug":"certificat-allemand-zurich","status":"publish","type":"page","link":"https:\/\/hallodeutschschule.ch\/fr\/deutsch-zertifikat-zurich\/","title":{"rendered":"Certificats"},"content":{"rendered":"<div data-elementor-type=\"wp-page\" data-elementor-id=\"29\" class=\"elementor elementor-29\" data-elementor-post-type=\"page\">\n\t\t\t\t\t\t<section class=\"elementor-section elementor-top-section elementor-element elementor-element-06f1afd elementor-section-boxed elementor-section-height-default elementor-section-height-default\" data-id=\"06f1afd\" data-element_type=\"section\" data-e-type=\"section\">\n\t\t\t\t\t\t<div class=\"elementor-container elementor-column-gap-default\">\n\t\t\t\t\t<div class=\"elementor-column elementor-col-50 elementor-top-column elementor-element elementor-element-2d6fdb8\" data-id=\"2d6fdb8\" data-element_type=\"column\" data-e-type=\"column\">\n\t\t\t<div class=\"elementor-widget-wrap elementor-element-populated\">\n\t\t\t\t\t\t<div class=\"elementor-element elementor-element-beaf4c4 elementor-widget elementor-widget-heading\" data-id=\"beaf4c4\" data-element_type=\"widget\" data-e-type=\"widget\" data-widget_type=\"heading.default\">\n\t\t\t\t<div class=\"elementor-widget-container\">\n\t\t\t\t\t<h1 class=\"elementor-heading-title elementor-size-default\">Certificats<\/h1>\t\t\t\t<\/div>\n\t\t\t\t<\/div>\n\t\t\t\t<div class=\"elementor-element elementor-element-f522fb1 elementor-widget elementor-widget-text-editor\" data-id=\"f522fb1\" data-element_type=\"widget\" data-e-type=\"widget\" data-widget_type=\"text-editor.default\">\n\t\t\t\t<div class=\"elementor-widget-container\">\n\t\t\t\t\t\t\t\t\t<p>Nous vous pr\u00e9parons \u00e0 diff\u00e9rents certicats examens d\u2019allemand. Votre succ\u00e8s nous tient \u00e0 coeur. Quand nous sommes s\u00fbrs que vous \u00eates pr\u00eat et que vous allez r\u00e9ussir, nous vous inscrivons.<\/p>\t\t\t\t\t\t\t\t<\/div>\n\t\t\t\t<\/div>\n\t\t\t\t<section class=\"elementor-section elementor-inner-section elementor-element elementor-element-8cb0e06 elementor-section-boxed elementor-section-height-default elementor-section-height-default\" data-id=\"8cb0e06\" data-element_type=\"section\" data-e-type=\"section\">\n\t\t\t\t\t\t<div class=\"elementor-container elementor-column-gap-default\">\n\t\t\t\t\t<div class=\"elementor-column elementor-col-50 elementor-inner-column elementor-element elementor-element-2eb8e2a\" data-id=\"2eb8e2a\" data-element_type=\"column\" data-e-type=\"column\">\n\t\t\t<div class=\"elementor-widget-wrap elementor-element-populated\">\n\t\t\t\t\t\t<div class=\"elementor-element elementor-element-d795329 elementor-widget elementor-widget-image\" data-id=\"d795329\" data-element_type=\"widget\" data-e-type=\"widget\" data-widget_type=\"image.default\">\n\t\t\t\t<div class=\"elementor-widget-container\">\n\t\t\t\t\t\t\t\t\t\t\t\t\t\t\t<img decoding=\"async\" width=\"240\" height=\"100\" src=\"https:\/\/hallodeutschschule.ch\/wp-content\/uploads\/telc_logo.jpg\" class=\"attachment-large size-large wp-image-1332\" alt=\"\" srcset=\"https:\/\/hallodeutschschule.ch\/wp-content\/uploads\/telc_logo.jpg 240w, https:\/\/hallodeutschschule.ch\/wp-content\/uploads\/telc_logo-18x8.jpg 18w\" sizes=\"(max-width: 240px) 100vw, 240px\" \/>\t\t\t\t\t\t\t\t\t\t\t\t\t\t\t<\/div>\n\t\t\t\t<\/div>\n\t\t\t\t\t<\/div>\n\t\t<\/div>\n\t\t\t\t<div class=\"elementor-column elementor-col-50 elementor-inner-column elementor-element elementor-element-efd6a49\" data-id=\"efd6a49\" data-element_type=\"column\" data-e-type=\"column\">\n\t\t\t<div class=\"elementor-widget-wrap elementor-element-populated\">\n\t\t\t\t\t\t<div class=\"elementor-element elementor-element-afeb4a1 pscgreenlink elementor-widget elementor-widget-text-editor\" data-id=\"afeb4a1\" data-element_type=\"widget\" data-e-type=\"widget\" data-widget_type=\"text-editor.default\">\n\t\t\t\t<div class=\"elementor-widget-container\">\n\t\t\t\t\t\t\t\t\t<a href=\"https:\/\/www.telc.net\" target=\"_blank\" rel=\"nofollow noopener\">Certificat TELC<\/a>\t\t\t\t\t\t\t\t<\/div>\n\t\t\t\t<\/div>\n\t\t\t\t\t<\/div>\n\t\t<\/div>\n\t\t\t\t\t<\/div>\n\t\t<\/section>\n\t\t\t\t<div class=\"elementor-element elementor-element-d3d00f7 elementor-widget elementor-widget-text-editor\" data-id=\"d3d00f7\" data-element_type=\"widget\" data-e-type=\"widget\" data-widget_type=\"text-editor.default\">\n\t\t\t\t<div class=\"elementor-widget-container\">\n\t\t\t\t\t\t\t\t\t<p class=\"translation-block\">Certificat internationalement reconnu de langue allemande.<br>\nQuatre niveaux de comp\u00e9tences y sont test\u00e9es: l\u2019\u00e9coute, l\u2019expression orale, la lecture, l\u2019\u00e9criture.<br>\nCertificats de niveau A1, A2, B1, B2, C1, C2<\/p>\t\t\t\t\t\t\t\t<\/div>\n\t\t\t\t<\/div>\n\t\t\t\t<div class=\"elementor-element elementor-element-d803c98 elementor-align-left elementor-mobile-align-left elementor-widget elementor-widget-button\" data-id=\"d803c98\" data-element_type=\"widget\" data-e-type=\"widget\" data-widget_type=\"button.default\">\n\t\t\t\t<div class=\"elementor-widget-container\">\n\t\t\t\t\t\t\t\t\t<div class=\"elementor-button-wrapper\">\n\t\t\t\t\t<a class=\"elementor-button elementor-button-link elementor-size-sm\" href=\"https:\/\/hallodeutschschule.ch\/fr\/examen-telc-dates\/\">\n\t\t\t\t\t\t<span class=\"elementor-button-content-wrapper\">\n\t\t\t\t\t\t\t\t\t<span class=\"elementor-button-text\">telc examens \u00e0 Hallo Deutschschule<\/span>\n\t\t\t\t\t<\/span>\n\t\t\t\t\t<\/a>\n\t\t\t\t<\/div>\n\t\t\t\t\t\t\t\t<\/div>\n\t\t\t\t<\/div>\n\t\t\t\t<div class=\"elementor-element elementor-element-0bbdd49 elementor-widget elementor-widget-text-editor\" data-id=\"0bbdd49\" data-element_type=\"widget\" data-e-type=\"widget\" data-widget_type=\"text-editor.default\">\n\t\t\t\t<div class=\"elementor-widget-container\">\n\t\t\t\t\t\t\t\t\t<p><a href=\"https:\/\/hallodeutschschule.ch\/fr\/telc-pruefungsvorbereitung-an-der-hallo-deutschschule\/\">Inscription \u00e0 la pr\u00e9paration d'examen Telc A1 et A2<\/a><\/p>\t\t\t\t\t\t\t\t<\/div>\n\t\t\t\t<\/div>\n\t\t\t\t<section class=\"elementor-section elementor-inner-section elementor-element elementor-element-10a9d32 elementor-section-boxed elementor-section-height-default elementor-section-height-default\" data-id=\"10a9d32\" data-element_type=\"section\" data-e-type=\"section\">\n\t\t\t\t\t\t<div class=\"elementor-container elementor-column-gap-default\">\n\t\t\t\t\t<div class=\"elementor-column elementor-col-50 elementor-inner-column elementor-element elementor-element-eff923b\" data-id=\"eff923b\" data-element_type=\"column\" data-e-type=\"column\">\n\t\t\t<div class=\"elementor-widget-wrap elementor-element-populated\">\n\t\t\t\t\t\t<div class=\"elementor-element elementor-element-bec42e8 elementor-widget elementor-widget-image\" data-id=\"bec42e8\" data-element_type=\"widget\" data-e-type=\"widget\" data-widget_type=\"image.default\">\n\t\t\t\t<div class=\"elementor-widget-container\">\n\t\t\t\t\t\t\t\t\t\t\t\t\t\t\t<img decoding=\"async\" width=\"240\" height=\"100\" src=\"https:\/\/hallodeutschschule.ch\/wp-content\/uploads\/GI_Logo.png\" class=\"attachment-large size-large wp-image-1337\" alt=\"\" srcset=\"https:\/\/hallodeutschschule.ch\/wp-content\/uploads\/GI_Logo.png 240w, https:\/\/hallodeutschschule.ch\/wp-content\/uploads\/GI_Logo-18x8.png 18w\" sizes=\"(max-width: 240px) 100vw, 240px\" \/>\t\t\t\t\t\t\t\t\t\t\t\t\t\t\t<\/div>\n\t\t\t\t<\/div>\n\t\t\t\t\t<\/div>\n\t\t<\/div>\n\t\t\t\t<div class=\"elementor-column elementor-col-50 elementor-inner-column elementor-element elementor-element-54a8e00\" data-id=\"54a8e00\" data-element_type=\"column\" data-e-type=\"column\">\n\t\t\t<div class=\"elementor-widget-wrap elementor-element-populated\">\n\t\t\t\t\t\t<div class=\"elementor-element elementor-element-5794e97 pscgreenlink elementor-widget elementor-widget-text-editor\" data-id=\"5794e97\" data-element_type=\"widget\" data-e-type=\"widget\" data-widget_type=\"text-editor.default\">\n\t\t\t\t<div class=\"elementor-widget-container\">\n\t\t\t\t\t\t\t\t\tCertificat Goethe\t\t\t\t\t\t\t\t<\/div>\n\t\t\t\t<\/div>\n\t\t\t\t\t<\/div>\n\t\t<\/div>\n\t\t\t\t\t<\/div>\n\t\t<\/section>\n\t\t\t\t<div class=\"elementor-element elementor-element-5281308 elementor-widget elementor-widget-text-editor\" data-id=\"5281308\" data-element_type=\"widget\" data-e-type=\"widget\" data-widget_type=\"text-editor.default\">\n\t\t\t\t<div class=\"elementor-widget-container\">\n\t\t\t\t\t\t\t\t\t<p class=\"translation-block\">Certificat internationalement reconnu de langue allemande.<br>\nQuatre niveaux de comp\u00e9tences y sont test\u00e9es: l\u2019\u00e9coute, l\u2019expression orale, la lecture, l\u2019\u00e9criture.<br>\nCertificats de niveau A1, A2, B1, B2, C1, C2<\/p>\t\t\t\t\t\t\t\t<\/div>\n\t\t\t\t<\/div>\n\t\t\t\t<section class=\"elementor-section elementor-inner-section elementor-element elementor-element-3b67104 elementor-section-boxed elementor-section-height-default elementor-section-height-default\" data-id=\"3b67104\" data-element_type=\"section\" data-e-type=\"section\">\n\t\t\t\t\t\t<div class=\"elementor-container elementor-column-gap-default\">\n\t\t\t\t\t<div class=\"elementor-column elementor-col-50 elementor-inner-column elementor-element elementor-element-7b31f49\" data-id=\"7b31f49\" data-element_type=\"column\" data-e-type=\"column\">\n\t\t\t<div class=\"elementor-widget-wrap elementor-element-populated\">\n\t\t\t\t\t\t<div class=\"elementor-element elementor-element-49d5a01 elementor-widget elementor-widget-image\" data-id=\"49d5a01\" data-element_type=\"widget\" data-e-type=\"widget\" data-widget_type=\"image.default\">\n\t\t\t\t<div class=\"elementor-widget-container\">\n\t\t\t\t\t\t\t\t\t\t\t\t\t\t\t<img decoding=\"async\" width=\"240\" height=\"100\" src=\"https:\/\/hallodeutschschule.ch\/wp-content\/uploads\/zuri_kanton_logo.png\" class=\"attachment-large size-large wp-image-1342\" alt=\"\" srcset=\"https:\/\/hallodeutschschule.ch\/wp-content\/uploads\/zuri_kanton_logo.png 240w, https:\/\/hallodeutschschule.ch\/wp-content\/uploads\/zuri_kanton_logo-18x8.png 18w\" sizes=\"(max-width: 240px) 100vw, 240px\" \/>\t\t\t\t\t\t\t\t\t\t\t\t\t\t\t<\/div>\n\t\t\t\t<\/div>\n\t\t\t\t\t<\/div>\n\t\t<\/div>\n\t\t\t\t<div class=\"elementor-column elementor-col-50 elementor-inner-column elementor-element elementor-element-f13a978\" data-id=\"f13a978\" data-element_type=\"column\" data-e-type=\"column\">\n\t\t\t<div class=\"elementor-widget-wrap elementor-element-populated\">\n\t\t\t\t\t\t<div class=\"elementor-element elementor-element-7e4ff38 pscgreenlink elementor-widget elementor-widget-text-editor\" data-id=\"7e4ff38\" data-element_type=\"widget\" data-e-type=\"widget\" data-widget_type=\"text-editor.default\">\n\t\t\t\t<div class=\"elementor-widget-container\">\n\t\t\t\t\t\t\t\t\tTest cantonal d'allemand\t\t\t\t\t\t\t\t<\/div>\n\t\t\t\t<\/div>\n\t\t\t\t<div class=\"elementor-element elementor-element-df40c9c elementor-widget elementor-widget-text-editor\" data-id=\"df40c9c\" data-element_type=\"widget\" data-e-type=\"widget\" data-widget_type=\"text-editor.default\">\n\t\t\t\t<div class=\"elementor-widget-container\">\n\t\t\t\t\t\t\t\t\tProc\u00e9dure de naturalisation (KDE)\t\t\t\t\t\t\t\t<\/div>\n\t\t\t\t<\/div>\n\t\t\t\t\t<\/div>\n\t\t<\/div>\n\t\t\t\t\t<\/div>\n\t\t<\/section>\n\t\t\t\t<div class=\"elementor-element elementor-element-d599f5e elementor-widget elementor-widget-text-editor\" data-id=\"d599f5e\" data-element_type=\"widget\" data-e-type=\"widget\" data-widget_type=\"text-editor.default\">\n\t\t\t\t<div class=\"elementor-widget-container translation-block\">Certificat de compr\u00e9hension de l\u2019allemand pour la naturalisation suisse. Quatre niveaux de comp\u00e9tences y sont test\u00e9es: l\u2019\u00e9coute, l\u2019expression orale, la lecture, l\u2019\u00e9criture.. Niveau \u00e0 atteindre: Ecouter et parler: B1 \u2013 Lesen und Schreiben A2<\/div>\n\t\t\t\t<\/div>\n\t\t\t\t\t<\/div>\n\t\t<\/div>\n\t\t\t\t<div class=\"elementor-column elementor-col-50 elementor-top-column elementor-element elementor-element-cdc653c\" data-id=\"cdc653c\" data-element_type=\"column\" data-e-type=\"column\">\n\t\t\t<div class=\"elementor-widget-wrap\">\n\t\t\t\t\t\t\t<\/div>\n\t\t<\/div>\n\t\t\t\t\t<\/div>\n\t\t<\/section>\n\t\t\t\t<\/div>","protected":false},"excerpt":{"rendered":"<p>Zertifikate \/ Pr\u00fcfungen Wir bereiten dich auf folgende Deutschzertifikate und Deutschpr\u00fcfungen vor und beraten dich. Dein Erfolg liegt uns am Herzen. Wir melden dich dann an, wenn wir sicher sind, dass du die Pr\u00fcfung bestehen wirst. TELC-Zertifikat International anerkanntes Zertifikat der deutschen Sprache.Gepr\u00fcft werden 4 Kategorien:H\u00f6ren, Sprechen, Lesen, Schreiben.Zertifikate auf den Niveaus: A1, A2, B1, [&hellip;]<\/p>\n","protected":false},"author":2,"featured_media":0,"parent":0,"menu_order":5,"comment_status":"closed","ping_status":"closed","template":"","meta":{"footnotes":""},"class_list":["post-29","page","type-page","status-publish","hentry"],"_links":{"self":[{"href":"https:\/\/hallodeutschschule.ch\/fr\/wp-json\/wp\/v2\/pages\/29","targetHints":{"allow":["GET"]}}],"collection":[{"href":"https:\/\/hallodeutschschule.ch\/fr\/wp-json\/wp\/v2\/pages"}],"about":[{"href":"https:\/\/hallodeutschschule.ch\/fr\/wp-json\/wp\/v2\/types\/page"}],"author":[{"embeddable":true,"href":"https:\/\/hallodeutschschule.ch\/fr\/wp-json\/wp\/v2\/users\/2"}],"replies":[{"embeddable":true,"href":"https:\/\/hallodeutschschule.ch\/fr\/wp-json\/wp\/v2\/comments?post=29"}],"version-history":[{"count":274,"href":"https:\/\/hallodeutschschule.ch\/fr\/wp-json\/wp\/v2\/pages\/29\/revisions"}],"predecessor-version":[{"id":27901,"href":"https:\/\/hallodeutschschule.ch\/fr\/wp-json\/wp\/v2\/pages\/29\/revisions\/27901"}],"wp:attachment":[{"href":"https:\/\/hallodeutschschule.ch\/fr\/wp-json\/wp\/v2\/media?parent=29"}],"curies":[{"name":"wp","href":"https:\/\/api.w.org\/{rel}","templated":true}]}}