{"id":45299,"date":"2025-10-08T11:28:32","date_gmt":"2025-10-08T09:28:32","guid":{"rendered":"https:\/\/hallodeutschschule.ch\/?page_id=45299"},"modified":"2026-02-24T16:16:30","modified_gmt":"2026-02-24T15:16:30","slug":"online-einstufungstests-bei-hallo-deutschschule","status":"publish","type":"page","link":"https:\/\/hallodeutschschule.ch\/fr\/online-einstufungstests-bei-hallo-deutschschule\/","title":{"rendered":"Tests de niveau en ligne \u00e0 Hallo Deutschschule"},"content":{"rendered":"<div data-elementor-type=\"wp-page\" data-elementor-id=\"45299\" class=\"elementor elementor-45299\" data-elementor-post-type=\"page\">\n\t\t\t\t\t\t<section class=\"elementor-section elementor-top-section elementor-element elementor-element-5a63a30 elementor-section-boxed elementor-section-height-default elementor-section-height-default\" data-id=\"5a63a30\" data-element_type=\"section\" data-e-type=\"section\">\n\t\t\t\t\t\t<div class=\"elementor-container elementor-column-gap-default\">\n\t\t\t\t\t<div class=\"elementor-column elementor-col-100 elementor-top-column elementor-element elementor-element-7c23e78\" data-id=\"7c23e78\" data-element_type=\"column\" data-e-type=\"column\">\n\t\t\t<div class=\"elementor-widget-wrap elementor-element-populated\">\n\t\t\t\t\t\t<div class=\"elementor-element elementor-element-3180631 elementor-widget elementor-widget-heading\" data-id=\"3180631\" data-element_type=\"widget\" data-e-type=\"widget\" data-widget_type=\"heading.default\">\n\t\t\t\t<div class=\"elementor-widget-container\">\n\t\t\t\t\t<h1 class=\"elementor-heading-title elementor-size-default\">Tests de niveau en ligne \u00e0 Hallo Deutschschule<\/h1>\t\t\t\t<\/div>\n\t\t\t\t<\/div>\n\t\t\t\t\t<\/div>\n\t\t<\/div>\n\t\t\t\t\t<\/div>\n\t\t<\/section>\n\t\t\t\t<section class=\"elementor-section elementor-top-section elementor-element elementor-element-04b38f1 elementor-section-boxed elementor-section-height-default elementor-section-height-default\" data-id=\"04b38f1\" data-element_type=\"section\" data-e-type=\"section\">\n\t\t\t\t\t\t<div class=\"elementor-container elementor-column-gap-default\">\n\t\t\t\t\t<div class=\"elementor-column elementor-col-50 elementor-top-column elementor-element elementor-element-1ac8d16\" data-id=\"1ac8d16\" data-element_type=\"column\" data-e-type=\"column\">\n\t\t\t<div class=\"elementor-widget-wrap elementor-element-populated\">\n\t\t\t\t\t\t<div class=\"elementor-element elementor-element-13b1202 elementor-widget elementor-widget-text-editor\" data-id=\"13b1202\" data-element_type=\"widget\" data-e-type=\"widget\" data-widget_type=\"text-editor.default\">\n\t\t\t\t<div class=\"elementor-widget-container\">\n\t\t\t\t\t\t\t\t\tSi vous souhaitez suivre un cours en ligne avec nous, nous nous r\u00e9jouissons de passer un test de niveau par appel vid\u00e9o avec vous. De cette fa\u00e7on, vous pouvez \u00eatre s\u00fbr de vous inscrire au bon cours. Nous sommes disponibles pour les tests de classement en ligne aux heures suivantes :\n<strong>Du lundi au vendredi : 09h00-18h00<\/strong>\t\t\t\t\t\t\t\t<\/div>\n\t\t\t\t<\/div>\n\t\t\t\t<div class=\"elementor-element elementor-element-a0d20f3 elementor-align-left elementor-widget elementor-widget-button\" data-id=\"a0d20f3\" data-element_type=\"widget\" data-e-type=\"widget\" data-widget_type=\"button.default\">\n\t\t\t\t<div class=\"elementor-widget-container\">\n\t\t\t\t\t\t\t\t\t<div class=\"elementor-button-wrapper\">\n\t\t\t\t\t<a class=\"elementor-button elementor-button-link elementor-size-sm\" href=\"https:\/\/hallodeutschschule.jotform.com\/251953630065961\" target=\"_blank\" rel=\"nofollow noopener\">\n\t\t\t\t\t\t<span class=\"elementor-button-content-wrapper\">\n\t\t\t\t\t\t\t\t\t<span class=\"elementor-button-text\">Test d\u2019\u00e9valuation<\/span>\n\t\t\t\t\t<\/span>\n\t\t\t\t\t<\/a>\n\t\t\t\t<\/div>\n\t\t\t\t\t\t\t\t<\/div>\n\t\t\t\t<\/div>\n\t\t\t\t<div class=\"elementor-element elementor-element-0d9eddc elementor-widget elementor-widget-text-editor\" data-id=\"0d9eddc\" data-element_type=\"widget\" data-e-type=\"widget\" data-widget_type=\"text-editor.default\">\n\t\t\t\t<div class=\"elementor-widget-container\">\n\t\t\t\t\t\t\t\t\t<p>N'h\u00e9sitez pas \u00e0 nous contacter par t\u00e9l\u00e9phone si vous avez des questions concernant le test d'\u00e9valuation : <strong>044 797 99 44<\/strong><\/p>\t\t\t\t\t\t\t\t<\/div>\n\t\t\t\t<\/div>\n\t\t\t\t\t<\/div>\n\t\t<\/div>\n\t\t\t\t<div class=\"elementor-column elementor-col-50 elementor-top-column elementor-element elementor-element-0e91468\" data-id=\"0e91468\" data-element_type=\"column\" data-e-type=\"column\">\n\t\t\t<div class=\"elementor-widget-wrap\">\n\t\t\t\t\t\t\t<\/div>\n\t\t<\/div>\n\t\t\t\t\t<\/div>\n\t\t<\/section>\n\t\t\t\t<\/div>","protected":false},"excerpt":{"rendered":"<p>Online Einstufungstests bei Hallo Deutschschule Wenn du ein Onlinekurs bei uns machen m\u00f6chtest, dann freuen wir uns auf einen Einstufungstest per Videocall mit dir. Auf diese Weise kannst du sicher sein, dass du dich f\u00fcr den richtigen Kurs anmeldest. An folgenden Zeiten stehen wir f\u00fcr Online Einstufungstests zur Verf\u00fcgung: Montag bis Freitag: 09.00-18.00 Uhr Zum [&hellip;]<\/p>\n","protected":false},"author":2,"featured_media":0,"parent":0,"menu_order":220,"comment_status":"closed","ping_status":"closed","template":"","meta":{"footnotes":""},"class_list":["post-45299","page","type-page","status-publish","hentry"],"_links":{"self":[{"href":"https:\/\/hallodeutschschule.ch\/fr\/wp-json\/wp\/v2\/pages\/45299","targetHints":{"allow":["GET"]}}],"collection":[{"href":"https:\/\/hallodeutschschule.ch\/fr\/wp-json\/wp\/v2\/pages"}],"about":[{"href":"https:\/\/hallodeutschschule.ch\/fr\/wp-json\/wp\/v2\/types\/page"}],"author":[{"embeddable":true,"href":"https:\/\/hallodeutschschule.ch\/fr\/wp-json\/wp\/v2\/users\/2"}],"replies":[{"embeddable":true,"href":"https:\/\/hallodeutschschule.ch\/fr\/wp-json\/wp\/v2\/comments?post=45299"}],"version-history":[{"count":10,"href":"https:\/\/hallodeutschschule.ch\/fr\/wp-json\/wp\/v2\/pages\/45299\/revisions"}],"predecessor-version":[{"id":50680,"href":"https:\/\/hallodeutschschule.ch\/fr\/wp-json\/wp\/v2\/pages\/45299\/revisions\/50680"}],"wp:attachment":[{"href":"https:\/\/hallodeutschschule.ch\/fr\/wp-json\/wp\/v2\/media?parent=45299"}],"curies":[{"name":"wp","href":"https:\/\/api.w.org\/{rel}","templated":true}]}}