{"id":4617,"date":"2022-03-07T20:45:45","date_gmt":"2022-03-07T19:45:45","guid":{"rendered":"http:\/\/34.65.0.237\/?page_id=4617"},"modified":"2025-06-05T18:32:53","modified_gmt":"2025-06-05T16:32:53","slug":"einstufungstests-bei-hallo-deutschschule","status":"publish","type":"page","link":"https:\/\/hallodeutschschule.ch\/fr\/einstufungstests-bei-hallo-deutschschule\/","title":{"rendered":"Tests de niveau sur Hallo Deutschschule"},"content":{"rendered":"<div data-elementor-type=\"wp-page\" data-elementor-id=\"4617\" class=\"elementor elementor-4617\" data-elementor-post-type=\"page\">\n\t\t\t\t\t\t<section class=\"elementor-section elementor-top-section elementor-element elementor-element-5a63a30 elementor-section-boxed elementor-section-height-default elementor-section-height-default\" data-id=\"5a63a30\" data-element_type=\"section\" data-e-type=\"section\">\n\t\t\t\t\t\t<div class=\"elementor-container elementor-column-gap-default\">\n\t\t\t\t\t<div class=\"elementor-column elementor-col-100 elementor-top-column elementor-element elementor-element-7c23e78\" data-id=\"7c23e78\" data-element_type=\"column\" data-e-type=\"column\">\n\t\t\t<div class=\"elementor-widget-wrap elementor-element-populated\">\n\t\t\t\t\t\t<div class=\"elementor-element elementor-element-3180631 elementor-widget elementor-widget-heading\" data-id=\"3180631\" data-element_type=\"widget\" data-e-type=\"widget\" data-widget_type=\"heading.default\">\n\t\t\t\t<div class=\"elementor-widget-container\">\n\t\t\t\t\t<h1 class=\"elementor-heading-title elementor-size-default\">Tests de niveau sur Hallo Deutschschule<\/h1>\t\t\t\t<\/div>\n\t\t\t\t<\/div>\n\t\t\t\t\t<\/div>\n\t\t<\/div>\n\t\t\t\t\t<\/div>\n\t\t<\/section>\n\t\t\t\t<section class=\"elementor-section elementor-top-section elementor-element elementor-element-04b38f1 elementor-section-boxed elementor-section-height-default elementor-section-height-default\" data-id=\"04b38f1\" data-element_type=\"section\" data-e-type=\"section\">\n\t\t\t\t\t\t<div class=\"elementor-container elementor-column-gap-default\">\n\t\t\t\t\t<div class=\"elementor-column elementor-col-50 elementor-top-column elementor-element elementor-element-1ac8d16\" data-id=\"1ac8d16\" data-element_type=\"column\" data-e-type=\"column\">\n\t\t\t<div class=\"elementor-widget-wrap elementor-element-populated\">\n\t\t\t\t\t\t<div class=\"elementor-element elementor-element-13b1202 elementor-widget elementor-widget-text-editor\" data-id=\"13b1202\" data-element_type=\"widget\" data-e-type=\"widget\" data-widget_type=\"text-editor.default\">\n\t\t\t\t<div class=\"elementor-widget-container\">\n\t\t\t\t\t\t\t\t\t\u00c9tant donn\u00e9 que les tests de niveau en ligne ne permettent pas d'\u00e9valuer r\u00e9ellement les connaissances orales et \u00e9crites, nous vous demandons de vous rendre \u00e0 l'\u00e9cole pour un test de niveau personnel. De cette mani\u00e8re, vous serez s\u00fbr de vous inscrire au bon cours.\nNous sommes disponibles pour les tests d'\u00e9valuation aux heures suivantes :\n<strong>Lundi-vendredi : 09h00-17h30<\/strong>\n<strong>Mercredi : 9h00-13h00 et 16h00-17h00<\/strong>\t\t\t\t\t\t\t\t<\/div>\n\t\t\t\t<\/div>\n\t\t\t\t<div class=\"elementor-element elementor-element-a0d20f3 elementor-align-left elementor-widget elementor-widget-button\" data-id=\"a0d20f3\" data-element_type=\"widget\" data-e-type=\"widget\" data-widget_type=\"button.default\">\n\t\t\t\t<div class=\"elementor-widget-container\">\n\t\t\t\t\t\t\t\t\t<div class=\"elementor-button-wrapper\">\n\t\t\t\t\t<a class=\"elementor-button elementor-button-link elementor-size-sm\" href=\"https:\/\/hallodeutschschule.jotform.com\/222504998232055\" target=\"_blank\" rel=\"nofollow noopener\">\n\t\t\t\t\t\t<span class=\"elementor-button-content-wrapper\">\n\t\t\t\t\t\t\t\t\t<span class=\"elementor-button-text\">Test d\u2019\u00e9valuation<\/span>\n\t\t\t\t\t<\/span>\n\t\t\t\t\t<\/a>\n\t\t\t\t<\/div>\n\t\t\t\t\t\t\t\t<\/div>\n\t\t\t\t<\/div>\n\t\t\t\t<div class=\"elementor-element elementor-element-0d9eddc elementor-widget elementor-widget-text-editor\" data-id=\"0d9eddc\" data-element_type=\"widget\" data-e-type=\"widget\" data-widget_type=\"text-editor.default\">\n\t\t\t\t<div class=\"elementor-widget-container\">\n\t\t\t\t\t\t\t\t\tN'h\u00e9sitez pas \u00e0 nous contacter par t\u00e9l\u00e9phone si vous avez des questions concernant le test d'\u00e9valuation : <strong>044 211 66 55<\/strong>\t\t\t\t\t\t\t\t<\/div>\n\t\t\t\t<\/div>\n\t\t\t\t\t<\/div>\n\t\t<\/div>\n\t\t\t\t<div class=\"elementor-column elementor-col-50 elementor-top-column elementor-element elementor-element-0e91468\" data-id=\"0e91468\" data-element_type=\"column\" data-e-type=\"column\">\n\t\t\t<div class=\"elementor-widget-wrap\">\n\t\t\t\t\t\t\t<\/div>\n\t\t<\/div>\n\t\t\t\t\t<\/div>\n\t\t<\/section>\n\t\t\t\t<\/div>","protected":false},"excerpt":{"rendered":"<p>Einstufungstests bei Hallo Deutschschule Da bei Online-Einstufungstests m\u00fcndliche und schriftliche Kenntnisse nicht wirklich gepr\u00fcft werden k\u00f6nnen, bitten wir Sie zu einem pers\u00f6nlichen Einstufungstest bei uns an der Schule vorbeizukommen. Auf diese Weise k\u00f6nnen Sie sicher sein, dass Sie sich f\u00fcr den richtigen Kurs anmelden. An folgenden Zeiten stehen wir f\u00fcr die Einstufungstest zur Verf\u00fcgung: Montag-Freitag: [&hellip;]<\/p>\n","protected":false},"author":2,"featured_media":0,"parent":0,"menu_order":220,"comment_status":"closed","ping_status":"closed","template":"","meta":{"footnotes":""},"class_list":["post-4617","page","type-page","status-publish","hentry"],"_links":{"self":[{"href":"https:\/\/hallodeutschschule.ch\/fr\/wp-json\/wp\/v2\/pages\/4617","targetHints":{"allow":["GET"]}}],"collection":[{"href":"https:\/\/hallodeutschschule.ch\/fr\/wp-json\/wp\/v2\/pages"}],"about":[{"href":"https:\/\/hallodeutschschule.ch\/fr\/wp-json\/wp\/v2\/types\/page"}],"author":[{"embeddable":true,"href":"https:\/\/hallodeutschschule.ch\/fr\/wp-json\/wp\/v2\/users\/2"}],"replies":[{"embeddable":true,"href":"https:\/\/hallodeutschschule.ch\/fr\/wp-json\/wp\/v2\/comments?post=4617"}],"version-history":[{"count":47,"href":"https:\/\/hallodeutschschule.ch\/fr\/wp-json\/wp\/v2\/pages\/4617\/revisions"}],"predecessor-version":[{"id":38656,"href":"https:\/\/hallodeutschschule.ch\/fr\/wp-json\/wp\/v2\/pages\/4617\/revisions\/38656"}],"wp:attachment":[{"href":"https:\/\/hallodeutschschule.ch\/fr\/wp-json\/wp\/v2\/media?parent=4617"}],"curies":[{"name":"wp","href":"https:\/\/api.w.org\/{rel}","templated":true}]}}