{"id":29,"date":"2022-09-05T09:22:53","date_gmt":"2022-09-05T07:22:53","guid":{"rendered":"http:\/\/34.65.144.49.nip.io\/?page_id=29"},"modified":"2023-12-09T19:03:23","modified_gmt":"2023-12-09T18:03:23","slug":"certificado-tedesco-zurigo","status":"publish","type":"page","link":"https:\/\/hallodeutschschule.ch\/it\/deutsch-zertifikat-zurich\/","title":{"rendered":"Certificati"},"content":{"rendered":"<div data-elementor-type=\"wp-page\" data-elementor-id=\"29\" class=\"elementor elementor-29\" data-elementor-post-type=\"page\">\n\t\t\t\t\t\t<section class=\"elementor-section elementor-top-section elementor-element elementor-element-06f1afd elementor-section-boxed elementor-section-height-default elementor-section-height-default\" data-id=\"06f1afd\" data-element_type=\"section\" data-e-type=\"section\">\n\t\t\t\t\t\t<div class=\"elementor-container elementor-column-gap-default\">\n\t\t\t\t\t<div class=\"elementor-column elementor-col-50 elementor-top-column elementor-element elementor-element-2d6fdb8\" data-id=\"2d6fdb8\" data-element_type=\"column\" data-e-type=\"column\">\n\t\t\t<div class=\"elementor-widget-wrap elementor-element-populated\">\n\t\t\t\t\t\t<div class=\"elementor-element elementor-element-beaf4c4 elementor-widget elementor-widget-heading\" data-id=\"beaf4c4\" data-element_type=\"widget\" data-e-type=\"widget\" data-widget_type=\"heading.default\">\n\t\t\t\t<div class=\"elementor-widget-container\">\n\t\t\t\t\t<h1 class=\"elementor-heading-title elementor-size-default\">Certificati<\/h1>\t\t\t\t<\/div>\n\t\t\t\t<\/div>\n\t\t\t\t<div class=\"elementor-element elementor-element-f522fb1 elementor-widget elementor-widget-text-editor\" data-id=\"f522fb1\" data-element_type=\"widget\" data-e-type=\"widget\" data-widget_type=\"text-editor.default\">\n\t\t\t\t<div class=\"elementor-widget-container\">\n\t\t\t\t\t\t\t\t\t<p>La prepariamo e la seguiamo per la preparazione all\u2019esame di tedesco. Il vostro successo \u00e8 molto importante per noi. La iscriviamo all\u2019esame solo quando siamo sicuri che lo passer\u00e0.<\/p>\t\t\t\t\t\t\t\t<\/div>\n\t\t\t\t<\/div>\n\t\t\t\t<section class=\"elementor-section elementor-inner-section elementor-element elementor-element-8cb0e06 elementor-section-boxed elementor-section-height-default elementor-section-height-default\" data-id=\"8cb0e06\" data-element_type=\"section\" data-e-type=\"section\">\n\t\t\t\t\t\t<div class=\"elementor-container elementor-column-gap-default\">\n\t\t\t\t\t<div class=\"elementor-column elementor-col-50 elementor-inner-column elementor-element elementor-element-2eb8e2a\" data-id=\"2eb8e2a\" data-element_type=\"column\" data-e-type=\"column\">\n\t\t\t<div class=\"elementor-widget-wrap elementor-element-populated\">\n\t\t\t\t\t\t<div class=\"elementor-element elementor-element-d795329 elementor-widget elementor-widget-image\" data-id=\"d795329\" data-element_type=\"widget\" data-e-type=\"widget\" data-widget_type=\"image.default\">\n\t\t\t\t<div class=\"elementor-widget-container\">\n\t\t\t\t\t\t\t\t\t\t\t\t\t\t\t<img decoding=\"async\" width=\"240\" height=\"100\" src=\"https:\/\/hallodeutschschule.ch\/wp-content\/uploads\/telc_logo.jpg\" class=\"attachment-large size-large wp-image-1332\" alt=\"\" srcset=\"https:\/\/hallodeutschschule.ch\/wp-content\/uploads\/telc_logo.jpg 240w, https:\/\/hallodeutschschule.ch\/wp-content\/uploads\/telc_logo-18x8.jpg 18w\" sizes=\"(max-width: 240px) 100vw, 240px\" \/>\t\t\t\t\t\t\t\t\t\t\t\t\t\t\t<\/div>\n\t\t\t\t<\/div>\n\t\t\t\t\t<\/div>\n\t\t<\/div>\n\t\t\t\t<div class=\"elementor-column elementor-col-50 elementor-inner-column elementor-element elementor-element-efd6a49\" data-id=\"efd6a49\" data-element_type=\"column\" data-e-type=\"column\">\n\t\t\t<div class=\"elementor-widget-wrap elementor-element-populated\">\n\t\t\t\t\t\t<div class=\"elementor-element elementor-element-afeb4a1 pscgreenlink elementor-widget elementor-widget-text-editor\" data-id=\"afeb4a1\" data-element_type=\"widget\" data-e-type=\"widget\" data-widget_type=\"text-editor.default\">\n\t\t\t\t<div class=\"elementor-widget-container\">\n\t\t\t\t\t\t\t\t\t<a href=\"https:\/\/www.telc.net\" target=\"_blank\" rel=\"nofollow noopener\">Certificato TELC<\/a>\t\t\t\t\t\t\t\t<\/div>\n\t\t\t\t<\/div>\n\t\t\t\t\t<\/div>\n\t\t<\/div>\n\t\t\t\t\t<\/div>\n\t\t<\/section>\n\t\t\t\t<div class=\"elementor-element elementor-element-d3d00f7 elementor-widget elementor-widget-text-editor\" data-id=\"d3d00f7\" data-element_type=\"widget\" data-e-type=\"widget\" data-widget_type=\"text-editor.default\">\n\t\t\t\t<div class=\"elementor-widget-container\">\n\t\t\t\t\t\t\t\t\t<p class=\"translation-block\">Certificato di tedesco riconosciuto a livello internazionale.<br>\nVengono esaminate quattro categorie : ascolto, conversazione, scrittura e lettura.<br>\nCertificato dei livelli A1, A2, B1, B2, C1, C2<\/p>\t\t\t\t\t\t\t\t<\/div>\n\t\t\t\t<\/div>\n\t\t\t\t<div class=\"elementor-element elementor-element-d803c98 elementor-align-left elementor-mobile-align-left elementor-widget elementor-widget-button\" data-id=\"d803c98\" data-element_type=\"widget\" data-e-type=\"widget\" data-widget_type=\"button.default\">\n\t\t\t\t<div class=\"elementor-widget-container\">\n\t\t\t\t\t\t\t\t\t<div class=\"elementor-button-wrapper\">\n\t\t\t\t\t<a class=\"elementor-button elementor-button-link elementor-size-sm\" href=\"https:\/\/hallodeutschschule.ch\/it\/esame-telc-date\/\">\n\t\t\t\t\t\t<span class=\"elementor-button-content-wrapper\">\n\t\t\t\t\t\t\t\t\t<span class=\"elementor-button-text\">telc esami a Hallo Deutschschule<\/span>\n\t\t\t\t\t<\/span>\n\t\t\t\t\t<\/a>\n\t\t\t\t<\/div>\n\t\t\t\t\t\t\t\t<\/div>\n\t\t\t\t<\/div>\n\t\t\t\t<div class=\"elementor-element elementor-element-0bbdd49 elementor-widget elementor-widget-text-editor\" data-id=\"0bbdd49\" data-element_type=\"widget\" data-e-type=\"widget\" data-widget_type=\"text-editor.default\">\n\t\t\t\t<div class=\"elementor-widget-container\">\n\t\t\t\t\t\t\t\t\t<p><a href=\"https:\/\/hallodeutschschule.ch\/it\/telc-pruefungsvorbereitung-an-der-hallo-deutschschule\/\">Registrazione per la preparazione all'esame Telc A1 e A2<\/a><\/p>\t\t\t\t\t\t\t\t<\/div>\n\t\t\t\t<\/div>\n\t\t\t\t<section class=\"elementor-section elementor-inner-section elementor-element elementor-element-10a9d32 elementor-section-boxed elementor-section-height-default elementor-section-height-default\" data-id=\"10a9d32\" data-element_type=\"section\" data-e-type=\"section\">\n\t\t\t\t\t\t<div class=\"elementor-container elementor-column-gap-default\">\n\t\t\t\t\t<div class=\"elementor-column elementor-col-50 elementor-inner-column elementor-element elementor-element-eff923b\" data-id=\"eff923b\" data-element_type=\"column\" data-e-type=\"column\">\n\t\t\t<div class=\"elementor-widget-wrap elementor-element-populated\">\n\t\t\t\t\t\t<div class=\"elementor-element elementor-element-bec42e8 elementor-widget elementor-widget-image\" data-id=\"bec42e8\" data-element_type=\"widget\" data-e-type=\"widget\" data-widget_type=\"image.default\">\n\t\t\t\t<div class=\"elementor-widget-container\">\n\t\t\t\t\t\t\t\t\t\t\t\t\t\t\t<img decoding=\"async\" width=\"240\" height=\"100\" src=\"https:\/\/hallodeutschschule.ch\/wp-content\/uploads\/GI_Logo.png\" class=\"attachment-large size-large wp-image-1337\" alt=\"\" srcset=\"https:\/\/hallodeutschschule.ch\/wp-content\/uploads\/GI_Logo.png 240w, https:\/\/hallodeutschschule.ch\/wp-content\/uploads\/GI_Logo-18x8.png 18w\" sizes=\"(max-width: 240px) 100vw, 240px\" \/>\t\t\t\t\t\t\t\t\t\t\t\t\t\t\t<\/div>\n\t\t\t\t<\/div>\n\t\t\t\t\t<\/div>\n\t\t<\/div>\n\t\t\t\t<div class=\"elementor-column elementor-col-50 elementor-inner-column elementor-element elementor-element-54a8e00\" data-id=\"54a8e00\" data-element_type=\"column\" data-e-type=\"column\">\n\t\t\t<div class=\"elementor-widget-wrap elementor-element-populated\">\n\t\t\t\t\t\t<div class=\"elementor-element elementor-element-5794e97 pscgreenlink elementor-widget elementor-widget-text-editor\" data-id=\"5794e97\" data-element_type=\"widget\" data-e-type=\"widget\" data-widget_type=\"text-editor.default\">\n\t\t\t\t<div class=\"elementor-widget-container\">\n\t\t\t\t\t\t\t\t\tCertificato Goethe\t\t\t\t\t\t\t\t<\/div>\n\t\t\t\t<\/div>\n\t\t\t\t\t<\/div>\n\t\t<\/div>\n\t\t\t\t\t<\/div>\n\t\t<\/section>\n\t\t\t\t<div class=\"elementor-element elementor-element-5281308 elementor-widget elementor-widget-text-editor\" data-id=\"5281308\" data-element_type=\"widget\" data-e-type=\"widget\" data-widget_type=\"text-editor.default\">\n\t\t\t\t<div class=\"elementor-widget-container\">\n\t\t\t\t\t\t\t\t\t<p class=\"translation-block\">Certificato di tedesco riconosciuto a livello internazionale.<br>\nVengono esaminate quattro categorie : ascolto, conversazione, scrittura e lettura.<br>\nCertificato dei livelli A1, A2, B1, B2, C1, C2<\/p>\t\t\t\t\t\t\t\t<\/div>\n\t\t\t\t<\/div>\n\t\t\t\t<section class=\"elementor-section elementor-inner-section elementor-element elementor-element-3b67104 elementor-section-boxed elementor-section-height-default elementor-section-height-default\" data-id=\"3b67104\" data-element_type=\"section\" data-e-type=\"section\">\n\t\t\t\t\t\t<div class=\"elementor-container elementor-column-gap-default\">\n\t\t\t\t\t<div class=\"elementor-column elementor-col-50 elementor-inner-column elementor-element elementor-element-7b31f49\" data-id=\"7b31f49\" data-element_type=\"column\" data-e-type=\"column\">\n\t\t\t<div class=\"elementor-widget-wrap elementor-element-populated\">\n\t\t\t\t\t\t<div class=\"elementor-element elementor-element-49d5a01 elementor-widget elementor-widget-image\" data-id=\"49d5a01\" data-element_type=\"widget\" data-e-type=\"widget\" data-widget_type=\"image.default\">\n\t\t\t\t<div class=\"elementor-widget-container\">\n\t\t\t\t\t\t\t\t\t\t\t\t\t\t\t<img decoding=\"async\" width=\"240\" height=\"100\" src=\"https:\/\/hallodeutschschule.ch\/wp-content\/uploads\/zuri_kanton_logo.png\" class=\"attachment-large size-large wp-image-1342\" alt=\"\" srcset=\"https:\/\/hallodeutschschule.ch\/wp-content\/uploads\/zuri_kanton_logo.png 240w, https:\/\/hallodeutschschule.ch\/wp-content\/uploads\/zuri_kanton_logo-18x8.png 18w\" sizes=\"(max-width: 240px) 100vw, 240px\" \/>\t\t\t\t\t\t\t\t\t\t\t\t\t\t\t<\/div>\n\t\t\t\t<\/div>\n\t\t\t\t\t<\/div>\n\t\t<\/div>\n\t\t\t\t<div class=\"elementor-column elementor-col-50 elementor-inner-column elementor-element elementor-element-f13a978\" data-id=\"f13a978\" data-element_type=\"column\" data-e-type=\"column\">\n\t\t\t<div class=\"elementor-widget-wrap elementor-element-populated\">\n\t\t\t\t\t\t<div class=\"elementor-element elementor-element-7e4ff38 pscgreenlink elementor-widget elementor-widget-text-editor\" data-id=\"7e4ff38\" data-element_type=\"widget\" data-e-type=\"widget\" data-widget_type=\"text-editor.default\">\n\t\t\t\t<div class=\"elementor-widget-container\">\n\t\t\t\t\t\t\t\t\tTest cantonale di tedesco\t\t\t\t\t\t\t\t<\/div>\n\t\t\t\t<\/div>\n\t\t\t\t<div class=\"elementor-element elementor-element-df40c9c elementor-widget elementor-widget-text-editor\" data-id=\"df40c9c\" data-element_type=\"widget\" data-e-type=\"widget\" data-widget_type=\"text-editor.default\">\n\t\t\t\t<div class=\"elementor-widget-container\">\n\t\t\t\t\t\t\t\t\tProcedura di naturalizzazione (KDE)\t\t\t\t\t\t\t\t<\/div>\n\t\t\t\t<\/div>\n\t\t\t\t\t<\/div>\n\t\t<\/div>\n\t\t\t\t\t<\/div>\n\t\t<\/section>\n\t\t\t\t<div class=\"elementor-element elementor-element-d599f5e elementor-widget elementor-widget-text-editor\" data-id=\"d599f5e\" data-element_type=\"widget\" data-e-type=\"widget\" data-widget_type=\"text-editor.default\">\n\t\t\t\t<div class=\"elementor-widget-container translation-block\">Prova delle conoscenze della lingua tedesca per la naturalizzazione svizzera. Vengono esaminate quattro categorie: ascoltare, parlare, scrivere e capacit\u00e0 di lettura. Niveau da raggiungere : Ascolto e conversazione : B1 \u2013 Lettura e scrittura : A2<\/div>\n\t\t\t\t<\/div>\n\t\t\t\t\t<\/div>\n\t\t<\/div>\n\t\t\t\t<div class=\"elementor-column elementor-col-50 elementor-top-column elementor-element elementor-element-cdc653c\" data-id=\"cdc653c\" data-element_type=\"column\" data-e-type=\"column\">\n\t\t\t<div class=\"elementor-widget-wrap\">\n\t\t\t\t\t\t\t<\/div>\n\t\t<\/div>\n\t\t\t\t\t<\/div>\n\t\t<\/section>\n\t\t\t\t<\/div>","protected":false},"excerpt":{"rendered":"<p>Zertifikate \/ Pr\u00fcfungen Wir bereiten dich auf folgende Deutschzertifikate und Deutschpr\u00fcfungen vor und beraten dich. Dein Erfolg liegt uns am Herzen. Wir melden dich dann an, wenn wir sicher sind, dass du die Pr\u00fcfung bestehen wirst. TELC-Zertifikat International anerkanntes Zertifikat der deutschen Sprache.Gepr\u00fcft werden 4 Kategorien:H\u00f6ren, Sprechen, Lesen, Schreiben.Zertifikate auf den Niveaus: A1, A2, B1, [&hellip;]<\/p>\n","protected":false},"author":2,"featured_media":0,"parent":0,"menu_order":5,"comment_status":"closed","ping_status":"closed","template":"","meta":{"footnotes":""},"class_list":["post-29","page","type-page","status-publish","hentry"],"_links":{"self":[{"href":"https:\/\/hallodeutschschule.ch\/it\/wp-json\/wp\/v2\/pages\/29","targetHints":{"allow":["GET"]}}],"collection":[{"href":"https:\/\/hallodeutschschule.ch\/it\/wp-json\/wp\/v2\/pages"}],"about":[{"href":"https:\/\/hallodeutschschule.ch\/it\/wp-json\/wp\/v2\/types\/page"}],"author":[{"embeddable":true,"href":"https:\/\/hallodeutschschule.ch\/it\/wp-json\/wp\/v2\/users\/2"}],"replies":[{"embeddable":true,"href":"https:\/\/hallodeutschschule.ch\/it\/wp-json\/wp\/v2\/comments?post=29"}],"version-history":[{"count":0,"href":"https:\/\/hallodeutschschule.ch\/it\/wp-json\/wp\/v2\/pages\/29\/revisions"}],"wp:attachment":[{"href":"https:\/\/hallodeutschschule.ch\/it\/wp-json\/wp\/v2\/media?parent=29"}],"curies":[{"name":"wp","href":"https:\/\/api.w.org\/{rel}","templated":true}]}}