{"id":5852,"date":"2022-07-28T15:04:58","date_gmt":"2022-07-28T13:04:58","guid":{"rendered":"http:\/\/34.65.0.237\/?page_id=5852"},"modified":"2023-02-27T20:00:39","modified_gmt":"2023-02-27T19:00:39","slug":"genel-hu%cc%88ku%cc%88m-ve-kosullari","status":"publish","type":"page","link":"https:\/\/hallodeutschschule.ch\/it\/genel-hu%cc%88ku%cc%88m-ve-kosullari\/","title":{"rendered":"Genel Hu\u0308ku\u0308m ve Ko\u015fullar\u0131"},"content":{"rendered":"<div data-elementor-type=\"wp-page\" data-elementor-id=\"5852\" class=\"elementor elementor-5852\" data-elementor-post-type=\"page\">\n\t\t\t\t\t\t<section class=\"elementor-section elementor-top-section elementor-element elementor-element-5a63a30 elementor-section-boxed elementor-section-height-default elementor-section-height-default\" data-id=\"5a63a30\" data-element_type=\"section\" data-e-type=\"section\">\n\t\t\t\t\t\t<div class=\"elementor-container elementor-column-gap-default\">\n\t\t\t\t\t<div class=\"elementor-column elementor-col-100 elementor-top-column elementor-element elementor-element-7c23e78\" data-id=\"7c23e78\" data-element_type=\"column\" data-e-type=\"column\">\n\t\t\t<div class=\"elementor-widget-wrap elementor-element-populated\">\n\t\t\t\t\t\t<div class=\"elementor-element elementor-element-3180631 elementor-widget elementor-widget-heading\" data-id=\"3180631\" data-element_type=\"widget\" data-e-type=\"widget\" data-widget_type=\"heading.default\">\n\t\t\t\t<div class=\"elementor-widget-container\">\n\t\t\t\t\t<h1 class=\"elementor-heading-title elementor-size-default\">Genel Hu\u0308ku\u0308m ve Ko\u015fullar\u0131<\/h1>\t\t\t\t<\/div>\n\t\t\t\t<\/div>\n\t\t\t\t<div class=\"elementor-element elementor-element-8588937 elementor-widget elementor-widget-text-editor\" data-id=\"8588937\" data-element_type=\"widget\" data-e-type=\"widget\" data-widget_type=\"text-editor.default\">\n\t\t\t\t<div class=\"elementor-widget-container\">\n\t\t\t\t\t\t\t\t\t<h3 class=\"allg\">Genel Hu\u0308ku\u0308m ve Ko\u015fullar\u0131<\/h3>\t\t\t\t\t\t\t\t<\/div>\n\t\t\t\t<\/div>\n\t\t\t\t<div class=\"elementor-element elementor-element-0f927ee elementor-widget elementor-widget-text-editor\" data-id=\"0f927ee\" data-element_type=\"widget\" data-e-type=\"widget\" data-widget_type=\"text-editor.default\">\n\t\t\t\t<div class=\"elementor-widget-container\">\n\t\t\t\t\t\t\t\t\t<p>Hallo Deutschschule GmbH<\/p>\t\t\t\t\t\t\t\t<\/div>\n\t\t\t\t<\/div>\n\t\t\t\t\t<\/div>\n\t\t<\/div>\n\t\t\t\t\t<\/div>\n\t\t<\/section>\n\t\t\t\t<section class=\"elementor-section elementor-top-section elementor-element elementor-element-04b38f1 elementor-section-boxed elementor-section-height-default elementor-section-height-default\" data-id=\"04b38f1\" data-element_type=\"section\" data-e-type=\"section\">\n\t\t\t\t\t\t<div class=\"elementor-container elementor-column-gap-default\">\n\t\t\t\t\t<div class=\"elementor-column elementor-col-50 elementor-top-column elementor-element elementor-element-1ac8d16\" data-id=\"1ac8d16\" data-element_type=\"column\" data-e-type=\"column\">\n\t\t\t<div class=\"elementor-widget-wrap elementor-element-populated\">\n\t\t\t\t\t\t<div class=\"elementor-element elementor-element-0803791 elementor-widget elementor-widget-text-editor\" data-id=\"0803791\" data-element_type=\"widget\" data-e-type=\"widget\" data-widget_type=\"text-editor.default\">\n\t\t\t\t<div class=\"elementor-widget-container\">\n\t\t\t\t\t\t\t\t\tKay\u0131t\t\t\t\t\t\t\t\t<\/div>\n\t\t\t\t<\/div>\n\t\t\t\t<div class=\"elementor-element elementor-element-13b1202 elementor-widget elementor-widget-text-editor\" data-id=\"13b1202\" data-element_type=\"widget\" data-e-type=\"widget\" data-widget_type=\"text-editor.default\">\n\t\t\t\t<div class=\"elementor-widget-container\">\n\t\t\t\t\t\t\t\t\tKayd\u0131n\u0131z ile Hallo Deutschschule&#8217;nin Genel Hu\u0308ku\u0308m ve Ko\u015fullar\u0131n\u0131 kabul etmi\u015f olursunuz. Almanca kursu i\u00e7in kurs kay\u0131tlar\u0131 sadece yaz\u0131l\u0131\nolarak kabul edilir. Kay\u0131t yasal olarak ge\u00e7erlidir ve rezerve edilen Almanca kursu i\u00e7in \u00f6deme yapman\u0131z\u0131 gerektirir. 6 ayl\u0131k aboneliklerde,\nu\u0308cretin tamam\u0131n\u0131n bir defada \u00f6denmemesi durumunda, ba\u011flay\u0131c\u0131 nitelikte bir \u00f6deme s\u00f6zle\u015fmesi imzalanmal\u0131d\u0131r. Aboneliklerin ayl\u0131k\ntaksitler halinde \u00f6denmesi durumunda, depozito sadece son aydaki kurs u\u0308cretinden du\u0308\u015fu\u0308lecek ve hi\u00e7bir zaman \u00f6nceden geri talep\nedilemeyecektir. Devam eden kurstaki mevcut \u00f6\u011frenciler i\u00e7in kurs yerleri, ancak \u00f6\u011frencilerin kursun u\u0308\u00e7u\u0308ncu\u0308 haftas\u0131n\u0131n (yo\u011fun) sonuna\nkadar, kursun be\u015finci haftas\u0131n\u0131n (yar\u0131 yo\u011fun) sonuna kadar yaz\u0131l\u0131 olarak kay\u0131t yapt\u0131rmas\u0131 durumunda garanti edilebilir veya kursun on ikinci\nhaftas\u0131n\u0131n sonunda (Cumartesi) kurs ba\u015flamadan \u00f6nce (bu ayn\u0131 zamanda 3. ay veya 6 ayl\u0131k aboneli\u011fi olan \u00f6\u011frenciler i\u00e7in de ge\u00e7erlidir).\n\u0130stisnai durumlarda, tu\u0308m dahili \u00f6\u011frencilerin takip kursu i\u00e7in zaman\u0131nda kaydolmalar\u0131 ko\u015fuluyla, zaman\u0131nda kayd\u0131n\u0131z\u0131n iptal edilebilece\u011fini\nlu\u0308tfen unutmay\u0131n. E\u011fitim KDV\u2018sizdir.\t\t\t\t\t\t\t\t<\/div>\n\t\t\t\t<\/div>\n\t\t\t\t<div class=\"elementor-element elementor-element-cd988d7 elementor-widget elementor-widget-text-editor\" data-id=\"cd988d7\" data-element_type=\"widget\" data-e-type=\"widget\" data-widget_type=\"text-editor.default\">\n\t\t\t\t<div class=\"elementor-widget-container\">\n\t\t\t\t\t\t\t\t\t<p>Kay\u0131t Silme<\/p>\t\t\t\t\t\t\t\t<\/div>\n\t\t\t\t<\/div>\n\t\t\t\t<div class=\"elementor-element elementor-element-b052c1f elementor-widget elementor-widget-text-editor\" data-id=\"b052c1f\" data-element_type=\"widget\" data-e-type=\"widget\" data-widget_type=\"text-editor.default\">\n\t\t\t\t<div class=\"elementor-widget-container\">\n\t\t\t\t\t\t\t\t\tKat\u0131l\u0131mc\u0131, rezervasyon yapt\u0131rd\u0131\u011f\u0131 Almanca kursunu, kurs ba\u015flang\u0131c\u0131ndan 5 takvim gu\u0308nu\u0308 \u00f6ncesine kadar ek u\u0308cret \u00f6demeden yaz\u0131l\u0131 olarak iptal\nedebilir. Ge\u00e7 iptal durumunda, kat\u0131l\u0131mc\u0131 kurs u\u0308cretinin tamam\u0131n\u0131 \u00f6demek zorundad\u0131r. Hallo Deutschschule, devams\u0131zl\u0131\u011f\u0131n, devams\u0131zl\u0131\u011f\u0131n\nba\u015flang\u0131c\u0131ndan en az 5 gu\u0308n \u00f6nce bildirilmi\u015f olmas\u0131 ko\u015fuluyla, devam edilmeyen kurs haftalar\u0131 i\u00e7in bir kupon vermekten mutluluk duyar.\nAlmanca kursu s\u0131ras\u0131nda bir kesinti olmas\u0131 durumunda, kat\u0131l\u0131mc\u0131n\u0131n geri \u00f6deme alma hakk\u0131 yoktur, ancak Hallo Deutschschule, kesintinin\nen az 5 gu\u0308n \u00f6nce sekreterli\u011fe yaz\u0131l\u0131 olarak bildirilmesi \u015fart\u0131yla ve kesinti 1 haftadan fazla(intensive-yo\u011fun kursta), 2 haftadan fazla( semi\nintensive-yar\u0131 yo\u011fun kursta) ve 3 haftadan fazla(Samstag- Cumartesi kursunda) olmamak \u015fart\u0131yla burada da bir kupon du\u0308zenlemeye\nisteklidir. Hallo Deutschschule, ilk kursun su\u0308resi boyunca yeni mu\u0308\u015fteriler i\u00e7in herhangi bir kredi notu VERMEZ. Cumartesi kurslar\u0131 i\u00e7in, en\naz iki kere arka arkaya Cumartesi devams\u0131zl\u0131k yap\u0131lacaksa bu bildirilmek zorundad\u0131r. \u00d6\u011frenci, hastal\u0131k nedeniyle Almanca kursuna\nkat\u0131lamazsa, kat\u0131l\u0131mc\u0131ya sa\u011fl\u0131k sertifikas\u0131 ibraz\u0131ndan sonra kat\u0131lmayan Almanca dersleri i\u00e7in bir kupon verilecektir. Bu kupon ba\u015fka ki\u015filere\ndevredilemez. Kuponlar veya krediler nakit olarak \u00f6denmeyecektir. Doktor raporu ibraz edilmedik\u00e7e, kat\u0131lmayan bireysel kurs gu\u0308nleri i\u00e7in\nkredi notu du\u0308zenlenmeyecektir. Kuponlar sekreterlikten al\u0131nabilir ve sadece tu\u0308m kurslara kay\u0131tta(tu\u0308m kurs su\u0308resince) kullan\u0131labilir.\nKuponlar\/krediler \u00f6zel ders, ders materyali ve benzerleri i\u00e7in kullan\u0131lamaz. Kat\u0131l\u0131mc\u0131lar, kay\u0131t s\u0131ras\u0131nda bilinen veya \u00f6ng\u00f6ru\u0308lebilen t\u0131bbi, \u00f6zel\nveya mesleki sorunlar veya de\u011fi\u015fiklikler nedeniyle kat\u0131lamazsa, Hallo Deutschschule, bir kredi verilmeden kurs u\u0308cretinin tamam\u0131n\u0131n\n\u00f6denmesini talep etme hakk\u0131na sahiptir.(mu\u0308\u015fteriler, ki\u015fisel planlama belirsizli\u011fi durumunda, \u00f6rne\u011fin \u00f6nceki hastal\u0131klar, hamilelik, bir i\u015f\nteklifi olas\u0131l\u0131\u011f\u0131, vize vb. her durumda kendisi sorumludur).\t\t\t\t\t\t\t\t<\/div>\n\t\t\t\t<\/div>\n\t\t\t\t<div class=\"elementor-element elementor-element-528f70c elementor-widget elementor-widget-text-editor\" data-id=\"528f70c\" data-element_type=\"widget\" data-e-type=\"widget\" data-widget_type=\"text-editor.default\">\n\t\t\t\t<div class=\"elementor-widget-container\">\n\t\t\t\t\t\t\t\t\tBitirme Sertifikalar\u0131 ve Onaylar\t\t\t\t\t\t\t\t<\/div>\n\t\t\t\t<\/div>\n\t\t\t\t<div class=\"elementor-element elementor-element-4417dc0 elementor-widget elementor-widget-text-editor\" data-id=\"4417dc0\" data-element_type=\"widget\" data-e-type=\"widget\" data-widget_type=\"text-editor.default\">\n\t\t\t\t<div class=\"elementor-widget-container\">\n\t\t\t\t\t\t\t\t\tBir dil seviyesini ba\u015far\u0131yla tamamlayan her kurs kat\u0131l\u0131mc\u0131s\u0131, talep u\u0308zerine Hallo Deutschschule&#8217;den bir sertifika alacakt\u0131r. Bir seviyenin bir\nk\u0131sm\u0131n\u0131n tamamlanmas\u0131n\u0131n ard\u0131ndan veya yetersiz performans durumunda, talep u\u0308zerine bir kursa kat\u0131l\u0131m onay\u0131 verilecektir.\t\t\t\t\t\t\t\t<\/div>\n\t\t\t\t<\/div>\n\t\t\t\t<div class=\"elementor-element elementor-element-df81ffb elementor-widget elementor-widget-text-editor\" data-id=\"df81ffb\" data-element_type=\"widget\" data-e-type=\"widget\" data-widget_type=\"text-editor.default\">\n\t\t\t\t<div class=\"elementor-widget-container\">\n\t\t\t\t\t\t\t\t\tOkul Taraf\u0131ndan Ders \u0130ptali \/ Uygulama imkans\u0131zl\u0131\u011f\u0131\t\t\t\t\t\t\t\t<\/div>\n\t\t\t\t<\/div>\n\t\t\t\t<div class=\"elementor-element elementor-element-f773640 elementor-widget elementor-widget-text-editor\" data-id=\"f773640\" data-element_type=\"widget\" data-e-type=\"widget\" data-widget_type=\"text-editor.default\">\n\t\t\t\t<div class=\"elementor-widget-container\">\n\t\t\t\t\t\t\t\t\tBir ders i\u00e7in \u00e7ok az kay\u0131t varsa, Hallo Deutschschule dersi iptal edebilir. Bu durumda kat\u0131l\u0131mc\u0131ya \u00f6dedi\u011fi tutar iade edilir. K\u0131sa su\u0308rede acil\nbir durum (\u00f6rne\u011fin kurs hocas\u0131n\u0131n hastalanmas\u0131) ve dolay\u0131s\u0131yla okulun sorumlu oldu\u011fu bir sebepten \u00f6tu\u0308ru\u0308 planl\u0131 bir ders\nger\u00e7ekle\u015femezse, bo\u015f yere gelen kurs kat\u0131l\u0131mc\u0131lar\u0131n\u0131n tazminat\u0131 bir dersin masraflar\u0131n\u0131n tazmini ile s\u0131n\u0131rl\u0131d\u0131r. Ki\u015fi ba\u015f\u0131 maksimum 50\nCHF\u2018d\u0131r. Mu\u0308cbir sebep hallerinde (grev, afet, salg\u0131n hastal\u0131k, pandemi vb.) kurs u\u0308creti iade edilmez. Mu\u0308cbir sebeplerden kaynaklanan\nar\u0131zan\u0131n sona ermesinden sonra kursa devam edilir. Kesintiden sonra kursa devam etmenin mu\u0308mku\u0308n olmad\u0131\u011f\u0131 belgelerle kan\u0131tlanabilirse\nkredi notu ile telafi edilir.\t\t\t\t\t\t\t\t<\/div>\n\t\t\t\t<\/div>\n\t\t\t\t<div class=\"elementor-element elementor-element-627f25a elementor-widget elementor-widget-text-editor\" data-id=\"627f25a\" data-element_type=\"widget\" data-e-type=\"widget\" data-widget_type=\"text-editor.default\">\n\t\t\t\t<div class=\"elementor-widget-container\">\n\t\t\t\t\t\t\t\t\tFiyatlar\t\t\t\t\t\t\t\t<\/div>\n\t\t\t\t<\/div>\n\t\t\t\t<div class=\"elementor-element elementor-element-1990b52 elementor-widget elementor-widget-text-editor\" data-id=\"1990b52\" data-element_type=\"widget\" data-e-type=\"widget\" data-widget_type=\"text-editor.default\">\n\t\t\t\t<div class=\"elementor-widget-container\">\n\t\t\t\t\t\t\t\t\t\u0130nternette ve kurs program\u0131nda belirtilen fiyatlar ba\u011flay\u0131c\u0131d\u0131r. Kurs materyali kurs fiyat\u0131na dahil de\u011fildir. S\u0131n\u0131flarda C2 kurslar\u0131 yer\nal\u0131yorsa, k\u0131smi seviye ba\u015f\u0131na fiyat 600 CHF&#8217;dir ve kesintiler i\u00e7in kredi verilmeyecektir. Birka\u00e7 indirim biriktirilemez.\t\t\t\t\t\t\t\t<\/div>\n\t\t\t\t<\/div>\n\t\t\t\t<div class=\"elementor-element elementor-element-47ea779 elementor-widget elementor-widget-text-editor\" data-id=\"47ea779\" data-element_type=\"widget\" data-e-type=\"widget\" data-widget_type=\"text-editor.default\">\n\t\t\t\t<div class=\"elementor-widget-container\">\n\t\t\t\t\t\t\t\t\t<p>Fatura<\/p>\t\t\t\t\t\t\t\t<\/div>\n\t\t\t\t<\/div>\n\t\t\t\t<div class=\"elementor-element elementor-element-0eb6ffb elementor-widget elementor-widget-text-editor\" data-id=\"0eb6ffb\" data-element_type=\"widget\" data-e-type=\"widget\" data-widget_type=\"text-editor.default\">\n\t\t\t\t<div class=\"elementor-widget-container\">\n\t\t\t\t\t\t\t\t\tKayd\u0131n\u0131z\u0131 ald\u0131ktan sonra Hallo Deutschschule&#8217;den bir fatura alacaks\u0131n\u0131z. Bu, Almanca kursu ba\u015flamadan \u00f6nce \u00f6denmelidir. Kurs belgeleri kurs fiyat\u0131na dahil de\u011fildir ve resepsiyondan al\u0131nabilir ve u\u0308creti orada \u00f6denmelidir.\t\t\t\t\t\t\t\t<\/div>\n\t\t\t\t<\/div>\n\t\t\t\t<div class=\"elementor-element elementor-element-8436acf elementor-widget elementor-widget-text-editor\" data-id=\"8436acf\" data-element_type=\"widget\" data-e-type=\"widget\" data-widget_type=\"text-editor.default\">\n\t\t\t\t<div class=\"elementor-widget-container\">\n\t\t\t\t\t\t\t\t\tTaksitli \u00d6demeler\t\t\t\t\t\t\t\t<\/div>\n\t\t\t\t<\/div>\n\t\t\t\t<div class=\"elementor-element elementor-element-7cd3c75 elementor-widget elementor-widget-text-editor\" data-id=\"7cd3c75\" data-element_type=\"widget\" data-e-type=\"widget\" data-widget_type=\"text-editor.default\">\n\t\t\t\t<div class=\"elementor-widget-container\">\n\t\t\t\t\t\t\t\t\tTaksitli \u00f6demeler sadece 6 ayl\u0131k abonelikler i\u00e7in kabul edilmektedir. Ancak, tu\u0308m u\u0308cretin 300 CHF tutar\u0131ndaki k\u0131sm\u0131 depozito olarak ve 30\nCHF kay\u0131t u\u0308creti ilk taksit ile birlikte \u00f6denmelidir.\t\t\t\t\t\t\t\t<\/div>\n\t\t\t\t<\/div>\n\t\t\t\t<div class=\"elementor-element elementor-element-389f425 elementor-widget elementor-widget-text-editor\" data-id=\"389f425\" data-element_type=\"widget\" data-e-type=\"widget\" data-widget_type=\"text-editor.default\">\n\t\t\t\t<div class=\"elementor-widget-container\">\n\t\t\t\t\t\t\t\t\tKurs Tekrar\u0131\t\t\t\t\t\t\t\t<\/div>\n\t\t\t\t<\/div>\n\t\t\t\t<div class=\"elementor-element elementor-element-37a7bf8 elementor-widget elementor-widget-text-editor\" data-id=\"37a7bf8\" data-element_type=\"widget\" data-e-type=\"widget\" data-widget_type=\"text-editor.default\">\n\t\t\t\t<div class=\"elementor-widget-container\">\n\t\t\t\t\t\t\t\t\tHer kat\u0131l\u0131mc\u0131 dilerse bir Almanca kursunu tekrar edebilir. Kat\u0131l\u0131mc\u0131, son 4 ay i\u00e7inde Hallo Deutschschule&#8217;deki kursun tamam\u0131na (tu\u0308m kurs su\u0308resi)\nzaten kat\u0131lm\u0131\u015fsa ve kurs su\u0308resinin tamam\u0131 i\u00e7in kay\u0131t yapt\u0131rm\u0131\u015fsa (Tekrar kursu s\u0131ras\u0131nda hi\u00e7bir tatil veya kesinti kaydedilemez), kursun yaln\u0131zca\n%50&#8217;sini \u00f6demek zorundad\u0131r. ). Devam eden 6 ayl\u0131k veya 3 ayl\u0131k abonelik s\u0131ras\u0131nda tekrar mu\u0308mku\u0308ndu\u0308r, ancak 6 ayl\u0131k veya 3 ayl\u0131k abonelik\nkesintiye u\u011frar ve tekrar kursunun biti\u015finden sonra devam eder. Mevcut 6 ayl\u0131k veya 3 ayl\u0131k aboneliklerde tekrar yap\u0131lmas\u0131 durumunda indirimsiz\nnormal kurs u\u0308cretinin %50&#8217;si \u00f6denmelidir. Ayn\u0131 anda iki yo\u011fun kursa kat\u0131lan kat\u0131l\u0131mc\u0131lar, ikinci yo\u011fun kursta standart %50 indirimden zaten\nyararland\u0131klar\u0131 i\u00e7in kurs tekrar\u0131 durumunda indirim almazlar.\t\t\t\t\t\t\t\t<\/div>\n\t\t\t\t<\/div>\n\t\t\t\t<div class=\"elementor-element elementor-element-31fbc92 elementor-widget elementor-widget-text-editor\" data-id=\"31fbc92\" data-element_type=\"widget\" data-e-type=\"widget\" data-widget_type=\"text-editor.default\">\n\t\t\t\t<div class=\"elementor-widget-container\">\n\t\t\t\t\t\t\t\t\tS\u0131n\u0131f Ba\u015f\u0131na Kat\u0131l\u0131mc\u0131\t\t\t\t\t\t\t\t<\/div>\n\t\t\t\t<\/div>\n\t\t\t\t<div class=\"elementor-element elementor-element-fee95f6 elementor-widget elementor-widget-text-editor\" data-id=\"fee95f6\" data-element_type=\"widget\" data-e-type=\"widget\" data-widget_type=\"text-editor.default\">\n\t\t\t\t<div class=\"elementor-widget-container\">\n\t\t\t\t\t\t\t\t\t<p>Minimum kat\u0131l\u0131mc\u0131 say\u0131s\u0131 alt\u0131, maksimum kat\u0131l\u0131mc\u0131 say\u0131s\u0131 on d\u00f6rttu\u0308r.<\/p>\t\t\t\t\t\t\t\t<\/div>\n\t\t\t\t<\/div>\n\t\t\t\t<div class=\"elementor-element elementor-element-27252f8 elementor-widget elementor-widget-text-editor\" data-id=\"27252f8\" data-element_type=\"widget\" data-e-type=\"widget\" data-widget_type=\"text-editor.default\">\n\t\t\t\t<div class=\"elementor-widget-container\">\n\t\t\t\t\t\t\t\t\tDe\u011fi\u015fiklikler\t\t\t\t\t\t\t\t<\/div>\n\t\t\t\t<\/div>\n\t\t\t\t<div class=\"elementor-element elementor-element-0724985 elementor-widget elementor-widget-text-editor\" data-id=\"0724985\" data-element_type=\"widget\" data-e-type=\"widget\" data-widget_type=\"text-editor.default\">\n\t\t\t\t<div class=\"elementor-widget-container\">\n\t\t\t\t\t\t\t\t\tKurs program\u0131nda de\u011fi\u015fiklik yapma ve fiyat ayarlamas\u0131 yapma hakk\u0131m\u0131z sakl\u0131d\u0131r.\t\t\t\t\t\t\t\t<\/div>\n\t\t\t\t<\/div>\n\t\t\t\t<div class=\"elementor-element elementor-element-ef3922e elementor-widget elementor-widget-text-editor\" data-id=\"ef3922e\" data-element_type=\"widget\" data-e-type=\"widget\" data-widget_type=\"text-editor.default\">\n\t\t\t\t<div class=\"elementor-widget-container\">\n\t\t\t\t\t\t\t\t\tSigorta\t\t\t\t\t\t\t\t<\/div>\n\t\t\t\t<\/div>\n\t\t\t\t<div class=\"elementor-element elementor-element-43ee181 elementor-widget elementor-widget-text-editor\" data-id=\"43ee181\" data-element_type=\"widget\" data-e-type=\"widget\" data-widget_type=\"text-editor.default\">\n\t\t\t\t<div class=\"elementor-widget-container\">\n\t\t\t\t\t\t\t\t\tHallo Deutschschule hi\u00e7bir \u015fekilde sorumluluk kabul etmez. Kaza sigortas\u0131 kat\u0131l\u0131mc\u0131ya aittir.\t\t\t\t\t\t\t\t<\/div>\n\t\t\t\t<\/div>\n\t\t\t\t<div class=\"elementor-element elementor-element-dcc4f7b elementor-widget elementor-widget-text-editor\" data-id=\"dcc4f7b\" data-element_type=\"widget\" data-e-type=\"widget\" data-widget_type=\"text-editor.default\">\n\t\t\t\t<div class=\"elementor-widget-container\">\n\t\t\t\t\t\t\t\t\tYarg\u0131 yeri\t\t\t\t\t\t\t\t<\/div>\n\t\t\t\t<\/div>\n\t\t\t\t<div class=\"elementor-element elementor-element-afb3f8d elementor-widget elementor-widget-text-editor\" data-id=\"afb3f8d\" data-element_type=\"widget\" data-e-type=\"widget\" data-widget_type=\"text-editor.default\">\n\t\t\t\t<div class=\"elementor-widget-container\">\n\t\t\t\t\t\t\t\t\t<p>\u0130svi\u00e7re hukuku ge\u00e7erlidir. Yarg\u0131 yeri Zu\u0308rih&#8217;tir.<br \/>Zu\u0308rih, \u015eubat 2022<\/p>\t\t\t\t\t\t\t\t<\/div>\n\t\t\t\t<\/div>\n\t\t\t\t\t<\/div>\n\t\t<\/div>\n\t\t\t\t<div class=\"elementor-column elementor-col-50 elementor-top-column elementor-element elementor-element-0e91468\" data-id=\"0e91468\" data-element_type=\"column\" data-e-type=\"column\">\n\t\t\t<div class=\"elementor-widget-wrap\">\n\t\t\t\t\t\t\t<\/div>\n\t\t<\/div>\n\t\t\t\t\t<\/div>\n\t\t<\/section>\n\t\t\t\t<\/div>","protected":false},"excerpt":{"rendered":"<p>Genel Hu\u0308ku\u0308m ve Ko\u015fullar\u0131 Genel Hu\u0308ku\u0308m ve Ko\u015fullar\u0131 Hallo Deutschschule GmbH Kay\u0131tKayd\u0131n\u0131z ile Hallo Deutschschule&#8217;nin Genel Hu\u0308ku\u0308m ve Ko\u015fullar\u0131n\u0131 kabul etmi\u015f olursunuz. Almanca kursu i\u00e7in kurs kay\u0131tlar\u0131 sadece yaz\u0131l\u0131 olarak kabul edilir. Kay\u0131t yasal olarak ge\u00e7erlidir ve rezerve edilen Almanca kursu i\u00e7in \u00f6deme yapman\u0131z\u0131 gerektirir. 6 ayl\u0131k aboneliklerde, u\u0308cretin tamam\u0131n\u0131n bir defada \u00f6denmemesi durumunda, ba\u011flay\u0131c\u0131 [&hellip;]<\/p>\n","protected":false},"author":2,"featured_media":0,"parent":0,"menu_order":220,"comment_status":"closed","ping_status":"closed","template":"","meta":{"footnotes":""},"class_list":["post-5852","page","type-page","status-publish","hentry"],"_links":{"self":[{"href":"https:\/\/hallodeutschschule.ch\/it\/wp-json\/wp\/v2\/pages\/5852","targetHints":{"allow":["GET"]}}],"collection":[{"href":"https:\/\/hallodeutschschule.ch\/it\/wp-json\/wp\/v2\/pages"}],"about":[{"href":"https:\/\/hallodeutschschule.ch\/it\/wp-json\/wp\/v2\/types\/page"}],"author":[{"embeddable":true,"href":"https:\/\/hallodeutschschule.ch\/it\/wp-json\/wp\/v2\/users\/2"}],"replies":[{"embeddable":true,"href":"https:\/\/hallodeutschschule.ch\/it\/wp-json\/wp\/v2\/comments?post=5852"}],"version-history":[{"count":33,"href":"https:\/\/hallodeutschschule.ch\/it\/wp-json\/wp\/v2\/pages\/5852\/revisions"}],"predecessor-version":[{"id":5892,"href":"https:\/\/hallodeutschschule.ch\/it\/wp-json\/wp\/v2\/pages\/5852\/revisions\/5892"}],"wp:attachment":[{"href":"https:\/\/hallodeutschschule.ch\/it\/wp-json\/wp\/v2\/media?parent=5852"}],"curies":[{"name":"wp","href":"https:\/\/api.w.org\/{rel}","templated":true}]}}