{"id":10500,"date":"2022-09-06T09:47:23","date_gmt":"2022-09-06T07:47:23","guid":{"rendered":"http:\/\/34.65.0.237\/?page_id=10500"},"modified":"2023-02-27T20:31:28","modified_gmt":"2023-02-27T19:31:28","slug":"anmeldung-zur-telc-pruefung-a1-an-der-hallo-deutschschule-2","status":"publish","type":"page","link":"https:\/\/hallodeutschschule.ch\/pt\/anmeldung-zur-telc-pruefung-a1-an-der-hallo-deutschschule-2\/","title":{"rendered":"Inscri\u00e7\u00e3o para a prepara\u00e7\u00e3o do exame telc A1 na Hallo Deutschschule"},"content":{"rendered":"\t\t<div data-elementor-type=\"wp-page\" data-elementor-id=\"10500\" class=\"elementor elementor-10500\" data-elementor-post-type=\"page\">\n\t\t\t\t\t\t<section class=\"elementor-section elementor-top-section elementor-element elementor-element-3494b09 elementor-section-boxed elementor-section-height-default elementor-section-height-default\" data-id=\"3494b09\" data-element_type=\"section\" data-e-type=\"section\">\n\t\t\t\t\t\t<div class=\"elementor-container elementor-column-gap-default\">\n\t\t\t\t\t<div class=\"elementor-column elementor-col-50 elementor-top-column elementor-element elementor-element-84f211c\" data-id=\"84f211c\" data-element_type=\"column\" data-e-type=\"column\">\n\t\t\t<div class=\"elementor-widget-wrap elementor-element-populated\">\n\t\t\t\t\t\t<div class=\"elementor-element elementor-element-0147136 elementor-widget elementor-widget-heading\" data-id=\"0147136\" data-element_type=\"widget\" data-e-type=\"widget\" data-widget_type=\"heading.default\">\n\t\t\t\t<div class=\"elementor-widget-container\">\n\t\t\t\t\t<h1 class=\"elementor-heading-title elementor-size-default\">Anmeldung zur telc Pr\u00fcfungsvorbereitung A1 an der Hallo Deutschschule<\/h1>\t\t\t\t<\/div>\n\t\t\t\t<\/div>\n\t\t\t\t<section class=\"elementor-section elementor-inner-section elementor-element elementor-element-3927557 elementor-section-boxed elementor-section-height-default elementor-section-height-default\" data-id=\"3927557\" data-element_type=\"section\" data-e-type=\"section\">\n\t\t\t\t\t\t<div class=\"elementor-container elementor-column-gap-default\">\n\t\t\t\t\t<div class=\"elementor-column elementor-col-50 elementor-inner-column elementor-element elementor-element-4d1006e\" data-id=\"4d1006e\" data-element_type=\"column\" data-e-type=\"column\" data-settings=\"{&quot;background_background&quot;:&quot;classic&quot;}\">\n\t\t\t<div class=\"elementor-widget-wrap elementor-element-populated\">\n\t\t\t\t\t\t<div class=\"elementor-element elementor-element-565b864 elementor-button-align-start elementor-widget elementor-widget-form\" data-id=\"565b864\" data-element_type=\"widget\" data-e-type=\"widget\" data-settings=\"{&quot;step_next_label&quot;:&quot;Next&quot;,&quot;step_previous_label&quot;:&quot;Previous&quot;,&quot;step_type&quot;:&quot;number_text&quot;,&quot;step_icon_shape&quot;:&quot;circle&quot;}\" data-widget_type=\"form.default\">\n\t\t\t\t<div class=\"elementor-widget-container\">\n\t\t\t\t\t\t\t<form class=\"elementor-form\" method=\"post\" name=\"Kursplatz anfragen\" aria-label=\"Kursplatz anfragen\">\n\t\t\t<input type=\"hidden\" name=\"post_id\" value=\"10500\"\/>\n\t\t\t<input type=\"hidden\" name=\"form_id\" value=\"565b864\"\/>\n\t\t\t<input type=\"hidden\" name=\"referer_title\" value=\"\" \/>\n\n\t\t\t\n\t\t\t<div class=\"elementor-form-fields-wrapper elementor-labels-above\">\n\t\t\t\t\t\t\t\t<div class=\"elementor-field-type-select elementor-field-group elementor-column elementor-field-group-field_c8562b0 elementor-col-100 elementor-field-required elementor-mark-required\">\n\t\t\t\t\t\t\t\t\t\t\t\t<label for=\"form-field-field_c8562b0\" class=\"elementor-field-label\">\n\t\t\t\t\t\t\t\tPr\u00fcfungsvorbereitungsdatum\t\t\t\t\t\t\t<\/label>\n\t\t\t\t\t\t\t\t<div class=\"elementor-field elementor-select-wrapper remove-before \">\n\t\t\t<div class=\"select-caret-down-wrapper\">\n\t\t\t\t<i aria-hidden=\"true\" class=\"eicon-caret-down\"><\/i>\t\t\t<\/div>\n\t\t\t<select name=\"form_fields[field_c8562b0]\" id=\"form-field-field_c8562b0\" class=\"elementor-field-textual elementor-size-sm\" required=\"required\">\n\t\t\t\t\t\t\t\t\t<option value=\"W\u00e4hlen Sie\">W\u00e4hlen Sie<\/option>\n\t\t\t\t\t\t\t\t\t<option value=\"27.01.2023 (Anmeldeschluss 23.01.2023) 14-16:30Uhr\">27.01.2023 (Anmeldeschluss 23.01.2023) 14-16:30Uhr<\/option>\n\t\t\t\t\t\t\t\t\t<option value=\"14.04.2023 (Anmeldeschluss 11.04.2023) 14-16:30Uhr\">14.04.2023 (Anmeldeschluss 11.04.2023) 14-16:30Uhr<\/option>\n\t\t\t\t\t\t\t\t\t<option value=\"09.06.2023 (Anmeldeschluss 05.06.2023) 14-16:30Uhr\">09.06.2023 (Anmeldeschluss 05.06.2023) 14-16:30Uhr<\/option>\n\t\t\t\t\t\t\t\t\t<option value=\"25.08.2023 (Anmeldeschluss 21.08.2023) 14-16:30Uhr\">25.08.2023 (Anmeldeschluss 21.08.2023) 14-16:30Uhr<\/option>\n\t\t\t\t\t\t\t\t\t<option value=\"27.10.2023 (Anmeldeschluss 23.10.2023) 14-16:30Uhr\">27.10.2023 (Anmeldeschluss 23.10.2023) 14-16:30Uhr<\/option>\n\t\t\t\t\t\t\t<\/select>\n\t\t<\/div>\n\t\t\t\t\t\t<\/div>\n\t\t\t\t\t\t\t\t<div class=\"elementor-field-type-select elementor-field-group elementor-column elementor-field-group-field_ad2caf1 elementor-col-20 elementor-field-required elementor-mark-required\">\n\t\t\t\t\t\t\t\t\t\t\t\t<label for=\"form-field-field_ad2caf1\" class=\"elementor-field-label\">\n\t\t\t\t\t\t\t\tAnrede\t\t\t\t\t\t\t<\/label>\n\t\t\t\t\t\t\t\t<div class=\"elementor-field elementor-select-wrapper remove-before \">\n\t\t\t<div class=\"select-caret-down-wrapper\">\n\t\t\t\t<i aria-hidden=\"true\" class=\"eicon-caret-down\"><\/i>\t\t\t<\/div>\n\t\t\t<select name=\"form_fields[field_ad2caf1]\" id=\"form-field-field_ad2caf1\" class=\"elementor-field-textual elementor-size-sm\" required=\"required\">\n\t\t\t\t\t\t\t\t\t<option value=\"Frau\">Frau<\/option>\n\t\t\t\t\t\t\t\t\t<option value=\"Herr\">Herr<\/option>\n\t\t\t\t\t\t\t<\/select>\n\t\t<\/div>\n\t\t\t\t\t\t<\/div>\n\t\t\t\t\t\t\t\t<div class=\"elementor-field-type-text elementor-field-group elementor-column elementor-field-group-field_d95dad4 elementor-col-100 elementor-field-required elementor-mark-required\">\n\t\t\t\t\t\t\t\t\t\t\t\t<label for=\"form-field-field_d95dad4\" class=\"elementor-field-label\">\n\t\t\t\t\t\t\t\tName\t\t\t\t\t\t\t<\/label>\n\t\t\t\t\t\t\t\t\t\t\t\t\t\t<input size=\"1\" type=\"text\" name=\"form_fields[field_d95dad4]\" id=\"form-field-field_d95dad4\" class=\"elementor-field elementor-size-sm  elementor-field-textual\" required=\"required\">\n\t\t\t\t\t\t\t\t\t\t\t<\/div>\n\t\t\t\t\t\t\t\t<div class=\"elementor-field-type-text elementor-field-group elementor-column elementor-field-group-field_b3f5877 elementor-col-100 elementor-field-required elementor-mark-required\">\n\t\t\t\t\t\t\t\t\t\t\t\t<label for=\"form-field-field_b3f5877\" class=\"elementor-field-label\">\n\t\t\t\t\t\t\t\tVorname\t\t\t\t\t\t\t<\/label>\n\t\t\t\t\t\t\t\t\t\t\t\t\t\t<input size=\"1\" type=\"text\" name=\"form_fields[field_b3f5877]\" id=\"form-field-field_b3f5877\" class=\"elementor-field elementor-size-sm  elementor-field-textual\" required=\"required\">\n\t\t\t\t\t\t\t\t\t\t\t<\/div>\n\t\t\t\t\t\t\t\t<div class=\"elementor-field-type-email elementor-field-group elementor-column elementor-field-group-email elementor-col-100 elementor-field-required elementor-mark-required\">\n\t\t\t\t\t\t\t\t\t\t\t\t<label for=\"form-field-email\" class=\"elementor-field-label\">\n\t\t\t\t\t\t\t\tE-Mail Adresse\t\t\t\t\t\t\t<\/label>\n\t\t\t\t\t\t\t\t\t\t\t\t\t\t<input size=\"1\" type=\"email\" name=\"form_fields[email]\" id=\"form-field-email\" class=\"elementor-field elementor-size-sm  elementor-field-textual\" required=\"required\">\n\t\t\t\t\t\t\t\t\t\t\t<\/div>\n\t\t\t\t\t\t\t\t<div class=\"elementor-field-type-tel elementor-field-group elementor-column elementor-field-group-field_ef984e9 elementor-col-100\">\n\t\t\t\t\t\t\t\t\t\t\t\t<label for=\"form-field-field_ef984e9\" class=\"elementor-field-label\">\n\t\t\t\t\t\t\t\tTelefon oder Mobile-Nummer\t\t\t\t\t\t\t<\/label>\n\t\t\t\t\t\t\t\t<input size=\"1\" type=\"tel\" name=\"form_fields[field_ef984e9]\" id=\"form-field-field_ef984e9\" class=\"elementor-field elementor-size-sm  elementor-field-textual\" pattern=\"[0-9()#&amp;+*-=.]+\" title=\"Sono accettati solo numeri e caratteri telefonici (#, -, *, ecc.).\">\n\n\t\t\t\t\t\t<\/div>\n\t\t\t\t\t\t\t\t<div class=\"elementor-field-type-text elementor-field-group elementor-column elementor-field-group-field_756c86c elementor-col-100 elementor-field-required elementor-mark-required\">\n\t\t\t\t\t\t\t\t\t\t\t\t<label for=\"form-field-field_756c86c\" class=\"elementor-field-label\">\n\t\t\t\t\t\t\t\tName am Briefkasten\t\t\t\t\t\t\t<\/label>\n\t\t\t\t\t\t\t\t\t\t\t\t\t\t<input size=\"1\" type=\"text\" name=\"form_fields[field_756c86c]\" id=\"form-field-field_756c86c\" class=\"elementor-field elementor-size-sm  elementor-field-textual\" required=\"required\">\n\t\t\t\t\t\t\t\t\t\t\t<\/div>\n\t\t\t\t\t\t\t\t<div class=\"elementor-field-type-text elementor-field-group elementor-column elementor-field-group-field_b7205b8 elementor-col-100\">\n\t\t\t\t\t\t\t\t\t\t\t\t<label for=\"form-field-field_b7205b8\" class=\"elementor-field-label\">\n\t\t\t\t\t\t\t\tStrasse \/ Nr.\t\t\t\t\t\t\t<\/label>\n\t\t\t\t\t\t\t\t\t\t\t\t\t\t<input size=\"1\" type=\"text\" name=\"form_fields[field_b7205b8]\" id=\"form-field-field_b7205b8\" class=\"elementor-field elementor-size-sm  elementor-field-textual\">\n\t\t\t\t\t\t\t\t\t\t\t<\/div>\n\t\t\t\t\t\t\t\t<div class=\"elementor-field-type-number elementor-field-group elementor-column elementor-field-group-field_b86996c elementor-col-100\">\n\t\t\t\t\t\t\t\t\t\t\t\t<label for=\"form-field-field_b86996c\" class=\"elementor-field-label\">\n\t\t\t\t\t\t\t\tPostleitzahl\t\t\t\t\t\t\t<\/label>\n\t\t\t\t\t\t\t\t\t<input type=\"number\" name=\"form_fields[field_b86996c]\" id=\"form-field-field_b86996c\" class=\"elementor-field elementor-size-sm  elementor-field-textual\" min=\"4\" max=\"\" >\n\t\t\t\t\t\t<\/div>\n\t\t\t\t\t\t\t\t<div class=\"elementor-field-type-text elementor-field-group elementor-column elementor-field-group-field_35ebe0d elementor-col-100 elementor-field-required elementor-mark-required\">\n\t\t\t\t\t\t\t\t\t\t\t\t<label for=\"form-field-field_35ebe0d\" class=\"elementor-field-label\">\n\t\t\t\t\t\t\t\tWohnort\t\t\t\t\t\t\t<\/label>\n\t\t\t\t\t\t\t\t\t\t\t\t\t\t<input size=\"1\" type=\"text\" name=\"form_fields[field_35ebe0d]\" id=\"form-field-field_35ebe0d\" class=\"elementor-field elementor-size-sm  elementor-field-textual\" required=\"required\">\n\t\t\t\t\t\t\t\t\t\t\t<\/div>\n\t\t\t\t\t\t\t\t<div class=\"elementor-field-type-html elementor-field-group elementor-column elementor-field-group-field_4607821 elementor-col-100\">\n\t\t\t\t\t<div id=\"titletelcapp\">Allgemeine Bedingungen zur Pr\u00fcfungsanmeldung telc:<\/div>\n1.      Diese Anmeldung ist verbindlich und kann nicht annulliert werden. Nach get\u00e4tigter Anmeldung f\u00fcr eine telc Pr\u00fcfungsvorbereitung m\u00fcssen die Kurskosten auf jeden Fall bezahlt werden. Eine Verschiebung des angemeldeten Pr\u00fcfungsvorbereitungstermins ist nicht m\u00f6glich.<br>\n2.      Die Pr\u00fcfungsvorbereitungskosten m\u00fcssen vor Anmeldeschluss beglichen sein, sonst ist die Anmeldung nicht g\u00fcltig. Bei zeitlich knappen Anmeldungen ( z.B. am gleichen Tag des Anmeldeschlusses) akzeptiert die Hallo Deutschschule GmbH auch eine Kopie des Zahlungsbelegs.<br>\n3.      Die Hallo Deutschschule GmbH f\u00fchrt telc Pr\u00fcfungsvorbereitungen ab 5 Anmeldungen durch. Bei weniger als 5 Anmeldungen beh\u00e4lt sich die Hallo Deutschschule GmbH das Recht vor, die Pr\u00fcfung abzusagen. In diesem Fall werden angemeldete Pr\u00fcfungsvorbereitungsteilnehmer 5 Tage vor dem Pr\u00fcfungsvorbereitungstermin informiert und erhalten die bezahlten Pr\u00fcfungskosten zur\u00fcckerstattet. \t\t\t\t<\/div>\n\t\t\t\t\t\t\t\t<div class=\"elementor-field-type-acceptance elementor-field-group elementor-column elementor-field-group-field_5d87b40 elementor-col-75 elementor-field-required elementor-mark-required\">\n\t\t\t\t\t\t\t<div class=\"elementor-field-subgroup\">\n\t\t\t<span class=\"elementor-field-option\">\n\t\t\t\t<input type=\"checkbox\" name=\"form_fields[field_5d87b40]\" id=\"form-field-field_5d87b40\" class=\"elementor-field elementor-size-sm  elementor-acceptance-field\" required=\"required\">\n\t\t\t\t<label for=\"form-field-field_5d87b40\">Ich habe die Allgemeinen Bedingungen gelesen und bin einverstanden damit.*<\/label>\t\t\t<\/span>\n\t\t<\/div>\n\t\t\t\t\t\t<\/div>\n\t\t\t\t\t\t\t\t<div class=\"elementor-field-type-recaptcha_v3 elementor-field-group elementor-column elementor-field-group-field_2ca5305 elementor-col-100 recaptcha_v3-bottomright\">\n\t\t\t\t\t<div class=\"elementor-field\" id=\"form-field-field_2ca5305\"><div class=\"elementor-g-recaptcha\" data-sitekey=\"6Lc_TJsUAAAAABhQeCUCt9EXq5zPsKUy5paiOFIE\" data-type=\"v3\" data-action=\"Form\" data-badge=\"bottomright\" data-size=\"invisible\"><\/div><\/div>\t\t\t\t<\/div>\n\t\t\t\t\t\t\t\t<div class=\"elementor-field-group elementor-column elementor-field-type-submit elementor-col-100 e-form__buttons\">\n\t\t\t\t\t<button class=\"elementor-button elementor-size-sm\" type=\"submit\">\n\t\t\t\t\t\t<span class=\"elementor-button-content-wrapper\">\n\t\t\t\t\t\t\t\t\t\t\t\t\t\t\t\t\t\t\t\t\t\t<span class=\"elementor-button-text\">Verbindlich (kontenpflichtig) anmelden<\/span>\n\t\t\t\t\t\t\t\t\t\t\t\t\t<\/span>\n\t\t\t\t\t<\/button>\n\t\t\t\t<\/div>\n\t\t\t<\/div>\n\t\t<\/form>\n\t\t\t\t\t\t<\/div>\n\t\t\t\t<\/div>\n\t\t\t\t\t<\/div>\n\t\t<\/div>\n\t\t\t\t<div class=\"elementor-column elementor-col-50 elementor-inner-column elementor-element elementor-element-b514895\" data-id=\"b514895\" data-element_type=\"column\" data-e-type=\"column\">\n\t\t\t<div class=\"elementor-widget-wrap\">\n\t\t\t\t\t\t\t<\/div>\n\t\t<\/div>\n\t\t\t\t\t<\/div>\n\t\t<\/section>\n\t\t\t\t\t<\/div>\n\t\t<\/div>\n\t\t\t\t<div class=\"elementor-column elementor-col-50 elementor-top-column elementor-element elementor-element-777702a\" data-id=\"777702a\" data-element_type=\"column\" data-e-type=\"column\">\n\t\t\t<div class=\"elementor-widget-wrap\">\n\t\t\t\t\t\t\t<\/div>\n\t\t<\/div>\n\t\t\t\t\t<\/div>\n\t\t<\/section>\n\t\t\t\t<\/div>\n\t\t","protected":false},"excerpt":{"rendered":"<p>Inscri\u00e7\u00e3o para a prepara\u00e7\u00e3o do exame telc A1 na Hallo Deutschschule<\/p>","protected":false},"author":2,"featured_media":0,"parent":0,"menu_order":199,"comment_status":"closed","ping_status":"closed","template":"","meta":{"footnotes":""},"class_list":["post-10500","page","type-page","status-publish","hentry"],"_links":{"self":[{"href":"https:\/\/hallodeutschschule.ch\/pt\/wp-json\/wp\/v2\/pages\/10500","targetHints":{"allow":["GET"]}}],"collection":[{"href":"https:\/\/hallodeutschschule.ch\/pt\/wp-json\/wp\/v2\/pages"}],"about":[{"href":"https:\/\/hallodeutschschule.ch\/pt\/wp-json\/wp\/v2\/types\/page"}],"author":[{"embeddable":true,"href":"https:\/\/hallodeutschschule.ch\/pt\/wp-json\/wp\/v2\/users\/2"}],"replies":[{"embeddable":true,"href":"https:\/\/hallodeutschschule.ch\/pt\/wp-json\/wp\/v2\/comments?post=10500"}],"version-history":[{"count":46,"href":"https:\/\/hallodeutschschule.ch\/pt\/wp-json\/wp\/v2\/pages\/10500\/revisions"}],"predecessor-version":[{"id":18334,"href":"https:\/\/hallodeutschschule.ch\/pt\/wp-json\/wp\/v2\/pages\/10500\/revisions\/18334"}],"wp:attachment":[{"href":"https:\/\/hallodeutschschule.ch\/pt\/wp-json\/wp\/v2\/media?parent=10500"}],"curies":[{"name":"wp","href":"https:\/\/api.w.org\/{rel}","templated":true}]}}