{"id":51636,"date":"2026-03-23T15:15:08","date_gmt":"2026-03-23T14:15:08","guid":{"rendered":"https:\/\/hallodeutschschule.ch\/?page_id=51636"},"modified":"2026-03-23T15:25:52","modified_gmt":"2026-03-23T14:25:52","slug":"privatstunden-online","status":"publish","type":"page","link":"https:\/\/hallodeutschschule.ch\/pt\/privatstunden-online\/","title":{"rendered":"Privatstunden online"},"content":{"rendered":"<div data-elementor-type=\"wp-page\" data-elementor-id=\"51636\" class=\"elementor elementor-51636\" data-elementor-post-type=\"page\">\n\t\t\t\t\t\t<section class=\"elementor-section elementor-top-section elementor-element elementor-element-caf5bc4 elementor-section-boxed elementor-section-height-default elementor-section-height-default\" data-id=\"caf5bc4\" data-element_type=\"section\" data-e-type=\"section\">\n\t\t\t\t\t\t<div class=\"elementor-container elementor-column-gap-default\">\n\t\t\t\t\t<div class=\"elementor-column elementor-col-50 elementor-top-column elementor-element elementor-element-c900f0e\" data-id=\"c900f0e\" data-element_type=\"column\" data-e-type=\"column\">\n\t\t\t<div class=\"elementor-widget-wrap elementor-element-populated\">\n\t\t\t\t\t\t<section class=\"elementor-section elementor-inner-section elementor-element elementor-element-27f8297 elementor-section-boxed elementor-section-height-default elementor-section-height-default\" data-id=\"27f8297\" data-element_type=\"section\" data-e-type=\"section\" id=\"boxcourses\">\n\t\t\t\t\t\t<div class=\"elementor-container elementor-column-gap-default\">\n\t\t\t\t\t<div class=\"elementor-column elementor-col-100 elementor-inner-column elementor-element elementor-element-090a754\" data-id=\"090a754\" data-element_type=\"column\" data-e-type=\"column\" data-settings=\"{&quot;background_background&quot;:&quot;classic&quot;}\">\n\t\t\t<div class=\"elementor-widget-wrap elementor-element-populated\">\n\t\t\t\t\t<div class=\"elementor-background-overlay\"><\/div>\n\t\t\t\t\t\t<div class=\"elementor-element elementor-element-3f7b462 elementor-widget elementor-widget-heading\" data-id=\"3f7b462\" data-element_type=\"widget\" data-e-type=\"widget\" data-widget_type=\"heading.default\">\n\t\t\t\t<div class=\"elementor-widget-container\">\n\t\t\t\t\t<h1 class=\"elementor-heading-title elementor-size-default\">Cursos de alem\u00e3o online<\/h1>\t\t\t\t<\/div>\n\t\t\t\t<\/div>\n\t\t\t\t<div class=\"elementor-element elementor-element-e0fe2fa elementor-widget elementor-widget-heading\" data-id=\"e0fe2fa\" data-element_type=\"widget\" data-e-type=\"widget\" data-widget_type=\"heading.default\">\n\t\t\t\t<div class=\"elementor-widget-container\">\n\t\t\t\t\t<h3 class=\"elementor-heading-title elementor-size-default\">Escolha o curso certo para voc\u00ea.\n<\/h3>\t\t\t\t<\/div>\n\t\t\t\t<\/div>\n\t\t\t\t<div class=\"elementor-element elementor-element-c37a143 elementor-nav-menu__align-start elementor-nav-menu--dropdown-none elementor-widget elementor-widget-nav-menu\" data-id=\"c37a143\" data-element_type=\"widget\" data-e-type=\"widget\" id=\"courses\" data-settings=\"{&quot;layout&quot;:&quot;horizontal&quot;,&quot;submenu_icon&quot;:{&quot;value&quot;:&quot;&lt;i class=\\&quot;fas fa-caret-down\\&quot; aria-hidden=\\&quot;true\\&quot;&gt;&lt;\\\/i&gt;&quot;,&quot;library&quot;:&quot;fa-solid&quot;}}\" data-widget_type=\"nav-menu.default\">\n\t\t\t\t<div class=\"elementor-widget-container\">\n\t\t\t\t\t\t\t\t<nav aria-label=\"Menu\" class=\"elementor-nav-menu--main elementor-nav-menu__container elementor-nav-menu--layout-horizontal e--pointer-none\">\n\t\t\t\t<ul id=\"menu-1-c37a143\" class=\"elementor-nav-menu\"><li class=\"menu-item menu-item-type-post_type menu-item-object-page menu-item-has-children menu-item-51642\"><a href=\"https:\/\/hallodeutschschule.ch\/pt\/privatstunden-online\/\" class=\"elementor-item\">Aula Particular<\/a>\n<ul class=\"sub-menu elementor-nav-menu--dropdown\">\n\t<li class=\"menu-item menu-item-type-post_type menu-item-object-page menu-item-51641\"><a href=\"https:\/\/hallodeutschschule.ch\/pt\/online-deutschkurs-a1-1-intensiv-zuerich\/\" class=\"elementor-sub-item\">Intensivo<\/a><\/li>\n\t<li class=\"menu-item menu-item-type-post_type menu-item-object-page menu-item-51640\"><a href=\"https:\/\/hallodeutschschule.ch\/pt\/online-deutschkurs-semi-intensiv-a1-1-zuerich\/\" class=\"elementor-sub-item\">Semi-intensivo<\/a><\/li>\n<\/ul>\n<\/li>\n<\/ul>\t\t\t<\/nav>\n\t\t\t\t\t\t<nav class=\"elementor-nav-menu--dropdown elementor-nav-menu__container\" aria-hidden=\"true\">\n\t\t\t\t<ul id=\"menu-2-c37a143\" class=\"elementor-nav-menu\"><li class=\"menu-item menu-item-type-post_type menu-item-object-page menu-item-has-children menu-item-51642\"><a href=\"https:\/\/hallodeutschschule.ch\/pt\/privatstunden-online\/\" class=\"elementor-item\" tabindex=\"-1\">Aula Particular<\/a>\n<ul class=\"sub-menu elementor-nav-menu--dropdown\">\n\t<li class=\"menu-item menu-item-type-post_type menu-item-object-page menu-item-51641\"><a href=\"https:\/\/hallodeutschschule.ch\/pt\/online-deutschkurs-a1-1-intensiv-zuerich\/\" class=\"elementor-sub-item\" tabindex=\"-1\">Intensivo<\/a><\/li>\n\t<li class=\"menu-item menu-item-type-post_type menu-item-object-page menu-item-51640\"><a href=\"https:\/\/hallodeutschschule.ch\/pt\/online-deutschkurs-semi-intensiv-a1-1-zuerich\/\" class=\"elementor-sub-item\" tabindex=\"-1\">Semi-intensivo<\/a><\/li>\n<\/ul>\n<\/li>\n<\/ul>\t\t\t<\/nav>\n\t\t\t\t\t\t<\/div>\n\t\t\t\t<\/div>\n\t\t\t\t\t<\/div>\n\t\t<\/div>\n\t\t\t\t\t<\/div>\n\t\t<\/section>\n\t\t\t\t<section class=\"elementor-section elementor-inner-section elementor-element elementor-element-140347a elementor-section-boxed elementor-section-height-default elementor-section-height-default\" data-id=\"140347a\" data-element_type=\"section\" data-e-type=\"section\">\n\t\t\t\t\t\t<div class=\"elementor-container elementor-column-gap-default\">\n\t\t\t\t\t<div class=\"elementor-column elementor-col-50 elementor-inner-column elementor-element elementor-element-f43a58f\" data-id=\"f43a58f\" data-element_type=\"column\" data-e-type=\"column\">\n\t\t\t<div class=\"elementor-widget-wrap elementor-element-populated\">\n\t\t\t\t\t\t<div class=\"elementor-element elementor-element-62227f0 elementor-widget-mobile__width-initial elementor-widget elementor-widget-text-editor\" data-id=\"62227f0\" data-element_type=\"widget\" data-e-type=\"widget\" data-widget_type=\"text-editor.default\">\n\t\t\t\t<div class=\"elementor-widget-container\">\n\t\t\t\t\t\t\t\t\t<p>Aula Particular -\u00a0<span class=\"preis\">por s\u00f3<\/span><\/p>\t\t\t\t\t\t\t\t<\/div>\n\t\t\t\t<\/div>\n\t\t\t\t\t<\/div>\n\t\t<\/div>\n\t\t\t\t<div class=\"elementor-column elementor-col-50 elementor-inner-column elementor-element elementor-element-9fd6851\" data-id=\"9fd6851\" data-element_type=\"column\" data-e-type=\"column\">\n\t\t\t<div class=\"elementor-widget-wrap\">\n\t\t\t\t\t\t\t<\/div>\n\t\t<\/div>\n\t\t\t\t\t<\/div>\n\t\t<\/section>\n\t\t\t\t<div class=\"elementor-element elementor-element-5613bd9 elementor-align-left elementor-widget elementor-widget-button\" data-id=\"5613bd9\" data-element_type=\"widget\" data-e-type=\"widget\" data-widget_type=\"button.default\">\n\t\t\t\t<div class=\"elementor-widget-container\">\n\t\t\t\t\t\t\t\t\t<div class=\"elementor-button-wrapper\">\n\t\t\t\t\t<a class=\"elementor-button elementor-button-link elementor-size-sm\" href=\"#\">\n\t\t\t\t\t\t<span class=\"elementor-button-content-wrapper\">\n\t\t\t\t\t\t\t\t\t<span class=\"elementor-button-text\">85 Fr. por hora<\/span>\n\t\t\t\t\t<\/span>\n\t\t\t\t\t<\/a>\n\t\t\t\t<\/div>\n\t\t\t\t\t\t\t\t<\/div>\n\t\t\t\t<\/div>\n\t\t\t\t<div class=\"elementor-element elementor-element-d869aca elementor-widget elementor-widget-text-editor\" data-id=\"d869aca\" data-element_type=\"widget\" data-e-type=\"widget\" data-widget_type=\"text-editor.default\">\n\t\t\t\t<div class=\"elementor-widget-container\">\n\t\t\t\t\t\t\t\t\t<p>Para informa\u00e7\u00f5es sobre dias de curso ou perguntas sobre outros n\u00edveis, por favor, entre em contato conosco por telefone ou e-mail.<\/p>\t\t\t\t\t\t\t\t<\/div>\n\t\t\t\t<\/div>\n\t\t\t\t<div class=\"elementor-element elementor-element-7200153 elementor-icon-list--layout-inline elementor-align-start elementor-list-item-link-full_width elementor-widget elementor-widget-icon-list\" data-id=\"7200153\" data-element_type=\"widget\" data-e-type=\"widget\" data-widget_type=\"icon-list.default\">\n\t\t\t\t<div class=\"elementor-widget-container\">\n\t\t\t\t\t\t\t<ul class=\"elementor-icon-list-items elementor-inline-items\">\n\t\t\t\t\t\t\t<li class=\"elementor-icon-list-item elementor-inline-item\">\n\t\t\t\t\t\t\t\t\t\t<span class=\"elementor-icon-list-text\">044 211 66 55<\/span>\n\t\t\t\t\t\t\t\t\t<\/li>\n\t\t\t\t\t\t\t\t<li class=\"elementor-icon-list-item elementor-inline-item\">\n\t\t\t\t\t\t\t\t\t\t\t<a href=\"https:\/\/hallodeutschschule.ch\/pt\/contato\/\" target=\"_self\">\n\n\t\t\t\t\t\t\t\t\t\t\t<span class=\"elementor-icon-list-text\">Contato<\/span>\n\t\t\t\t\t\t\t\t\t\t\t<\/a>\n\t\t\t\t\t\t\t\t\t<\/li>\n\t\t\t\t\t\t<\/ul>\n\t\t\t\t\t\t<\/div>\n\t\t\t\t<\/div>\n\t\t\t\t\t<\/div>\n\t\t<\/div>\n\t\t\t\t<div class=\"elementor-column elementor-col-50 elementor-top-column elementor-element elementor-element-ea21d63\" data-id=\"ea21d63\" data-element_type=\"column\" data-e-type=\"column\">\n\t\t\t<div class=\"elementor-widget-wrap elementor-element-populated\">\n\t\t\t\t\t\t<section class=\"elementor-section elementor-inner-section elementor-element elementor-element-28519f5 elementor-section-boxed elementor-section-height-default elementor-section-height-default\" data-id=\"28519f5\" data-element_type=\"section\" data-e-type=\"section\">\n\t\t\t\t\t\t<div class=\"elementor-container elementor-column-gap-default\">\n\t\t\t\t\t<div class=\"elementor-column elementor-col-100 elementor-inner-column elementor-element elementor-element-2fc6abe\" data-id=\"2fc6abe\" data-element_type=\"column\" data-e-type=\"column\" data-settings=\"{&quot;background_background&quot;:&quot;classic&quot;}\">\n\t\t\t<div class=\"elementor-widget-wrap elementor-element-populated\">\n\t\t\t\t\t\t<div class=\"elementor-element elementor-element-98ac6f3 elementor-widget elementor-widget-text-editor\" data-id=\"98ac6f3\" data-element_type=\"widget\" data-e-type=\"widget\" data-widget_type=\"text-editor.default\">\n\t\t\t\t<div class=\"elementor-widget-container\">\n\t\t\t\t\t\t\t\t\tQual \u00e9 o seu n\u00edvel de alem\u00e3o?\t\t\t\t\t\t\t\t<\/div>\n\t\t\t\t<\/div>\n\t\t\t\t<div class=\"elementor-element elementor-element-9cf8985 elementor-align-left elementor-widget elementor-widget-button\" data-id=\"9cf8985\" data-element_type=\"widget\" data-e-type=\"widget\" data-widget_type=\"button.default\">\n\t\t\t\t<div class=\"elementor-widget-container\">\n\t\t\t\t\t\t\t\t\t<div class=\"elementor-button-wrapper\">\n\t\t\t\t\t<a class=\"elementor-button elementor-button-link elementor-size-sm\" href=\"https:\/\/hallodeutschschule.ch\/pt\/einstufungstests-bei-hallo-deutschschule\/\">\n\t\t\t\t\t\t<span class=\"elementor-button-content-wrapper\">\n\t\t\t\t\t\t\t\t\t<span class=\"elementor-button-text\">Teste de N\u00edvel<\/span>\n\t\t\t\t\t<\/span>\n\t\t\t\t\t<\/a>\n\t\t\t\t<\/div>\n\t\t\t\t\t\t\t\t<\/div>\n\t\t\t\t<\/div>\n\t\t\t\t\t<\/div>\n\t\t<\/div>\n\t\t\t\t\t<\/div>\n\t\t<\/section>\n\t\t\t\t<section class=\"elementor-section elementor-inner-section elementor-element elementor-element-a141a6a elementor-section-boxed elementor-section-height-default elementor-section-height-default\" data-id=\"a141a6a\" data-element_type=\"section\" data-e-type=\"section\">\n\t\t\t\t\t\t<div class=\"elementor-container elementor-column-gap-default\">\n\t\t\t\t\t<div class=\"elementor-column elementor-col-100 elementor-inner-column elementor-element elementor-element-3e0d61d\" data-id=\"3e0d61d\" data-element_type=\"column\" data-e-type=\"column\" data-settings=\"{&quot;background_background&quot;:&quot;classic&quot;}\">\n\t\t\t<div class=\"elementor-widget-wrap elementor-element-populated\">\n\t\t\t\t\t\t<div class=\"elementor-element elementor-element-e77402f elementor-widget elementor-widget-text-editor\" data-id=\"e77402f\" data-element_type=\"widget\" data-e-type=\"widget\" data-widget_type=\"text-editor.default\">\n\t\t\t\t<div class=\"elementor-widget-container\">\n\t\t\t\t\t\t\t\t\t<p>Explica\u00e7\u00f5es e defini\u00e7\u00f5es dos n\u00edveis de alem\u00e3o<\/p>\t\t\t\t\t\t\t\t<\/div>\n\t\t\t\t<\/div>\n\t\t\t\t<div class=\"elementor-element elementor-element-3e7679c elementor-view-default elementor-widget elementor-widget-icon\" data-id=\"3e7679c\" data-element_type=\"widget\" data-e-type=\"widget\" data-widget_type=\"icon.default\">\n\t\t\t\t<div class=\"elementor-widget-container\">\n\t\t\t\t\t\t\t<div class=\"elementor-icon-wrapper\">\n\t\t\t<div class=\"elementor-icon\">\n\t\t\t<i aria-hidden=\"true\" class=\"fas fa-file-pdf\"><\/i>\t\t\t<\/div>\n\t\t<\/div>\n\t\t\t\t\t\t<\/div>\n\t\t\t\t<\/div>\n\t\t\t\t<div class=\"elementor-element elementor-element-a3c788f elementor-widget elementor-widget-text-editor\" data-id=\"a3c788f\" data-element_type=\"widget\" data-e-type=\"widget\" id=\"linkSD\" data-widget_type=\"text-editor.default\">\n\t\t\t\t<div class=\"elementor-widget-container\">\n\t\t\t\t\t\t\t\t\t<p><a class=\"linkdow\" href=\"https:\/\/hallodeutschschule.ch\/wp-content\/uploads\/2015\/12\/Sprachniveaus-Deutsch.pdf\" target=\"_blank\" rel=\"noopener\">N\u00edveis de Alem\u00e3o<\/a><\/p>\t\t\t\t\t\t\t\t<\/div>\n\t\t\t\t<\/div>\n\t\t\t\t\t<\/div>\n\t\t<\/div>\n\t\t\t\t\t<\/div>\n\t\t<\/section>\n\t\t\t\t\t<\/div>\n\t\t<\/div>\n\t\t\t\t\t<\/div>\n\t\t<\/section>\n\t\t\t\t<\/div>","protected":false},"excerpt":{"rendered":"<p>Online Deutschkurse W\u00e4hlen Sie den passenden Deutschkurs. Privatstunden \u2013\u00a0f\u00fcr nur 85 Fr. pro Stunde F\u00fcr Informationen zu den Kurstagen oder Anfragen zu anderen Niveaus kontaktieren Sie uns bitte telefonisch oder per E-Mail. 044 211 66 55 Kontakt Welches Niveu\u00a0ist richtig f\u00fcr Sie? Zum Einstufungstest Erkl\u00e4rungen \/ Definitionen der Sprachniveaus. Sprachniveaus Deutsch<\/p>","protected":false},"author":2,"featured_media":0,"parent":0,"menu_order":194,"comment_status":"closed","ping_status":"closed","template":"","meta":{"footnotes":""},"class_list":["post-51636","page","type-page","status-publish","hentry"],"_links":{"self":[{"href":"https:\/\/hallodeutschschule.ch\/pt\/wp-json\/wp\/v2\/pages\/51636","targetHints":{"allow":["GET"]}}],"collection":[{"href":"https:\/\/hallodeutschschule.ch\/pt\/wp-json\/wp\/v2\/pages"}],"about":[{"href":"https:\/\/hallodeutschschule.ch\/pt\/wp-json\/wp\/v2\/types\/page"}],"author":[{"embeddable":true,"href":"https:\/\/hallodeutschschule.ch\/pt\/wp-json\/wp\/v2\/users\/2"}],"replies":[{"embeddable":true,"href":"https:\/\/hallodeutschschule.ch\/pt\/wp-json\/wp\/v2\/comments?post=51636"}],"version-history":[{"count":4,"href":"https:\/\/hallodeutschschule.ch\/pt\/wp-json\/wp\/v2\/pages\/51636\/revisions"}],"predecessor-version":[{"id":51645,"href":"https:\/\/hallodeutschschule.ch\/pt\/wp-json\/wp\/v2\/pages\/51636\/revisions\/51645"}],"wp:attachment":[{"href":"https:\/\/hallodeutschschule.ch\/pt\/wp-json\/wp\/v2\/media?parent=51636"}],"curies":[{"name":"wp","href":"https:\/\/api.w.org\/{rel}","templated":true}]}}