{"id":29,"date":"2022-09-05T09:22:53","date_gmt":"2022-09-05T07:22:53","guid":{"rendered":"http:\/\/34.65.144.49.nip.io\/?page_id=29"},"modified":"2023-12-09T19:03:23","modified_gmt":"2023-12-09T18:03:23","slug":"german-certificate-zurich","status":"publish","type":"page","link":"https:\/\/hallodeutschschule.ch\/zh\/deutsch-zertifikat-zurich\/","title":{"rendered":"\u8bc1\u4e66"},"content":{"rendered":"<div data-elementor-type=\"wp-page\" data-elementor-id=\"29\" class=\"elementor elementor-29\" data-elementor-post-type=\"page\">\n\t\t\t\t\t\t<section class=\"elementor-section elementor-top-section elementor-element elementor-element-06f1afd elementor-section-boxed elementor-section-height-default elementor-section-height-default\" data-id=\"06f1afd\" data-element_type=\"section\" data-e-type=\"section\">\n\t\t\t\t\t\t<div class=\"elementor-container elementor-column-gap-default\">\n\t\t\t\t\t<div class=\"elementor-column elementor-col-50 elementor-top-column elementor-element elementor-element-2d6fdb8\" data-id=\"2d6fdb8\" data-element_type=\"column\" data-e-type=\"column\">\n\t\t\t<div class=\"elementor-widget-wrap elementor-element-populated\">\n\t\t\t\t\t\t<div class=\"elementor-element elementor-element-beaf4c4 elementor-widget elementor-widget-heading\" data-id=\"beaf4c4\" data-element_type=\"widget\" data-e-type=\"widget\" data-widget_type=\"heading.default\">\n\t\t\t\t<div class=\"elementor-widget-container\">\n\t\t\t\t\t<h1 class=\"elementor-heading-title elementor-size-default\">\u8bc1\u4e66<\/h1>\t\t\t\t<\/div>\n\t\t\t\t<\/div>\n\t\t\t\t<div class=\"elementor-element elementor-element-f522fb1 elementor-widget elementor-widget-text-editor\" data-id=\"f522fb1\" data-element_type=\"widget\" data-e-type=\"widget\" data-widget_type=\"text-editor.default\">\n\t\t\t\t<div class=\"elementor-widget-container\">\n\t\t\t\t\t\t\t\t\t<p>\u6211\u4eec\u5e2e\u52a9\u60a8\u51c6\u5907\u4ee5\u4e0b\u5404\u5b98\u65b9\u5fb7\u8bed\u6c34\u5e73\u8d44\u683c\u8bc1\u8003\u8bd5\u3002\u60a8\u7684\u6210\u529f\u5bf9\u6211\u4eec\u6765\u8bf4\u975e\u5e38\u91cd\u8981\u3002\u5728\u6211\u4eec\u8ba4\u4e3a\u60a8\u7684\u6c34\u5e73\u8db3\u591f\u901a\u8fc7\u4ee5\u4e0b\u8003\u8bd5\u662f\uff0c\u6211\u4eec\u4f1a\u4e3a\u60a8\u62a5\u540d\u3002<\/p>\t\t\t\t\t\t\t\t<\/div>\n\t\t\t\t<\/div>\n\t\t\t\t<section class=\"elementor-section elementor-inner-section elementor-element elementor-element-8cb0e06 elementor-section-boxed elementor-section-height-default elementor-section-height-default\" data-id=\"8cb0e06\" data-element_type=\"section\" data-e-type=\"section\">\n\t\t\t\t\t\t<div class=\"elementor-container elementor-column-gap-default\">\n\t\t\t\t\t<div class=\"elementor-column elementor-col-50 elementor-inner-column elementor-element elementor-element-2eb8e2a\" data-id=\"2eb8e2a\" data-element_type=\"column\" data-e-type=\"column\">\n\t\t\t<div class=\"elementor-widget-wrap elementor-element-populated\">\n\t\t\t\t\t\t<div class=\"elementor-element elementor-element-d795329 elementor-widget elementor-widget-image\" data-id=\"d795329\" data-element_type=\"widget\" data-e-type=\"widget\" data-widget_type=\"image.default\">\n\t\t\t\t<div class=\"elementor-widget-container\">\n\t\t\t\t\t\t\t\t\t\t\t\t\t\t\t<img decoding=\"async\" width=\"240\" height=\"100\" src=\"https:\/\/hallodeutschschule.ch\/wp-content\/uploads\/telc_logo.jpg\" class=\"attachment-large size-large wp-image-1332\" alt=\"\" srcset=\"https:\/\/hallodeutschschule.ch\/wp-content\/uploads\/telc_logo.jpg 240w, https:\/\/hallodeutschschule.ch\/wp-content\/uploads\/telc_logo-18x8.jpg 18w\" sizes=\"(max-width: 240px) 100vw, 240px\" \/>\t\t\t\t\t\t\t\t\t\t\t\t\t\t\t<\/div>\n\t\t\t\t<\/div>\n\t\t\t\t\t<\/div>\n\t\t<\/div>\n\t\t\t\t<div class=\"elementor-column elementor-col-50 elementor-inner-column elementor-element elementor-element-efd6a49\" data-id=\"efd6a49\" data-element_type=\"column\" data-e-type=\"column\">\n\t\t\t<div class=\"elementor-widget-wrap elementor-element-populated\">\n\t\t\t\t\t\t<div class=\"elementor-element elementor-element-afeb4a1 pscgreenlink elementor-widget elementor-widget-text-editor\" data-id=\"afeb4a1\" data-element_type=\"widget\" data-e-type=\"widget\" data-widget_type=\"text-editor.default\">\n\t\t\t\t<div class=\"elementor-widget-container\">\n\t\t\t\t\t\t\t\t\t<a href=\"https:\/\/www.telc.net\" target=\"_blank\" rel=\"nofollow noopener\">TELC-\u8bc1\u4e66<\/a>\t\t\t\t\t\t\t\t<\/div>\n\t\t\t\t<\/div>\n\t\t\t\t\t<\/div>\n\t\t<\/div>\n\t\t\t\t\t<\/div>\n\t\t<\/section>\n\t\t\t\t<div class=\"elementor-element elementor-element-d3d00f7 elementor-widget elementor-widget-text-editor\" data-id=\"d3d00f7\" data-element_type=\"widget\" data-e-type=\"widget\" data-widget_type=\"text-editor.default\">\n\t\t\t\t<div class=\"elementor-widget-container\">\n\t\t\t\t\t\t\t\t\t<p class=\"translation-block\">\u56fd\u9645\u627f\u8ba4\u7684\u5fb7\u8bed\u6c34\u5e73\u8d44\u683c\u8bc1\u4e66<br>\n\u8003\u8bd5\u5305\u542b4\u4e2a\u90e8\u5206:\n\u542c\u529b, \u53e3\u8bed, \u9605\u8bfb\u53ca\u5199\u4f5c<br>\n\u8bc1\u4e66\u6c34\u5e73\u5305\u62ec: A1, A2, B1, B2, C1, C2<\/p>\t\t\t\t\t\t\t\t<\/div>\n\t\t\t\t<\/div>\n\t\t\t\t<div class=\"elementor-element elementor-element-d803c98 elementor-align-left elementor-mobile-align-left elementor-widget elementor-widget-button\" data-id=\"d803c98\" data-element_type=\"widget\" data-e-type=\"widget\" data-widget_type=\"button.default\">\n\t\t\t\t<div class=\"elementor-widget-container\">\n\t\t\t\t\t\t\t\t\t<div class=\"elementor-button-wrapper\">\n\t\t\t\t\t<a class=\"elementor-button elementor-button-link elementor-size-sm\" href=\"https:\/\/hallodeutschschule.ch\/zh\/telc-exam-dates\/\">\n\t\t\t\t\t\t<span class=\"elementor-button-content-wrapper\">\n\t\t\t\t\t\t\t\t\t<span class=\"elementor-button-text\">telc \u8003\u8bd5\u5728 Hallo Deutschschule<\/span>\n\t\t\t\t\t<\/span>\n\t\t\t\t\t<\/a>\n\t\t\t\t<\/div>\n\t\t\t\t\t\t\t\t<\/div>\n\t\t\t\t<\/div>\n\t\t\t\t<div class=\"elementor-element elementor-element-0bbdd49 elementor-widget elementor-widget-text-editor\" data-id=\"0bbdd49\" data-element_type=\"widget\" data-e-type=\"widget\" data-widget_type=\"text-editor.default\">\n\t\t\t\t<div class=\"elementor-widget-container\">\n\t\t\t\t\t\t\t\t\t<p><a href=\"https:\/\/hallodeutschschule.ch\/zh\/telc-pruefungsvorbereitung-an-der-hallo-deutschschule\/\">\u62a5\u540d\u53c2\u52a0\u6cf0\u5c14\u514b\u8003\u8bd5 A1 \u548c A2 \u5907\u8003\u8bfe\u7a0b<\/a><\/p>\t\t\t\t\t\t\t\t<\/div>\n\t\t\t\t<\/div>\n\t\t\t\t<section class=\"elementor-section elementor-inner-section elementor-element elementor-element-10a9d32 elementor-section-boxed elementor-section-height-default elementor-section-height-default\" data-id=\"10a9d32\" data-element_type=\"section\" data-e-type=\"section\">\n\t\t\t\t\t\t<div class=\"elementor-container elementor-column-gap-default\">\n\t\t\t\t\t<div class=\"elementor-column elementor-col-50 elementor-inner-column elementor-element elementor-element-eff923b\" data-id=\"eff923b\" data-element_type=\"column\" data-e-type=\"column\">\n\t\t\t<div class=\"elementor-widget-wrap elementor-element-populated\">\n\t\t\t\t\t\t<div class=\"elementor-element elementor-element-bec42e8 elementor-widget elementor-widget-image\" data-id=\"bec42e8\" data-element_type=\"widget\" data-e-type=\"widget\" data-widget_type=\"image.default\">\n\t\t\t\t<div class=\"elementor-widget-container\">\n\t\t\t\t\t\t\t\t\t\t\t\t\t\t\t<img decoding=\"async\" width=\"240\" height=\"100\" src=\"https:\/\/hallodeutschschule.ch\/wp-content\/uploads\/GI_Logo.png\" class=\"attachment-large size-large wp-image-1337\" alt=\"\" srcset=\"https:\/\/hallodeutschschule.ch\/wp-content\/uploads\/GI_Logo.png 240w, https:\/\/hallodeutschschule.ch\/wp-content\/uploads\/GI_Logo-18x8.png 18w\" sizes=\"(max-width: 240px) 100vw, 240px\" \/>\t\t\t\t\t\t\t\t\t\t\t\t\t\t\t<\/div>\n\t\t\t\t<\/div>\n\t\t\t\t\t<\/div>\n\t\t<\/div>\n\t\t\t\t<div class=\"elementor-column elementor-col-50 elementor-inner-column elementor-element elementor-element-54a8e00\" data-id=\"54a8e00\" data-element_type=\"column\" data-e-type=\"column\">\n\t\t\t<div class=\"elementor-widget-wrap elementor-element-populated\">\n\t\t\t\t\t\t<div class=\"elementor-element elementor-element-5794e97 pscgreenlink elementor-widget elementor-widget-text-editor\" data-id=\"5794e97\" data-element_type=\"widget\" data-e-type=\"widget\" data-widget_type=\"text-editor.default\">\n\t\t\t\t<div class=\"elementor-widget-container\">\n\t\t\t\t\t\t\t\t\t\u6b4c\u5fb7\u5b66\u9662\u8bc1\u4e66\t\t\t\t\t\t\t\t<\/div>\n\t\t\t\t<\/div>\n\t\t\t\t\t<\/div>\n\t\t<\/div>\n\t\t\t\t\t<\/div>\n\t\t<\/section>\n\t\t\t\t<div class=\"elementor-element elementor-element-5281308 elementor-widget elementor-widget-text-editor\" data-id=\"5281308\" data-element_type=\"widget\" data-e-type=\"widget\" data-widget_type=\"text-editor.default\">\n\t\t\t\t<div class=\"elementor-widget-container\">\n\t\t\t\t\t\t\t\t\t<p class=\"translation-block\">\u56fd\u9645\u627f\u8ba4\u7684\u5fb7\u8bed\u6c34\u5e73\u8d44\u683c\u8bc1\u4e66<br>\n\u8003\u8bd5\u5305\u542b4\u4e2a\u90e8\u5206:\n\u542c\u529b, \u53e3\u8bed, \u9605\u8bfb\u53ca\u5199\u4f5c<br>\n\u8bc1\u4e66\u6c34\u5e73\u5305\u62ec: A1, A2, B1, B2, C1, C2<\/p>\t\t\t\t\t\t\t\t<\/div>\n\t\t\t\t<\/div>\n\t\t\t\t<section class=\"elementor-section elementor-inner-section elementor-element elementor-element-3b67104 elementor-section-boxed elementor-section-height-default elementor-section-height-default\" data-id=\"3b67104\" data-element_type=\"section\" data-e-type=\"section\">\n\t\t\t\t\t\t<div class=\"elementor-container elementor-column-gap-default\">\n\t\t\t\t\t<div class=\"elementor-column elementor-col-50 elementor-inner-column elementor-element elementor-element-7b31f49\" data-id=\"7b31f49\" data-element_type=\"column\" data-e-type=\"column\">\n\t\t\t<div class=\"elementor-widget-wrap elementor-element-populated\">\n\t\t\t\t\t\t<div class=\"elementor-element elementor-element-49d5a01 elementor-widget elementor-widget-image\" data-id=\"49d5a01\" data-element_type=\"widget\" data-e-type=\"widget\" data-widget_type=\"image.default\">\n\t\t\t\t<div class=\"elementor-widget-container\">\n\t\t\t\t\t\t\t\t\t\t\t\t\t\t\t<img decoding=\"async\" width=\"240\" height=\"100\" src=\"https:\/\/hallodeutschschule.ch\/wp-content\/uploads\/zuri_kanton_logo.png\" class=\"attachment-large size-large wp-image-1342\" alt=\"\" srcset=\"https:\/\/hallodeutschschule.ch\/wp-content\/uploads\/zuri_kanton_logo.png 240w, https:\/\/hallodeutschschule.ch\/wp-content\/uploads\/zuri_kanton_logo-18x8.png 18w\" sizes=\"(max-width: 240px) 100vw, 240px\" \/>\t\t\t\t\t\t\t\t\t\t\t\t\t\t\t<\/div>\n\t\t\t\t<\/div>\n\t\t\t\t\t<\/div>\n\t\t<\/div>\n\t\t\t\t<div class=\"elementor-column elementor-col-50 elementor-inner-column elementor-element elementor-element-f13a978\" data-id=\"f13a978\" data-element_type=\"column\" data-e-type=\"column\">\n\t\t\t<div class=\"elementor-widget-wrap elementor-element-populated\">\n\t\t\t\t\t\t<div class=\"elementor-element elementor-element-7e4ff38 pscgreenlink elementor-widget elementor-widget-text-editor\" data-id=\"7e4ff38\" data-element_type=\"widget\" data-e-type=\"widget\" data-widget_type=\"text-editor.default\">\n\t\t\t\t<div class=\"elementor-widget-container\">\n\t\t\t\t\t\t\t\t\t\u5dde\u7ea7\u5fb7\u8bed\u8003\u8bd5\t\t\t\t\t\t\t\t<\/div>\n\t\t\t\t<\/div>\n\t\t\t\t<div class=\"elementor-element elementor-element-df40c9c elementor-widget elementor-widget-text-editor\" data-id=\"df40c9c\" data-element_type=\"widget\" data-e-type=\"widget\" data-widget_type=\"text-editor.default\">\n\t\t\t\t<div class=\"elementor-widget-container\">\n\t\t\t\t\t\t\t\t\t\u5f52\u5316\u7a0b\u5e8f(KDE)\t\t\t\t\t\t\t\t<\/div>\n\t\t\t\t<\/div>\n\t\t\t\t\t<\/div>\n\t\t<\/div>\n\t\t\t\t\t<\/div>\n\t\t<\/section>\n\t\t\t\t<div class=\"elementor-element elementor-element-d599f5e elementor-widget elementor-widget-text-editor\" data-id=\"d599f5e\" data-element_type=\"widget\" data-e-type=\"widget\" data-widget_type=\"text-editor.default\">\n\t\t\t\t<div class=\"elementor-widget-container translation-block\">\u745e\u58eb\u653f\u5e9c\u8003\u5bdf\u7533\u8bf7\u5165\u745e\u58eb\u7c4d\u7684\u4eba\u58eb\u5fb7\u8bed\u6c34\u5e73 \u7684\u8003\u8bd5 \u8003\u8bd5\u5305\u542b4\u4e2a\u90e8\u5206: \u542c\u529b, \u53e3\u8bed, \u9605\u8bfb\u53ca\u5199\u4f5c\n\u8003\u8bd5\u901a\u8fc7\u6761\u4ef6: \u542c\u529b\u53ca\u53e3\u8bed: B1 \u9605\u8bfb\u53ca\u5199\u4f5c: A2<\/div>\n\t\t\t\t<\/div>\n\t\t\t\t\t<\/div>\n\t\t<\/div>\n\t\t\t\t<div class=\"elementor-column elementor-col-50 elementor-top-column elementor-element elementor-element-cdc653c\" data-id=\"cdc653c\" data-element_type=\"column\" data-e-type=\"column\">\n\t\t\t<div class=\"elementor-widget-wrap\">\n\t\t\t\t\t\t\t<\/div>\n\t\t<\/div>\n\t\t\t\t\t<\/div>\n\t\t<\/section>\n\t\t\t\t<\/div>","protected":false},"excerpt":{"rendered":"<p>Zertifikate \/ Pr\u00fcfungen Wir bereiten dich auf folgende Deutschzertifikate und Deutschpr\u00fcfungen vor und beraten dich. Dein Erfolg liegt uns am Herzen. Wir melden dich dann an, wenn wir sicher sind, dass du die Pr\u00fcfung bestehen wirst. TELC-Zertifikat International anerkanntes Zertifikat der deutschen Sprache.Gepr\u00fcft werden 4 Kategorien:H\u00f6ren, Sprechen, Lesen, Schreiben.Zertifikate auf den Niveaus: A1, A2, B1, [&hellip;]<\/p>\n","protected":false},"author":2,"featured_media":0,"parent":0,"menu_order":5,"comment_status":"closed","ping_status":"closed","template":"","meta":{"footnotes":""},"class_list":["post-29","page","type-page","status-publish","hentry"],"_links":{"self":[{"href":"https:\/\/hallodeutschschule.ch\/zh\/wp-json\/wp\/v2\/pages\/29","targetHints":{"allow":["GET"]}}],"collection":[{"href":"https:\/\/hallodeutschschule.ch\/zh\/wp-json\/wp\/v2\/pages"}],"about":[{"href":"https:\/\/hallodeutschschule.ch\/zh\/wp-json\/wp\/v2\/types\/page"}],"author":[{"embeddable":true,"href":"https:\/\/hallodeutschschule.ch\/zh\/wp-json\/wp\/v2\/users\/2"}],"replies":[{"embeddable":true,"href":"https:\/\/hallodeutschschule.ch\/zh\/wp-json\/wp\/v2\/comments?post=29"}],"version-history":[{"count":274,"href":"https:\/\/hallodeutschschule.ch\/zh\/wp-json\/wp\/v2\/pages\/29\/revisions"}],"predecessor-version":[{"id":27901,"href":"https:\/\/hallodeutschschule.ch\/zh\/wp-json\/wp\/v2\/pages\/29\/revisions\/27901"}],"wp:attachment":[{"href":"https:\/\/hallodeutschschule.ch\/zh\/wp-json\/wp\/v2\/media?parent=29"}],"curies":[{"name":"wp","href":"https:\/\/api.w.org\/{rel}","templated":true}]}}