{"id":45299,"date":"2025-10-08T11:28:32","date_gmt":"2025-10-08T09:28:32","guid":{"rendered":"https:\/\/hallodeutschschule.ch\/?page_id=45299"},"modified":"2026-02-24T16:16:30","modified_gmt":"2026-02-24T15:16:30","slug":"online-einstufungstests-bei-hallo-deutschschule","status":"publish","type":"page","link":"https:\/\/hallodeutschschule.ch\/zh\/online-einstufungstests-bei-hallo-deutschschule\/","title":{"rendered":"Hallo Deutschschule\u7684\u5728\u7ebf\u5206\u7ea7\u6d4b\u8bd5"},"content":{"rendered":"<div data-elementor-type=\"wp-page\" data-elementor-id=\"45299\" class=\"elementor elementor-45299\" data-elementor-post-type=\"page\">\n\t\t\t\t\t\t<section class=\"elementor-section elementor-top-section elementor-element elementor-element-5a63a30 elementor-section-boxed elementor-section-height-default elementor-section-height-default\" data-id=\"5a63a30\" data-element_type=\"section\" data-e-type=\"section\">\n\t\t\t\t\t\t<div class=\"elementor-container elementor-column-gap-default\">\n\t\t\t\t\t<div class=\"elementor-column elementor-col-100 elementor-top-column elementor-element elementor-element-7c23e78\" data-id=\"7c23e78\" data-element_type=\"column\" data-e-type=\"column\">\n\t\t\t<div class=\"elementor-widget-wrap elementor-element-populated\">\n\t\t\t\t\t\t<div class=\"elementor-element elementor-element-3180631 elementor-widget elementor-widget-heading\" data-id=\"3180631\" data-element_type=\"widget\" data-e-type=\"widget\" data-widget_type=\"heading.default\">\n\t\t\t\t<div class=\"elementor-widget-container\">\n\t\t\t\t\t<h1 class=\"elementor-heading-title elementor-size-default\">Hallo Deutschschule\u7684\u5728\u7ebf\u5206\u7ea7\u6d4b\u8bd5<\/h1>\t\t\t\t<\/div>\n\t\t\t\t<\/div>\n\t\t\t\t\t<\/div>\n\t\t<\/div>\n\t\t\t\t\t<\/div>\n\t\t<\/section>\n\t\t\t\t<section class=\"elementor-section elementor-top-section elementor-element elementor-element-04b38f1 elementor-section-boxed elementor-section-height-default elementor-section-height-default\" data-id=\"04b38f1\" data-element_type=\"section\" data-e-type=\"section\">\n\t\t\t\t\t\t<div class=\"elementor-container elementor-column-gap-default\">\n\t\t\t\t\t<div class=\"elementor-column elementor-col-50 elementor-top-column elementor-element elementor-element-1ac8d16\" data-id=\"1ac8d16\" data-element_type=\"column\" data-e-type=\"column\">\n\t\t\t<div class=\"elementor-widget-wrap elementor-element-populated\">\n\t\t\t\t\t\t<div class=\"elementor-element elementor-element-13b1202 elementor-widget elementor-widget-text-editor\" data-id=\"13b1202\" data-element_type=\"widget\" data-e-type=\"widget\" data-widget_type=\"text-editor.default\">\n\t\t\t\t<div class=\"elementor-widget-container\">\n\t\t\t\t\t\t\t\t\t\u5982\u679c\u60a8\u60f3\u548c\u6211\u4eec\u4e00\u8d77\u53c2\u52a0\u5728\u7ebf\u8bfe\u7a0b\uff0c\u6211\u4eec\u671f\u5f85\u901a\u8fc7\u89c6\u9891\u901a\u8bdd\u4e0e\u60a8\u8fdb\u884c\u5206\u7ea7\u6d4b\u8bd5\u3002\u8fd9\u6837\u60a8\u5c31\u53ef\u4ee5\u786e\u5b9a\u60a8\u6ce8\u518c\u4e86\u6b63\u786e\u7684\u8bfe\u7a0b\u3002\u6211\u4eec\u53ef\u4ee5\u5728\u4ee5\u4e0b\u65f6\u95f4\u8fdb\u884c\u5728\u7ebf\u5206\u7ea7\u6d4b\u8bd5\uff1a\n<strong>\u5468\u4e00\u81f3\u5468\u4e94\uff1a09.00-18.00<\/strong>\t\t\t\t\t\t\t\t<\/div>\n\t\t\t\t<\/div>\n\t\t\t\t<div class=\"elementor-element elementor-element-a0d20f3 elementor-align-left elementor-widget elementor-widget-button\" data-id=\"a0d20f3\" data-element_type=\"widget\" data-e-type=\"widget\" data-widget_type=\"button.default\">\n\t\t\t\t<div class=\"elementor-widget-container\">\n\t\t\t\t\t\t\t\t\t<div class=\"elementor-button-wrapper\">\n\t\t\t\t\t<a class=\"elementor-button elementor-button-link elementor-size-sm\" href=\"https:\/\/hallodeutschschule.jotform.com\/251953630065961\" target=\"_blank\" rel=\"nofollow noopener\">\n\t\t\t\t\t\t<span class=\"elementor-button-content-wrapper\">\n\t\t\t\t\t\t\t\t\t<span class=\"elementor-button-text\">\u8fdb\u884c\u5206\u7ea7\u6d4b\u8bd5<\/span>\n\t\t\t\t\t<\/span>\n\t\t\t\t\t<\/a>\n\t\t\t\t<\/div>\n\t\t\t\t\t\t\t\t<\/div>\n\t\t\t\t<\/div>\n\t\t\t\t<div class=\"elementor-element elementor-element-0d9eddc elementor-widget elementor-widget-text-editor\" data-id=\"0d9eddc\" data-element_type=\"widget\" data-e-type=\"widget\" data-widget_type=\"text-editor.default\">\n\t\t\t\t<div class=\"elementor-widget-container\">\n\t\t\t\t\t\t\t\t\t<p>\u5982\u679c\u4f60\u5bf9\u5206\u73ed\u8003\u8bd5\u6709\u4efb\u4f55\u7591\u95ee\uff0c\u4e5f\u6b22\u8fce\u4f60\u901a\u8fc7\u7535\u8bdd\u4e0e\u6211\u4eec\u8054\u7cfb\u3002 <strong>044 797 99 44<\/strong><\/p>\t\t\t\t\t\t\t\t<\/div>\n\t\t\t\t<\/div>\n\t\t\t\t\t<\/div>\n\t\t<\/div>\n\t\t\t\t<div class=\"elementor-column elementor-col-50 elementor-top-column elementor-element elementor-element-0e91468\" data-id=\"0e91468\" data-element_type=\"column\" data-e-type=\"column\">\n\t\t\t<div class=\"elementor-widget-wrap\">\n\t\t\t\t\t\t\t<\/div>\n\t\t<\/div>\n\t\t\t\t\t<\/div>\n\t\t<\/section>\n\t\t\t\t<\/div>","protected":false},"excerpt":{"rendered":"<p>Online Einstufungstests bei Hallo Deutschschule Wenn du ein Onlinekurs bei uns machen m\u00f6chtest, dann freuen wir uns auf einen Einstufungstest per Videocall mit dir. Auf diese Weise kannst du sicher sein, dass du dich f\u00fcr den richtigen Kurs anmeldest. An folgenden Zeiten stehen wir f\u00fcr Online Einstufungstests zur Verf\u00fcgung: Montag bis Freitag: 09.00-18.00 Uhr Zum [&hellip;]<\/p>\n","protected":false},"author":2,"featured_media":0,"parent":0,"menu_order":220,"comment_status":"closed","ping_status":"closed","template":"","meta":{"footnotes":""},"class_list":["post-45299","page","type-page","status-publish","hentry"],"_links":{"self":[{"href":"https:\/\/hallodeutschschule.ch\/zh\/wp-json\/wp\/v2\/pages\/45299","targetHints":{"allow":["GET"]}}],"collection":[{"href":"https:\/\/hallodeutschschule.ch\/zh\/wp-json\/wp\/v2\/pages"}],"about":[{"href":"https:\/\/hallodeutschschule.ch\/zh\/wp-json\/wp\/v2\/types\/page"}],"author":[{"embeddable":true,"href":"https:\/\/hallodeutschschule.ch\/zh\/wp-json\/wp\/v2\/users\/2"}],"replies":[{"embeddable":true,"href":"https:\/\/hallodeutschschule.ch\/zh\/wp-json\/wp\/v2\/comments?post=45299"}],"version-history":[{"count":10,"href":"https:\/\/hallodeutschschule.ch\/zh\/wp-json\/wp\/v2\/pages\/45299\/revisions"}],"predecessor-version":[{"id":50680,"href":"https:\/\/hallodeutschschule.ch\/zh\/wp-json\/wp\/v2\/pages\/45299\/revisions\/50680"}],"wp:attachment":[{"href":"https:\/\/hallodeutschschule.ch\/zh\/wp-json\/wp\/v2\/media?parent=45299"}],"curies":[{"name":"wp","href":"https:\/\/api.w.org\/{rel}","templated":true}]}}