{"id":75,"date":"2021-10-26T14:28:21","date_gmt":"2021-10-26T12:28:21","guid":{"rendered":"http:\/\/34.65.144.49.nip.io\/?page_id=75"},"modified":"2026-01-19T10:14:57","modified_gmt":"2026-01-19T09:14:57","slug":"contact","status":"publish","type":"page","link":"https:\/\/hallodeutschschule.ch\/zh\/kontakt\/","title":{"rendered":"\u8054\u7cfb\u6211\u4eec"},"content":{"rendered":"\t\t<div data-elementor-type=\"wp-page\" data-elementor-id=\"75\" class=\"elementor elementor-75\" data-elementor-post-type=\"page\">\n\t\t\t\t\t\t<section class=\"elementor-section elementor-top-section elementor-element elementor-element-08d7f95 elementor-section-boxed elementor-section-height-default elementor-section-height-default\" data-id=\"08d7f95\" data-element_type=\"section\" data-e-type=\"section\">\n\t\t\t\t\t\t<div class=\"elementor-container elementor-column-gap-default\">\n\t\t\t\t\t<div class=\"elementor-column elementor-col-50 elementor-top-column elementor-element elementor-element-c966db5\" data-id=\"c966db5\" data-element_type=\"column\" data-e-type=\"column\">\n\t\t\t<div class=\"elementor-widget-wrap elementor-element-populated\">\n\t\t\t\t\t\t<div class=\"elementor-element elementor-element-1ab03bb elementor-widget elementor-widget-heading\" data-id=\"1ab03bb\" data-element_type=\"widget\" data-e-type=\"widget\" data-widget_type=\"heading.default\">\n\t\t\t\t<div class=\"elementor-widget-container\">\n\t\t\t\t\t<h1 class=\"elementor-heading-title elementor-size-default\">Kontakt<\/h1>\t\t\t\t<\/div>\n\t\t\t\t<\/div>\n\t\t\t\t<div class=\"elementor-element elementor-element-bb03a81 elementor-widget elementor-widget-text-editor\" data-id=\"bb03a81\" data-element_type=\"widget\" data-e-type=\"widget\" id=\"telinkG\" data-widget_type=\"text-editor.default\">\n\t\t\t\t<div class=\"elementor-widget-container\">\n\t\t\t\t\t\t\t\t\t<p>044 211 66 55<\/p>\t\t\t\t\t\t\t\t<\/div>\n\t\t\t\t<\/div>\n\t\t\t\t<div class=\"elementor-element elementor-element-b5790a9 elementor-widget elementor-widget-text-editor\" data-id=\"b5790a9\" data-element_type=\"widget\" data-e-type=\"widget\" data-widget_type=\"text-editor.default\">\n\t\t\t\t<div class=\"elementor-widget-container\">\n\t\t\t\t\t\t\t\t\t<p><span id=\"titlescontact\">\u00d6ffnungszeiten Sekretariat:<\/span><br \/>Montag bis Donnerstag<br \/>08:15 \u2013 19:00 Uhr<br \/>Freitag, 08:15 \u2013 18:30 Uhr<br \/>Samstag, 09:00 \u2013 12:15 Uhr<\/p>\t\t\t\t\t\t\t\t<\/div>\n\t\t\t\t<\/div>\n\t\t\t\t<div class=\"elementor-element elementor-element-b3b204d elementor-widget elementor-widget-text-editor\" data-id=\"b3b204d\" data-element_type=\"widget\" data-e-type=\"widget\" data-widget_type=\"text-editor.default\">\n\t\t\t\t<div class=\"elementor-widget-container\">\n\t\t\t\t\t\t\t\t\t<span id=\"titlescontact\">\nGesetzliche Feiertage 2026:<\/span><br>\nKarfreitag 03.04.2026 \u2013 Schule geschlossen<br>\nOstersamstag 04.04.2026 \u2013 Schule geschlossen<br>\nOstermontag 06.04.2026 \u2013 Schule geschlossen<br>\nTag der Arbeit 01.05.2026 \u2013 Schule geschlossen<br>\nBr\u00fcckentag, 02.05.2026 \u2013 Schule geschlossen<br>\nAuffahrt 14.05.2026 \u2013 Schule geschlossen<br>\nPfingstsamstag 23.05.2026 \u2013 Schule geschlossen<br>\nPfingstmontag 25.05.2026 \u2013 Schule geschlossen<br>\nNationalfeiertag 01.08.2026 \u2013 Schule geschlossen\t\t\t\t\t\t\t\t<\/div>\n\t\t\t\t<\/div>\n\t\t\t\t<div class=\"elementor-element elementor-element-6a0b5da elementor-widget elementor-widget-text-editor\" data-id=\"6a0b5da\" data-element_type=\"widget\" data-e-type=\"widget\" data-widget_type=\"text-editor.default\">\n\t\t\t\t<div class=\"elementor-widget-container\">\n\t\t\t\t\t\t\t\t\t<span id=\"titlescontact\">Betriebsferien 2026\/2027:<\/span><br>\nKeine Kurse: 19.12.2026 &#8211; 03.01.2027<br>\n19.12.-27.12.2026 geschlossen<br>\n28.12.2026 \/ 10.00-19.00 Uhr<br>\n29.12.2026 \/ 10.00-19.00 Uhr<br>\n30.12.2026 \/ 10.00-19.00 Uhr<br>\n31.12.2026 \/ 8.00-13.30 Uhr<br>\nAb dem 04.01.2027 sind es wieder normale Arbeitszeiten.\t\t\t\t\t\t\t\t<\/div>\n\t\t\t\t<\/div>\n\t\t\t\t<div class=\"elementor-element elementor-element-9daa7ed elementor-hidden-widescreen elementor-hidden-desktop elementor-hidden-laptop elementor-hidden-tablet_extra elementor-hidden-tablet elementor-hidden-mobile_extra elementor-hidden-mobile elementor-widget elementor-widget-text-editor\" data-id=\"9daa7ed\" data-element_type=\"widget\" data-e-type=\"widget\" data-widget_type=\"text-editor.default\">\n\t\t\t\t<div class=\"elementor-widget-container\">\n\t\t\t\t\t\t\t\t\t<p><span id=\"titlescontact\">Betriebsferien 2025:<\/span><br \/>Keine Kurse: 20.12.2025 \u2013 04.01.2026<\/p>\t\t\t\t\t\t\t\t<\/div>\n\t\t\t\t<\/div>\n\t\t\t\t<div class=\"elementor-element elementor-element-76ec932 elementor-hidden-widescreen elementor-hidden-desktop elementor-hidden-laptop elementor-hidden-tablet_extra elementor-hidden-tablet elementor-hidden-mobile_extra elementor-hidden-mobile elementor-widget elementor-widget-text-editor\" data-id=\"76ec932\" data-element_type=\"widget\" data-e-type=\"widget\" data-widget_type=\"text-editor.default\">\n\t\t\t\t<div class=\"elementor-widget-container\">\n\t\t\t\t\t\t\t\t\t<span id=\"titlescontact\">Betriebsferien 2022:<\/span><br>\n24. 12. 2022 &#8211; 09.01.2023<br>\n<span id=\"titlescontact\">Sekretariat ge\u00f6ffnet vom 2.1. &#8211; 6.1.2023<\/span><br>\nMontag 02.01.23 9 &#8211; 17 Uhr<br>\nDienstag 03.01.23 9-19 Uhr<br>\nMittwoch 04.01.23 9-17 Uhr<br>\nDonnerstag 05.01.23 9-19 Uhr<br>\nFreitag 06.01.23 9-18.30 Uhr<br>\t\t\t\t\t\t\t\t<\/div>\n\t\t\t\t<\/div>\n\t\t\t\t<section class=\"elementor-section elementor-inner-section elementor-element elementor-element-db04841 elementor-section-boxed elementor-section-height-default elementor-section-height-default\" data-id=\"db04841\" data-element_type=\"section\" data-e-type=\"section\">\n\t\t\t\t\t\t<div class=\"elementor-container elementor-column-gap-default\">\n\t\t\t\t\t<div class=\"elementor-column elementor-col-50 elementor-inner-column elementor-element elementor-element-66a2a94\" data-id=\"66a2a94\" data-element_type=\"column\" data-e-type=\"column\" data-settings=\"{&quot;background_background&quot;:&quot;classic&quot;}\">\n\t\t\t<div class=\"elementor-widget-wrap elementor-element-populated\">\n\t\t\t\t\t\t<div class=\"elementor-element elementor-element-c94a78e elementor-button-align-start elementor-widget elementor-widget-form\" data-id=\"c94a78e\" data-element_type=\"widget\" data-e-type=\"widget\" data-settings=\"{&quot;step_next_label&quot;:&quot;Next&quot;,&quot;step_previous_label&quot;:&quot;Previous&quot;,&quot;button_width&quot;:&quot;100&quot;,&quot;step_type&quot;:&quot;number_text&quot;,&quot;step_icon_shape&quot;:&quot;circle&quot;}\" data-widget_type=\"form.default\">\n\t\t\t\t<div class=\"elementor-widget-container\">\n\t\t\t\t\t\t\t<form class=\"elementor-form\" method=\"post\" name=\"Kursplatz anfragen\" aria-label=\"Kursplatz anfragen\">\n\t\t\t<input type=\"hidden\" name=\"post_id\" value=\"75\"\/>\n\t\t\t<input type=\"hidden\" name=\"form_id\" value=\"c94a78e\"\/>\n\t\t\t<input type=\"hidden\" name=\"referer_title\" value=\"Kontaktieren Sie uns telefonisch oder f\u00fcllen Sie das Kontaktformular aus. - Hallo Deutschschule\" \/>\n\n\t\t\t\t\t\t\t<input type=\"hidden\" name=\"queried_id\" value=\"75\"\/>\n\t\t\t\n\t\t\t<div class=\"elementor-form-fields-wrapper elementor-labels-above\">\n\t\t\t\t\t\t\t\t<div class=\"elementor-field-type-text elementor-field-group elementor-column elementor-field-group-name elementor-col-100 elementor-field-required elementor-mark-required\">\n\t\t\t\t\t\t\t\t\t\t\t\t<label for=\"form-field-name\" class=\"elementor-field-label\">\n\t\t\t\t\t\t\t\tName\t\t\t\t\t\t\t<\/label>\n\t\t\t\t\t\t\t\t\t\t\t\t\t\t<input size=\"1\" type=\"text\" name=\"form_fields[name]\" id=\"form-field-name\" class=\"elementor-field elementor-size-sm  elementor-field-textual\" required=\"required\">\n\t\t\t\t\t\t\t\t\t\t\t<\/div>\n\t\t\t\t\t\t\t\t<div class=\"elementor-field-type-text elementor-field-group elementor-column elementor-field-group-vorname elementor-col-100 elementor-field-required elementor-mark-required\">\n\t\t\t\t\t\t\t\t\t\t\t\t<label for=\"form-field-vorname\" class=\"elementor-field-label\">\n\t\t\t\t\t\t\t\tVorname\t\t\t\t\t\t\t<\/label>\n\t\t\t\t\t\t\t\t\t\t\t\t\t\t<input size=\"1\" type=\"text\" name=\"form_fields[vorname]\" id=\"form-field-vorname\" class=\"elementor-field elementor-size-sm  elementor-field-textual\" required=\"required\">\n\t\t\t\t\t\t\t\t\t\t\t<\/div>\n\t\t\t\t\t\t\t\t<div class=\"elementor-field-type-email elementor-field-group elementor-column elementor-field-group-email elementor-col-100 elementor-field-required elementor-mark-required\">\n\t\t\t\t\t\t\t\t\t\t\t\t<label for=\"form-field-email\" class=\"elementor-field-label\">\n\t\t\t\t\t\t\t\tE-Mail-Adresse\t\t\t\t\t\t\t<\/label>\n\t\t\t\t\t\t\t\t\t\t\t\t\t\t<input size=\"1\" type=\"email\" name=\"form_fields[email]\" id=\"form-field-email\" class=\"elementor-field elementor-size-sm  elementor-field-textual\" required=\"required\">\n\t\t\t\t\t\t\t\t\t\t\t<\/div>\n\t\t\t\t\t\t\t\t<div class=\"elementor-field-type-tel elementor-field-group elementor-column elementor-field-group-tel elementor-col-100\">\n\t\t\t\t\t\t\t\t\t\t\t\t<label for=\"form-field-tel\" class=\"elementor-field-label\">\n\t\t\t\t\t\t\t\tTelefon oder Mobile-Nummer\t\t\t\t\t\t\t<\/label>\n\t\t\t\t\t\t\t\t<input size=\"1\" type=\"tel\" name=\"form_fields[tel]\" id=\"form-field-tel\" class=\"elementor-field elementor-size-sm  elementor-field-textual\" pattern=\"[0-9()#&amp;+*-=.]+\" title=\"Seuls les caract\u00e8res de num\u00e9ros de t\u00e9l\u00e9phone (#, -, *, etc.) sont accept\u00e9s.\">\n\n\t\t\t\t\t\t<\/div>\n\t\t\t\t\t\t\t\t<div class=\"elementor-field-type-text elementor-field-group elementor-column elementor-field-group-Subjekt elementor-col-100\">\n\t\t\t\t\t\t\t\t\t\t\t\t<label for=\"form-field-Subjekt\" class=\"elementor-field-label\">\n\t\t\t\t\t\t\t\tSubjekt\t\t\t\t\t\t\t<\/label>\n\t\t\t\t\t\t\t\t\t\t\t\t\t\t<input size=\"1\" type=\"text\" name=\"form_fields[Subjekt]\" id=\"form-field-Subjekt\" class=\"elementor-field elementor-size-sm  elementor-field-textual\">\n\t\t\t\t\t\t\t\t\t\t\t<\/div>\n\t\t\t\t\t\t\t\t<div class=\"elementor-field-type-select elementor-field-group elementor-column elementor-field-group-niveau elementor-col-20 elementor-field-required elementor-mark-required\">\n\t\t\t\t\t\t\t\t\t\t\t\t<label for=\"form-field-niveau\" class=\"elementor-field-label\">\n\t\t\t\t\t\t\t\tNiveau\t\t\t\t\t\t\t<\/label>\n\t\t\t\t\t\t\t\t<div class=\"elementor-field elementor-select-wrapper remove-before \">\n\t\t\t<div class=\"select-caret-down-wrapper\">\n\t\t\t\t<i aria-hidden=\"true\" class=\"eicon-caret-down\"><\/i>\t\t\t<\/div>\n\t\t\t<select name=\"form_fields[niveau]\" id=\"form-field-niveau\" class=\"elementor-field-textual elementor-size-sm\" required=\"required\">\n\t\t\t\t\t\t\t\t\t<option value=\"A1.1\">A1.1<\/option>\n\t\t\t\t\t\t\t\t\t<option value=\"A1.2\">A1.2<\/option>\n\t\t\t\t\t\t\t\t\t<option value=\"A1.3\">A1.3<\/option>\n\t\t\t\t\t\t\t\t\t<option value=\"A2.1\">A2.1<\/option>\n\t\t\t\t\t\t\t\t\t<option value=\"A2.2\">A2.2<\/option>\n\t\t\t\t\t\t\t\t\t<option value=\"A2.3\">A2.3<\/option>\n\t\t\t\t\t\t\t\t\t<option value=\"B1.1\">B1.1<\/option>\n\t\t\t\t\t\t\t\t\t<option value=\"B1.2\">B1.2<\/option>\n\t\t\t\t\t\t\t\t\t<option value=\"B1.3\">B1.3<\/option>\n\t\t\t\t\t\t\t\t\t<option value=\"B2.1\">B2.1<\/option>\n\t\t\t\t\t\t\t\t\t<option value=\"B2.2\">B2.2<\/option>\n\t\t\t\t\t\t\t\t\t<option value=\"B2.3\">B2.3<\/option>\n\t\t\t\t\t\t\t\t\t<option value=\"C1.1\">C1.1<\/option>\n\t\t\t\t\t\t\t\t\t<option value=\"C1.2\">C1.2<\/option>\n\t\t\t\t\t\t\t\t\t<option value=\"C1.3\">C1.3<\/option>\n\t\t\t\t\t\t\t\t\t<option value=\"\"><\/option>\n\t\t\t\t\t\t\t<\/select>\n\t\t<\/div>\n\t\t\t\t\t\t<\/div>\n\t\t\t\t\t\t\t\t<div class=\"elementor-field-type-textarea elementor-field-group elementor-column elementor-field-group-message elementor-col-100\">\n\t\t\t\t\t\t\t\t\t\t\t\t<label for=\"form-field-message\" class=\"elementor-field-label\">\n\t\t\t\t\t\t\t\tBemerkungen\t\t\t\t\t\t\t<\/label>\n\t\t\t\t\t\t<textarea class=\"elementor-field-textual elementor-field  elementor-size-sm\" name=\"form_fields[message]\" id=\"form-field-message\" rows=\"4\"><\/textarea>\t\t\t\t<\/div>\n\t\t\t\t\t\t\t\t<div class=\"elementor-field-type-recaptcha_v3 elementor-field-group elementor-column elementor-field-group-field_3368ed9 elementor-col-100 recaptcha_v3-bottomright\">\n\t\t\t\t\t<div class=\"elementor-field\" id=\"form-field-field_3368ed9\"><div class=\"elementor-g-recaptcha\" data-sitekey=\"6Lc_TJsUAAAAABhQeCUCt9EXq5zPsKUy5paiOFIE\" data-type=\"v3\" data-action=\"Form\" data-badge=\"bottomright\" data-size=\"invisible\"><\/div><\/div>\t\t\t\t<\/div>\n\t\t\t\t\t\t\t\t<div class=\"elementor-field-group elementor-column elementor-field-type-submit elementor-col-100 e-form__buttons\">\n\t\t\t\t\t<button class=\"elementor-button elementor-size-sm\" type=\"submit\">\n\t\t\t\t\t\t<span class=\"elementor-button-content-wrapper\">\n\t\t\t\t\t\t\t\t\t\t\t\t\t\t\t\t\t\t\t\t\t\t<span class=\"elementor-button-text\">Senden<\/span>\n\t\t\t\t\t\t\t\t\t\t\t\t\t<\/span>\n\t\t\t\t\t<\/button>\n\t\t\t\t<\/div>\n\t\t\t<\/div>\n\t\t<\/form>\n\t\t\t\t\t\t<\/div>\n\t\t\t\t<\/div>\n\t\t\t\t\t<\/div>\n\t\t<\/div>\n\t\t\t\t<div class=\"elementor-column elementor-col-50 elementor-inner-column elementor-element elementor-element-91dfac7\" data-id=\"91dfac7\" data-element_type=\"column\" data-e-type=\"column\">\n\t\t\t<div class=\"elementor-widget-wrap\">\n\t\t\t\t\t\t\t<\/div>\n\t\t<\/div>\n\t\t\t\t\t<\/div>\n\t\t<\/section>\n\t\t\t\t\t<\/div>\n\t\t<\/div>\n\t\t\t\t<div class=\"elementor-column elementor-col-50 elementor-top-column elementor-element elementor-element-7916cf5\" data-id=\"7916cf5\" data-element_type=\"column\" data-e-type=\"column\">\n\t\t\t<div class=\"elementor-widget-wrap elementor-element-populated\">\n\t\t\t\t\t\t<div class=\"elementor-element elementor-element-84ed1ff elementor-widget elementor-widget-text-editor\" data-id=\"84ed1ff\" data-element_type=\"widget\" data-e-type=\"widget\" data-widget_type=\"text-editor.default\">\n\t\t\t\t<div class=\"elementor-widget-container\">\n\t\t\t\t\t\t\t\t\t<p><\/p>\t\t\t\t\t\t\t\t<\/div>\n\t\t\t\t<\/div>\n\t\t\t\t<section class=\"elementor-section elementor-inner-section elementor-element elementor-element-2a8c469 elementor-section-boxed elementor-section-height-default elementor-section-height-default\" data-id=\"2a8c469\" data-element_type=\"section\" data-e-type=\"section\">\n\t\t\t\t\t\t<div class=\"elementor-container elementor-column-gap-default\">\n\t\t\t\t\t<div class=\"elementor-column elementor-col-100 elementor-inner-column elementor-element elementor-element-d66c959\" data-id=\"d66c959\" data-element_type=\"column\" data-e-type=\"column\" data-settings=\"{&quot;background_background&quot;:&quot;classic&quot;}\">\n\t\t\t<div class=\"elementor-widget-wrap elementor-element-populated\">\n\t\t\t\t\t\t<div class=\"elementor-element elementor-element-0abb3be elementor-widget elementor-widget-text-editor\" data-id=\"0abb3be\" data-element_type=\"widget\" data-e-type=\"widget\" data-widget_type=\"text-editor.default\">\n\t\t\t\t<div class=\"elementor-widget-container\">\n\t\t\t\t\t\t\t\t\t<p>Standort<\/p>\t\t\t\t\t\t\t\t<\/div>\n\t\t\t\t<\/div>\n\t\t\t\t<div class=\"elementor-element elementor-element-3ff131c elementor-widget elementor-widget-google_maps\" data-id=\"3ff131c\" data-element_type=\"widget\" data-e-type=\"widget\" data-widget_type=\"google_maps.default\">\n\t\t\t\t<div class=\"elementor-widget-container\">\n\t\t\t\t\t\t\t<div class=\"elementor-custom-embed\">\n\t\t\t<iframe loading=\"lazy\"\n\t\t\t\t\tsrc=\"https:\/\/www.google.com\/maps\/embed\/v1\/place?key=AIzaSyAqjvFVm2btz5HJB8-jDztdwZm3gJcH7OI&#038;q=Fabrikstrasse%2010%2C%20Zurich&#038;zoom=14\"\n\t\t\t\t\ttitle=\"Fabrikstrasse 10, Zurich\"\n\t\t\t\t\taria-label=\"Fabrikstrasse 10, Zurich\"\n\t\t\t><\/iframe>\n\t\t<\/div>\n\t\t\t\t\t\t<\/div>\n\t\t\t\t<\/div>\n\t\t\t\t<div class=\"elementor-element elementor-element-d36871c elementor-widget elementor-widget-text-editor\" data-id=\"d36871c\" data-element_type=\"widget\" data-e-type=\"widget\" data-widget_type=\"text-editor.default\">\n\t\t\t\t<div class=\"elementor-widget-container\">\n\t\t\t\t\t\t\t\t\tDie Deutschschule beim Limmatplatz\t\t\t\t\t\t\t\t<\/div>\n\t\t\t\t<\/div>\n\t\t\t\t<div class=\"elementor-element elementor-element-cda3344 elementor-widget elementor-widget-text-editor\" data-id=\"cda3344\" data-element_type=\"widget\" data-e-type=\"widget\" data-widget_type=\"text-editor.default\">\n\t\t\t\t<div class=\"elementor-widget-container\">\n\t\t\t\t\t\t\t\t\t<p>3 Tramstationen von Z\u00fcrich HB<\/p>\t\t\t\t\t\t\t\t<\/div>\n\t\t\t\t<\/div>\n\t\t\t\t\t<\/div>\n\t\t<\/div>\n\t\t\t\t\t<\/div>\n\t\t<\/section>\n\t\t\t\t\t<\/div>\n\t\t<\/div>\n\t\t\t\t\t<\/div>\n\t\t<\/section>\n\t\t\t\t<\/div>\n\t\t","protected":false},"excerpt":{"rendered":"<p>Kontakt 044 211 66 55 \u00d6ffnungszeiten Sekretariat:Montag bis Donnerstag08:15 \u2013 19:00 UhrFreitag, 08:15 \u2013 18:30 UhrSamstag, 09:00 \u2013 12:15 Uhr Gesetzliche Feiertage 2026: Karfreitag 03.04.2026 \u2013 Schule geschlossen Ostersamstag 04.04.2026 \u2013 Schule geschlossen Ostermontag 06.04.2026 \u2013 Schule geschlossen Tag der Arbeit 01.05.2026 \u2013 Schule geschlossen Br\u00fcckentag, 02.05.2026 \u2013 Schule geschlossen Auffahrt 14.05.2026 \u2013 Schule geschlossen [&hellip;]<\/p>\n","protected":false},"author":2,"featured_media":0,"parent":0,"menu_order":6,"comment_status":"closed","ping_status":"closed","template":"","meta":{"footnotes":""},"class_list":["post-75","page","type-page","status-publish","hentry"],"_links":{"self":[{"href":"https:\/\/hallodeutschschule.ch\/zh\/wp-json\/wp\/v2\/pages\/75","targetHints":{"allow":["GET"]}}],"collection":[{"href":"https:\/\/hallodeutschschule.ch\/zh\/wp-json\/wp\/v2\/pages"}],"about":[{"href":"https:\/\/hallodeutschschule.ch\/zh\/wp-json\/wp\/v2\/types\/page"}],"author":[{"embeddable":true,"href":"https:\/\/hallodeutschschule.ch\/zh\/wp-json\/wp\/v2\/users\/2"}],"replies":[{"embeddable":true,"href":"https:\/\/hallodeutschschule.ch\/zh\/wp-json\/wp\/v2\/comments?post=75"}],"version-history":[{"count":318,"href":"https:\/\/hallodeutschschule.ch\/zh\/wp-json\/wp\/v2\/pages\/75\/revisions"}],"predecessor-version":[{"id":49359,"href":"https:\/\/hallodeutschschule.ch\/zh\/wp-json\/wp\/v2\/pages\/75\/revisions\/49359"}],"wp:attachment":[{"href":"https:\/\/hallodeutschschule.ch\/zh\/wp-json\/wp\/v2\/media?parent=75"}],"curies":[{"name":"wp","href":"https:\/\/api.w.org\/{rel}","templated":true}]}}